{"id":722758,"date":"2025-08-27T19:08:37","date_gmt":"2025-08-27T16:08:37","guid":{"rendered":"https:\/\/roveyayinevi.com.tr\/index.php\/urun\/alintilar\/"},"modified":"2026-04-16T02:30:38","modified_gmt":"2026-04-15T23:30:38","slug":"alintilar","status":"publish","type":"product","link":"https:\/\/roveyayinevi.com.tr\/index.php\/urun\/alintilar\/","title":{"rendered":"Al\u0131nt\u0131lar"},"content":{"rendered":"<p>Al\u0131nt\u0131lar, yaz\u0131n\u0131m\u0131z\u0131n b\u00fcy\u00fck emek\u00e7ilerinden Tahsin Y\u00fccel imzal\u0131, zamanlar \u00fcst\u00fc bir kitap.Denemeci, romanc\u0131, ele\u015ftirmen, \u00e7evirmen, akademisyen Tahsin Y\u00fccel\u2019in k\u0131sa bir d\u00f6nemi kapsayan ama sesi ve yank\u0131s\u0131 bug\u00fcnlerde \u2018\u2019daha iyi\u2019\u2019 duyulan k\u00f6\u015fe yaz\u0131lar\u0131 Al\u0131nt\u0131lar.Tepeden dibe, herkesin \u00f6l\u00e7\u00fcs\u00fcz davrand\u0131\u011f\u0131, bu \u00f6l\u00e7\u00fcs\u00fczl\u00fc\u011f\u00fcnden utanmak bir kenara gurur duydu\u011fu bir \u00e7a\u011fda ya\u015f\u0131yoruz. \u2018\u2019\u00d6l\u00e7\u00fcn\u00fcn\u00fcn durdu\u011fu yerde her \u015fey her \u015feye d\u00f6n\u00fc\u015febilir\u2019\u2019 diyen Tahsin Y\u00fccel\u2019in kaleminden i\u00e7i bo\u015falm\u0131\u015f a\u015fk nitemlerinden g\u00f6\u00e7ebeli\u011fimize, g\u00f6ktenzembille inen k\u00fcreselle\u015fmeden \u00f6l\u00e7\u00fcy\u00fc ka\u00e7\u0131ran politikac\u0131lara, 90\u2019lar sonu T\u00fcrkiye\u2019sinde her yeri i\u015fgal eden \u2018\u2019yeni de\u011ferler\u2019\u2019den paraya ve elbette k\u00fclt\u00fcr, yaz\u0131n, dile dair g\u00fcncelli\u011fini asla yitirmeyecek yaz\u0131lar.<\/p>\n","protected":false},"excerpt":{"rendered":"<p>Al\u0131nt\u0131lar, yaz\u0131n\u0131m\u0131z\u0131n b\u00fcy\u00fck emek\u00e7ilerinden Tahsin Y\u00fccel imzal\u0131, zamanlar \u00fcst\u00fc bir kitap.Denemeci, romanc\u0131, ele\u015ftirmen, \u00e7evirmen, akademisyen Tahsin Y\u00fccel\u2019in k\u0131sa bir d\u00f6nemi kapsayan ama sesi ve yank\u0131s\u0131 bug\u00fcnlerde<span class=\"excerpt-hellip\"> [\u2026]<\/span><\/p>\n","protected":false},"featured_media":0,"template":"","meta":{"_monsterinsights_skip_tracking":false,"_monsterinsights_sitenote_active":false,"_monsterinsights_sitenote_note":"","_monsterinsights_sitenote_category":0},"product_brand":[],"product_cat":[13072,12291],"product_tag":[],"class_list":{"0":"post-722758","1":"product","2":"type-product","3":"status-publish","5":"product_cat-arastirma-inceleme-referans","6":"product_cat-edebiyat","7":"pa_cilt-ciltsiz","8":"pa_tur-kitap","9":"pa_yayinevi-kirmizi-kedi-yayinevi","10":"pa_yazar-tahsin-yucel","12":"first","13":"instock","14":"sale","15":"shipping-taxable","16":"purchasable","17":"product-type-simple"},"_links":{"self":[{"href":"https:\/\/roveyayinevi.com.tr\/index.php\/wp-json\/wp\/v2\/product\/722758","targetHints":{"allow":["GET"]}}],"collection":[{"href":"https:\/\/roveyayinevi.com.tr\/index.php\/wp-json\/wp\/v2\/product"}],"about":[{"href":"https:\/\/roveyayinevi.com.tr\/index.php\/wp-json\/wp\/v2\/types\/product"}],"wp:attachment":[{"href":"https:\/\/roveyayinevi.com.tr\/index.php\/wp-json\/wp\/v2\/media?parent=722758"}],"wp:term":[{"taxonomy":"product_brand","embeddable":true,"href":"https:\/\/roveyayinevi.com.tr\/index.php\/wp-json\/wp\/v2\/product_brand?post=722758"},{"taxonomy":"product_cat","embeddable":true,"href":"https:\/\/roveyayinevi.com.tr\/index.php\/wp-json\/wp\/v2\/product_cat?post=722758"},{"taxonomy":"product_tag","embeddable":true,"href":"https:\/\/roveyayinevi.com.tr\/index.php\/wp-json\/wp\/v2\/product_tag?post=722758"}],"curies":[{"name":"wp","href":"https:\/\/api.w.org\/{rel}","templated":true}]}}