{"id":722756,"date":"2025-08-27T19:08:35","date_gmt":"2025-08-27T16:08:35","guid":{"rendered":"https:\/\/roveyayinevi.com.tr\/index.php\/urun\/gunesi-sondurmem-gerek-2-ciltli\/"},"modified":"2026-04-16T02:30:37","modified_gmt":"2026-04-15T23:30:37","slug":"gunesi-sondurmem-gerek-2-ciltli","status":"publish","type":"product","link":"https:\/\/roveyayinevi.com.tr\/index.php\/urun\/gunesi-sondurmem-gerek-2-ciltli\/","title":{"rendered":"G\u00fcne\u015fi S\u00f6nd\u00fcrmem Gerek 2 (Ciltli)"},"content":{"rendered":"<p>E\u011fer s\u00f6nd\u00fcr\u00fclmesi gerekiyorsa g\u00fcne\u015fin, ac\u0131ma s\u00f6nd\u00fcr. \u00c7\u00fcnk\u00fc o ac\u0131maz, yakar seni.Her \u015fey d\u00fczeldi derken Kerem ve Ak\u0131n&#8217;dan duyduklar\u0131yla kendini yeni bir enkaz\u0131n ortas\u0131nda bulan Umut, zor bir karar\u0131n e\u015fi\u011findedir. Yoluna, bir se\u00e7im yaparak devam etmek zorundad\u0131r.Kabu\u015f etmesi g\u00fc\u00e7 ger\u00e7eklerin pe\u015fine d\u00fc\u015ft\u00fc\u011f\u00fcnde yine yan\u0131nda en yak\u0131n arkada\u015f\u0131 G\u00f6ktu\u011f vard\u0131r.Kim taraf\u0131ndan g\u00f6nderildi\u011fi bilinmeyen mailler ve foto\u011fraflar\u0131n da pe\u015fine d\u00fc\u015fen Umut, yine hayat\u0131n\u0131 t\u00fcm\u00fcyle de\u011fi\u015ftirecek bir tak\u0131m ger\u00e7ekleri \u00f6nerir.Her y\u0131k\u0131mdan sonra yeniden aya\u011fa kalkmay\u0131 ba\u015farsa da bu kez durum, san\u0131ld\u0131\u011f\u0131ndan \u00e7ok farkl\u0131 olacakt\u0131r.A\u015fk\u0131n ve vicdan\u0131n m\u00fccadelesinde kazanan kim olacak?G\u00f6ky\u00fcz\u00fc, y\u0131ld\u0131zlar\u0131 parlas\u0131n diye g\u00fcne\u015fi karanl\u0131\u011f\u0131yla \u00f6ld\u00fcrd\u00fc. G\u00fcne\u015f ise bir daha do\u011fmamak \u00fczere veda etti a\u015f\u0131k oldu\u011fu g\u00f6ky\u00fcz\u00fcne.<\/p>\n","protected":false},"excerpt":{"rendered":"<p>E\u011fer s\u00f6nd\u00fcr\u00fclmesi gerekiyorsa g\u00fcne\u015fin, ac\u0131ma s\u00f6nd\u00fcr. \u00c7\u00fcnk\u00fc o ac\u0131maz, yakar seni.Her \u015fey d\u00fczeldi derken Kerem ve Ak\u0131n&#8217;dan duyduklar\u0131yla kendini yeni bir enkaz\u0131n ortas\u0131nda bulan Umut, zor<span class=\"excerpt-hellip\"> [\u2026]<\/span><\/p>\n","protected":false},"featured_media":0,"template":"","meta":{"_monsterinsights_skip_tracking":false,"_monsterinsights_sitenote_active":false,"_monsterinsights_sitenote_note":"","_monsterinsights_sitenote_category":0},"product_brand":[],"product_cat":[12291,12711],"product_tag":[],"class_list":{"0":"post-722756","1":"product","2":"type-product","3":"status-publish","5":"product_cat-edebiyat","6":"product_cat-roman-oyku","7":"pa_cilt-ciltli","8":"pa_tur-kitap","9":"pa_yayinevi-ephesus-yayinlari","10":"pa_yazar-emre-gul","12":"first","13":"instock","14":"sale","15":"shipping-taxable","16":"purchasable","17":"product-type-simple"},"_links":{"self":[{"href":"https:\/\/roveyayinevi.com.tr\/index.php\/wp-json\/wp\/v2\/product\/722756","targetHints":{"allow":["GET"]}}],"collection":[{"href":"https:\/\/roveyayinevi.com.tr\/index.php\/wp-json\/wp\/v2\/product"}],"about":[{"href":"https:\/\/roveyayinevi.com.tr\/index.php\/wp-json\/wp\/v2\/types\/product"}],"wp:attachment":[{"href":"https:\/\/roveyayinevi.com.tr\/index.php\/wp-json\/wp\/v2\/media?parent=722756"}],"wp:term":[{"taxonomy":"product_brand","embeddable":true,"href":"https:\/\/roveyayinevi.com.tr\/index.php\/wp-json\/wp\/v2\/product_brand?post=722756"},{"taxonomy":"product_cat","embeddable":true,"href":"https:\/\/roveyayinevi.com.tr\/index.php\/wp-json\/wp\/v2\/product_cat?post=722756"},{"taxonomy":"product_tag","embeddable":true,"href":"https:\/\/roveyayinevi.com.tr\/index.php\/wp-json\/wp\/v2\/product_tag?post=722756"}],"curies":[{"name":"wp","href":"https:\/\/api.w.org\/{rel}","templated":true}]}}