{"id":722753,"date":"2025-08-27T19:08:33","date_gmt":"2025-08-27T16:08:33","guid":{"rendered":"https:\/\/roveyayinevi.com.tr\/index.php\/urun\/elif-ciltli\/"},"modified":"2026-04-16T02:30:37","modified_gmt":"2026-04-15T23:30:37","slug":"elif-ciltli","status":"publish","type":"product","link":"https:\/\/roveyayinevi.com.tr\/index.php\/urun\/elif-ciltli\/","title":{"rendered":"Elif (Ciltli)"},"content":{"rendered":"<p>\u00c7ocuklar\u0131m\u0131z\u0131n g\u00fcnl\u00fck ya\u015famlar\u0131nda kazanmas\u0131 gereken deneyimleri hik\u00e2yelerle anlatan e\u011flenceli bir seriyle tan\u0131\u015fma vakti.Elif;A\u011fa\u00e7 dikiyorTelefon numaras\u0131n\u0131 ezberliyorKarde\u015fini \u00e7ok seviyorResim yap\u0131yorDoktor olmak istiyorHik\u00e2yeleri ile \u00e7ocuklar\u0131m\u0131z, bir\u00e7ok g\u00fczel davran\u0131\u015f\u0131 kazanmaya ad\u0131m atacaklar. Hik\u00e2ye sonlar\u0131nda bulunan mini mini etkinlikler ile e\u011flenerek \u00f6\u011frenece\u011fiz.\u015eimdi Elif ile \u00e7ocuklar\u0131m\u0131z\u0131n geli\u015fimine katk\u0131 sa\u011flama zaman\u0131!<\/p>\n","protected":false},"excerpt":{"rendered":"<p>\u00c7ocuklar\u0131m\u0131z\u0131n g\u00fcnl\u00fck ya\u015famlar\u0131nda kazanmas\u0131 gereken deneyimleri hik\u00e2yelerle anlatan e\u011flenceli bir seriyle tan\u0131\u015fma vakti.Elif;A\u011fa\u00e7 dikiyorTelefon numaras\u0131n\u0131 ezberliyorKarde\u015fini \u00e7ok seviyorResim yap\u0131yorDoktor olmak istiyorHik\u00e2yeleri ile \u00e7ocuklar\u0131m\u0131z, bir\u00e7ok g\u00fczel davran\u0131\u015f\u0131<span class=\"excerpt-hellip\"> [\u2026]<\/span><\/p>\n","protected":false},"featured_media":0,"template":"","meta":{"_monsterinsights_skip_tracking":false,"_monsterinsights_sitenote_active":false,"_monsterinsights_sitenote_note":"","_monsterinsights_sitenote_category":0},"product_brand":[],"product_cat":[12274,12284],"product_tag":[],"class_list":{"0":"post-722753","1":"product","2":"type-product","3":"status-publish","5":"product_cat-cocuk-ve-genclik-kitaplari","6":"product_cat-hikayeler","7":"pa_cilt-ciltli","8":"pa_tur-kitap","9":"pa_yayinevi-bicirik-yayinlari","10":"pa_yazar-sebnem-guler-karacan","12":"first","13":"instock","14":"sale","15":"shipping-taxable","16":"purchasable","17":"product-type-simple"},"_links":{"self":[{"href":"https:\/\/roveyayinevi.com.tr\/index.php\/wp-json\/wp\/v2\/product\/722753","targetHints":{"allow":["GET"]}}],"collection":[{"href":"https:\/\/roveyayinevi.com.tr\/index.php\/wp-json\/wp\/v2\/product"}],"about":[{"href":"https:\/\/roveyayinevi.com.tr\/index.php\/wp-json\/wp\/v2\/types\/product"}],"wp:attachment":[{"href":"https:\/\/roveyayinevi.com.tr\/index.php\/wp-json\/wp\/v2\/media?parent=722753"}],"wp:term":[{"taxonomy":"product_brand","embeddable":true,"href":"https:\/\/roveyayinevi.com.tr\/index.php\/wp-json\/wp\/v2\/product_brand?post=722753"},{"taxonomy":"product_cat","embeddable":true,"href":"https:\/\/roveyayinevi.com.tr\/index.php\/wp-json\/wp\/v2\/product_cat?post=722753"},{"taxonomy":"product_tag","embeddable":true,"href":"https:\/\/roveyayinevi.com.tr\/index.php\/wp-json\/wp\/v2\/product_tag?post=722753"}],"curies":[{"name":"wp","href":"https:\/\/api.w.org\/{rel}","templated":true}]}}