{"id":722748,"date":"2025-08-27T19:08:29","date_gmt":"2025-08-27T16:08:29","guid":{"rendered":"https:\/\/roveyayinevi.com.tr\/index.php\/urun\/yalanci-portakal\/"},"modified":"2026-04-16T02:30:37","modified_gmt":"2026-04-15T23:30:37","slug":"yalanci-portakal","status":"publish","type":"product","link":"https:\/\/roveyayinevi.com.tr\/index.php\/urun\/yalanci-portakal\/","title":{"rendered":"Yalanc\u0131 Portakal"},"content":{"rendered":"<p>\u00c7ocuk ve gen\u00e7lik edebiyat\u0131m\u0131z\u0131n \u00fcretken kalemi Miyase Sertbarut\u2019tan, hayallerini yalan \u00fczerine kuran k\u00fc\u00e7\u00fck bir k\u0131z \u00e7ocu\u011funun s\u00fcrprizlerle dolu olgunla\u015fma hikayesi\u2026Yedi ya\u015f\u0131ndayken ailesinden ayr\u0131larak halas\u0131 ile birlikte ya\u015famak zorunda kalan Elif\u2019e hayat pek de adil davranm\u0131yor. Daha annesinin sevgisine doyamam\u0131\u015fken ya\u015fad\u0131\u011f\u0131 kenti, karde\u015flerini, \u00e7ok sevdi\u011fi dut a\u011fac\u0131n\u0131 geride b\u0131rakarak evinden kilometrelerce uzakl\u0131ktaki Sevdilli k\u00f6y\u00fcnde yeni bir hayata ba\u015flayan Elif\u2019i zor g\u00fcnler bekliyor.\u0130htiyac\u0131 olan anne \u015fefkatini halas\u0131n\u0131n kollar\u0131nda ve yatalak babaannesinin g\u00f6zlerinde arayan Elif, teselliyi yalanc\u0131 bir portakal a\u011fac\u0131nda buluyor. Do\u011fdu\u011fu, b\u00fcy\u00fcd\u00fc\u011f\u00fc yere hi\u00e7 benzemeyen bu k\u00f6ye kolay yoldan ayak uydurabilmek i\u00e7in \u00e7ocuk i\u015fi bir oyuna ba\u015fvuran kahraman\u0131m\u0131z yalan s\u00f6ylemeye kendini fazla kapt\u0131r\u0131nca ister istemez yalanc\u0131 bir cennetin kuca\u011f\u0131na d\u00fc\u015f\u00fcyor. Oysa kalbinde s\u0131n\u0131rs\u0131z hayaller ve vaatler bar\u0131nd\u0131ran bu cennet onu b\u00fcy\u00fck tehlikelere s\u00fcr\u00fcklemeye haz\u0131rlan\u0131yor\u2026Yalanc\u0131 Portakal, okurlar\u0131n\u0131, yalan\u0131n bir ka\u00e7\u0131\u015f m\u0131 yoksa bir kurtulu\u015f mu oldu\u011fu \u00fczerine d\u00fc\u015f\u00fcnd\u00fcr\u00fcrken, ruhlar\u0131n\u0131n derinliklerinde pusuda yatan yalanc\u0131 portakalla y\u00fczle\u015fmeye \u00e7a\u011f\u0131r\u0131yor. B\u00fct\u00fcn \u00e7ocuklar\u0131n d\u00fcnyas\u0131nda yalan ile hayalin birbirine kar\u0131\u015ft\u0131\u011f\u0131n\u0131 savunan yazar, edebiyatseverleri, ac\u0131yla tatl\u0131n\u0131n bir arada sunuldu\u011fu doyumsuz bir hayal sofras\u0131na davet ediyor.Yoksa siz hala i\u00e7inizdeki yalanc\u0131 portakalla tan\u0131\u015fmad\u0131n\u0131z m\u0131?<\/p>\n","protected":false},"excerpt":{"rendered":"<p>\u00c7ocuk ve gen\u00e7lik edebiyat\u0131m\u0131z\u0131n \u00fcretken kalemi Miyase Sertbarut\u2019tan, hayallerini yalan \u00fczerine kuran k\u00fc\u00e7\u00fck bir k\u0131z \u00e7ocu\u011funun s\u00fcrprizlerle dolu olgunla\u015fma hikayesi\u2026Yedi ya\u015f\u0131ndayken ailesinden ayr\u0131larak halas\u0131 ile birlikte<span class=\"excerpt-hellip\"> [\u2026]<\/span><\/p>\n","protected":false},"featured_media":0,"template":"","meta":{"_monsterinsights_skip_tracking":false,"_monsterinsights_sitenote_active":false,"_monsterinsights_sitenote_note":"","_monsterinsights_sitenote_category":0},"product_brand":[],"product_cat":[12275,12274],"product_tag":[],"class_list":{"0":"post-722748","1":"product","2":"type-product","3":"status-publish","5":"product_cat-6-12-yas-kitaplari","6":"product_cat-cocuk-ve-genclik-kitaplari","7":"pa_cilt-ciltsiz","8":"pa_tur-kitap","9":"pa_yayinevi-tudem-yayinlari","10":"pa_yazar-miyase-sertbarut","12":"first","13":"instock","14":"sale","15":"shipping-taxable","16":"purchasable","17":"product-type-simple"},"_links":{"self":[{"href":"https:\/\/roveyayinevi.com.tr\/index.php\/wp-json\/wp\/v2\/product\/722748","targetHints":{"allow":["GET"]}}],"collection":[{"href":"https:\/\/roveyayinevi.com.tr\/index.php\/wp-json\/wp\/v2\/product"}],"about":[{"href":"https:\/\/roveyayinevi.com.tr\/index.php\/wp-json\/wp\/v2\/types\/product"}],"wp:attachment":[{"href":"https:\/\/roveyayinevi.com.tr\/index.php\/wp-json\/wp\/v2\/media?parent=722748"}],"wp:term":[{"taxonomy":"product_brand","embeddable":true,"href":"https:\/\/roveyayinevi.com.tr\/index.php\/wp-json\/wp\/v2\/product_brand?post=722748"},{"taxonomy":"product_cat","embeddable":true,"href":"https:\/\/roveyayinevi.com.tr\/index.php\/wp-json\/wp\/v2\/product_cat?post=722748"},{"taxonomy":"product_tag","embeddable":true,"href":"https:\/\/roveyayinevi.com.tr\/index.php\/wp-json\/wp\/v2\/product_tag?post=722748"}],"curies":[{"name":"wp","href":"https:\/\/api.w.org\/{rel}","templated":true}]}}