{"id":722746,"date":"2025-08-27T19:08:27","date_gmt":"2025-08-27T16:08:27","guid":{"rendered":"https:\/\/roveyayinevi.com.tr\/index.php\/urun\/iki-ayri-tutku\/"},"modified":"2026-04-16T02:30:37","modified_gmt":"2026-04-15T23:30:37","slug":"iki-ayri-tutku","status":"publish","type":"product","link":"https:\/\/roveyayinevi.com.tr\/index.php\/urun\/iki-ayri-tutku\/","title":{"rendered":"\u0130ki Ayr\u0131 Tutku"},"content":{"rendered":"<p>Ba\u011f\u0131ml\u0131l\u0131k ili\u015fkiyi s\u00fcrd\u00fcrmek i\u00e7in kendin olmaktan vazge\u00e7mek demektir. G\u00f6rebilece\u011fin her t\u00fcrl\u00fc zarara ra\u011fmen bu durumu s\u00fcrd\u00fcr\u00fcrs\u00fcn. Sertap Yar kitab\u0131nda bunu en a\u00e7\u0131k \u015fekilde anlatm\u0131\u015f.Alkol ve a\u015fk ba\u011f\u0131ml\u0131l\u0131\u011f\u0131n\u0131n yaratt\u0131\u011f\u0131 \u00e7at\u0131\u015fmalar\u0131, \u00e7ekilen ac\u0131y\u0131, sosyal \u00e7evrenin etkilerini. G\u00fczel bir ba\u011f\u0131ml\u0131l\u0131k hikayesi olmu\u015f.Psikolog Deniz Erg\u00fclO Anday\u0131z i\u015fte!Ayn\u0131 soyad\u0131n\u0131 ta\u015f\u0131d\u0131\u011f\u0131m bir ba\u015fka yazara denk gelmemi\u015ftim O\u2019nu okuyana kadar. Ama yazarl\u0131k ser\u00fcveninde ald\u0131\u011f\u0131 mesafenin ne denli h\u0131zl\u0131 bir o kadar da bilgece oldu\u011funa tan\u0131kl\u0131k edebilirim\u2026\u0130lk \u015fiirlerinden ba\u015flayarak, deneme ve giderek romana savrulan ya\u015fam tan\u0131kl\u0131\u011f\u0131n\u0131 her ge\u00e7en g\u00fcn yakas\u0131 a\u00e7\u0131lmad\u0131k metaforlarla zenginle\u015ftirdi Sertap Yar. Ve bu zenginlik bir anlamda bilgeli\u011fi de okuruna do\u011fru akan bir co\u015fkun \u0131rma\u011fa d\u00f6n\u00fc\u015ft\u00fcrd\u00fc\u2026Sertap bu son ekininde, a\u00e7\u0131k\u00e7as\u0131 sadece okuyan\u0131 de\u011fil kendini de \u015fa\u015f\u0131rtm\u0131\u015f olmal\u0131. Kurgu d\u00fcnyada nefes alabilmek, oksijensiz kalmak riskiyle el ele y\u00fcr\u00fcr genelde. Kendini ve okurunu oksijeni bol olan bir evrene \u00e7ekerek, o kurgusal evrenin boyutlar\u0131 hakk\u0131nda da ipu\u00e7lar\u0131 veriyor yazar\u2026Kendi \u00e7a\u011f\u0131n\u0131n ve duygular\u0131n\u0131n tan\u0131kl\u0131\u011f\u0131ndan ziyade ba\u015fka ruhlarda alabildi\u011fine vadiler a\u00e7\u0131yor okuru i\u00e7in. Gezilmesi, belle\u011fe al\u0131nmas\u0131 ve gelece\u011fin bir yerinde olmas\u0131 gereken vadiler bunlar\u2026Ka\u00e7\u0131r\u0131lmayacak bir gezintiye \u00e7a\u011fr\u0131s\u0131 ikinci bask\u0131da iyiden iyiye belli ediyor kendini. A\u00e7\u0131k\u00e7as\u0131 her okuyu\u015fumda beni \u015fa\u015f\u0131rtan bir g\u00f6n\u00fcl bilgesiyle kar\u015f\u0131 kar\u015f\u0131yay\u0131m\u2026Oysa \u201cBilgelik \u00e7\u00fcr\u00fcmenin ba\u015flang\u0131c\u0131d\u0131r\u201d der bir filozof. Asl\u0131nda gelinen noktan\u0131n; \u201c\u00fcr\u00fcmenin bitti\u011fi s\u0131n\u0131r ta\u015f\u0131\u201d oldu\u011funu \u00f6\u011frenmenin zaman\u0131 de\u011fil midir? Tam da o anday\u0131z i\u015fte! Mesut YarBa\u011f\u0131ml\u0131l\u0131klar, sosyal psikolojik yap\u0131m\u0131zda d\u00fczensizlikler ya\u015fatt\u0131klar\u0131 zaman hastal\u0131k kabul edilir. Alkol gibi bir madde i\u00e7inde, herhangi bir davran\u0131\u015f i\u00e7inde b\u00f6yledir. Sertap Yar alkol\u00fcn yaratt\u0131\u011f\u0131 sosyal ve psikolojik y\u0131k\u0131m\u0131 i\u015flerken bir davran\u0131\u015f ba\u011f\u0131ml\u0131l\u0131\u011f\u0131 olan A\u015fk\u2019\u0131n yaratt\u0131\u011f\u0131 d\u00fczensizlikleri de birlikte harmanl\u0131yor. Hem de ilk sat\u0131rlar\u0131ndan son sat\u0131r\u0131na kadar, merakla heyecanla elden b\u0131rakmadan h\u0131zla okutuyor \u201c\u0130ki Ayr\u0131 Tutku\u201d yap\u0131t\u0131n\u0131.Prof. Dr. Mansur Beyazy\u00fcrekRuh Sa\u011fl\u0131\u011f\u0131 ve Hastal\u0131klar\u0131 Uzman\u0131<\/p>\n","protected":false},"excerpt":{"rendered":"<p>Ba\u011f\u0131ml\u0131l\u0131k ili\u015fkiyi s\u00fcrd\u00fcrmek i\u00e7in kendin olmaktan vazge\u00e7mek demektir. G\u00f6rebilece\u011fin her t\u00fcrl\u00fc zarara ra\u011fmen bu durumu s\u00fcrd\u00fcr\u00fcrs\u00fcn. Sertap Yar kitab\u0131nda bunu en a\u00e7\u0131k \u015fekilde anlatm\u0131\u015f.Alkol ve a\u015fk<span class=\"excerpt-hellip\"> [\u2026]<\/span><\/p>\n","protected":false},"featured_media":0,"template":"","meta":{"_monsterinsights_skip_tracking":false,"_monsterinsights_sitenote_active":false,"_monsterinsights_sitenote_note":"","_monsterinsights_sitenote_category":0},"product_brand":[],"product_cat":[12291,12711],"product_tag":[],"class_list":{"0":"post-722746","1":"product","2":"type-product","3":"status-publish","5":"product_cat-edebiyat","6":"product_cat-roman-oyku","7":"pa_cilt-ciltsiz","8":"pa_tur-kitap","9":"pa_yayinevi-perseus","10":"pa_yazar-sertap-yar","12":"first","13":"instock","14":"sale","15":"shipping-taxable","16":"purchasable","17":"product-type-simple"},"_links":{"self":[{"href":"https:\/\/roveyayinevi.com.tr\/index.php\/wp-json\/wp\/v2\/product\/722746","targetHints":{"allow":["GET"]}}],"collection":[{"href":"https:\/\/roveyayinevi.com.tr\/index.php\/wp-json\/wp\/v2\/product"}],"about":[{"href":"https:\/\/roveyayinevi.com.tr\/index.php\/wp-json\/wp\/v2\/types\/product"}],"wp:attachment":[{"href":"https:\/\/roveyayinevi.com.tr\/index.php\/wp-json\/wp\/v2\/media?parent=722746"}],"wp:term":[{"taxonomy":"product_brand","embeddable":true,"href":"https:\/\/roveyayinevi.com.tr\/index.php\/wp-json\/wp\/v2\/product_brand?post=722746"},{"taxonomy":"product_cat","embeddable":true,"href":"https:\/\/roveyayinevi.com.tr\/index.php\/wp-json\/wp\/v2\/product_cat?post=722746"},{"taxonomy":"product_tag","embeddable":true,"href":"https:\/\/roveyayinevi.com.tr\/index.php\/wp-json\/wp\/v2\/product_tag?post=722746"}],"curies":[{"name":"wp","href":"https:\/\/api.w.org\/{rel}","templated":true}]}}