{"id":722745,"date":"2025-08-27T19:08:26","date_gmt":"2025-08-27T16:08:26","guid":{"rendered":"https:\/\/roveyayinevi.com.tr\/index.php\/urun\/medeniyet\/"},"modified":"2026-04-16T02:30:37","modified_gmt":"2026-04-15T23:30:37","slug":"medeniyet","status":"publish","type":"product","link":"https:\/\/roveyayinevi.com.tr\/index.php\/urun\/medeniyet\/","title":{"rendered":"Medeniyet"},"content":{"rendered":"<p>Haf\u0131zalardan silinmeye y\u00fcz tutmu\u015f zamanlar\u0131n, enkaz alt\u0131nda kalan miras\u0131n\u0131, ate\u015f ve \u00f6l\u00fcmle temizleme zaman\u0131yd\u0131. Ve k\u00f6rle\u015fmi\u015f vicdanlar\u0131n a\u00e7t\u0131\u011f\u0131 yaralar\u0131 sarma zaman\u0131\u2026 Putla\u015ft\u0131rd\u0131\u011f\u0131 din adamlar\u0131n\u0131 ve insano\u011flunu \u00e7\u0131kmazlar\u0131n i\u00e7ine s\u00fcr\u00fckleyen egemenleri kutsarken, i\u011frendi\u011fi b\u00fct\u00fcn pisliklere daha da bat\u0131yordu insanl\u0131k, kirleniyordu&#8230; B\u00fct\u00fcn tenlere \u015fehirlerin kirli kokusu siniyordu. Art\u0131k ya\u015famak imk\u00e2ns\u0131zd\u0131. \u0130nsano\u011flu ya tamamen yok olmal\u0131yd\u0131 ya da ar\u0131n\u0131p yeni bir Medeniyet kurmal\u0131yd\u0131.\u201c\u00d6l\u00fcmler olmas\u0131n istiyoruz ama \u00f6l\u00fcmler hep olacak. Sava\u015flar olmas\u0131n diyoruz ama sava\u015flar da hep olacak. H\u00fckm\u00fcm\u00fcz\u00fcn sorgulanmas\u0131ndan korkuyoruz, oysaki h\u00fckm\u00fcm\u00fcz hep sorgulanacak. Biz s\u0131radan birer \u00e7ift\u00e7i, sanat\u00e7\u0131, hizmet\u00e7i veya t\u00fcccar de\u011filiz. Biz atalar\u0131m\u0131z\u0131n bize b\u0131rakt\u0131\u011f\u0131 tac\u0131n varisleriyiz.\u201d<\/p>\n","protected":false},"excerpt":{"rendered":"<p>Haf\u0131zalardan silinmeye y\u00fcz tutmu\u015f zamanlar\u0131n, enkaz alt\u0131nda kalan miras\u0131n\u0131, ate\u015f ve \u00f6l\u00fcmle temizleme zaman\u0131yd\u0131. Ve k\u00f6rle\u015fmi\u015f vicdanlar\u0131n a\u00e7t\u0131\u011f\u0131 yaralar\u0131 sarma zaman\u0131\u2026 Putla\u015ft\u0131rd\u0131\u011f\u0131 din adamlar\u0131n\u0131 ve insano\u011flunu<span class=\"excerpt-hellip\"> [\u2026]<\/span><\/p>\n","protected":false},"featured_media":0,"template":"","meta":{"_monsterinsights_skip_tracking":false,"_monsterinsights_sitenote_active":false,"_monsterinsights_sitenote_note":"","_monsterinsights_sitenote_category":0},"product_brand":[],"product_cat":[12291,12711],"product_tag":[],"class_list":{"0":"post-722745","1":"product","2":"type-product","3":"status-publish","5":"product_cat-edebiyat","6":"product_cat-roman-oyku","7":"pa_cilt-ciltsiz","8":"pa_tur-kitap","9":"pa_yayinevi-perseus","10":"pa_yazar-kamil-koc","12":"first","13":"instock","14":"sale","15":"shipping-taxable","16":"purchasable","17":"product-type-simple"},"_links":{"self":[{"href":"https:\/\/roveyayinevi.com.tr\/index.php\/wp-json\/wp\/v2\/product\/722745","targetHints":{"allow":["GET"]}}],"collection":[{"href":"https:\/\/roveyayinevi.com.tr\/index.php\/wp-json\/wp\/v2\/product"}],"about":[{"href":"https:\/\/roveyayinevi.com.tr\/index.php\/wp-json\/wp\/v2\/types\/product"}],"wp:attachment":[{"href":"https:\/\/roveyayinevi.com.tr\/index.php\/wp-json\/wp\/v2\/media?parent=722745"}],"wp:term":[{"taxonomy":"product_brand","embeddable":true,"href":"https:\/\/roveyayinevi.com.tr\/index.php\/wp-json\/wp\/v2\/product_brand?post=722745"},{"taxonomy":"product_cat","embeddable":true,"href":"https:\/\/roveyayinevi.com.tr\/index.php\/wp-json\/wp\/v2\/product_cat?post=722745"},{"taxonomy":"product_tag","embeddable":true,"href":"https:\/\/roveyayinevi.com.tr\/index.php\/wp-json\/wp\/v2\/product_tag?post=722745"}],"curies":[{"name":"wp","href":"https:\/\/api.w.org\/{rel}","templated":true}]}}