{"id":722743,"date":"2025-08-27T19:08:24","date_gmt":"2025-08-27T16:08:24","guid":{"rendered":"https:\/\/roveyayinevi.com.tr\/index.php\/urun\/degirmen-9\/"},"modified":"2026-04-08T02:38:11","modified_gmt":"2026-04-07T23:38:11","slug":"degirmen-9","status":"publish","type":"product","link":"https:\/\/roveyayinevi.com.tr\/index.php\/urun\/degirmen-9\/","title":{"rendered":"De\u011firmen"},"content":{"rendered":"<p>Hi\u00e7 sen bir su de\u011firmeninin i\u00e7ini dola\u015ft\u0131n m\u0131 ada\u015f\u0131m?..G\u00f6r\u00fclecek \u015feydir o&#8230; Yamulmu\u015f duvarlar, tavana yak\u0131n ufac\u0131k pencereler ve kal\u0131n kalaslar\u0131n \u00fcst\u00fcnde simsiyah bir \u00e7at\u0131&#8230;Ben \u00e7ok eskiden b\u00f6yle bir de\u011firmen g\u00f6rm\u00fc\u015ft\u00fcm ada\u015f\u0131m, ama bir daha g\u00f6rmek istemem.<\/p>\n","protected":false},"excerpt":{"rendered":"<p>Hi\u00e7 sen bir su de\u011firmeninin i\u00e7ini dola\u015ft\u0131n m\u0131 ada\u015f\u0131m?..G\u00f6r\u00fclecek \u015feydir o&#8230; Yamulmu\u015f duvarlar, tavana yak\u0131n ufac\u0131k pencereler ve kal\u0131n kalaslar\u0131n \u00fcst\u00fcnde simsiyah bir \u00e7at\u0131&#8230;Ben \u00e7ok eskiden<span class=\"excerpt-hellip\"> [\u2026]<\/span><\/p>\n","protected":false},"featured_media":0,"template":"","meta":{"_monsterinsights_skip_tracking":false,"_monsterinsights_sitenote_active":false,"_monsterinsights_sitenote_note":"","_monsterinsights_sitenote_category":0},"product_brand":[],"product_cat":[12291,12711],"product_tag":[],"class_list":{"0":"post-722743","1":"product","2":"type-product","3":"status-publish","5":"product_cat-edebiyat","6":"product_cat-roman-oyku","7":"pa_cilt-ciltsiz","8":"pa_tur-kitap","9":"pa_yayinevi-the-roman","10":"pa_yazar-sabahattin-ali","12":"first","13":"instock","14":"sale","15":"shipping-taxable","16":"purchasable","17":"product-type-simple"},"_links":{"self":[{"href":"https:\/\/roveyayinevi.com.tr\/index.php\/wp-json\/wp\/v2\/product\/722743","targetHints":{"allow":["GET"]}}],"collection":[{"href":"https:\/\/roveyayinevi.com.tr\/index.php\/wp-json\/wp\/v2\/product"}],"about":[{"href":"https:\/\/roveyayinevi.com.tr\/index.php\/wp-json\/wp\/v2\/types\/product"}],"wp:attachment":[{"href":"https:\/\/roveyayinevi.com.tr\/index.php\/wp-json\/wp\/v2\/media?parent=722743"}],"wp:term":[{"taxonomy":"product_brand","embeddable":true,"href":"https:\/\/roveyayinevi.com.tr\/index.php\/wp-json\/wp\/v2\/product_brand?post=722743"},{"taxonomy":"product_cat","embeddable":true,"href":"https:\/\/roveyayinevi.com.tr\/index.php\/wp-json\/wp\/v2\/product_cat?post=722743"},{"taxonomy":"product_tag","embeddable":true,"href":"https:\/\/roveyayinevi.com.tr\/index.php\/wp-json\/wp\/v2\/product_tag?post=722743"}],"curies":[{"name":"wp","href":"https:\/\/api.w.org\/{rel}","templated":true}]}}