{"id":722740,"date":"2025-08-27T19:08:22","date_gmt":"2025-08-27T16:08:22","guid":{"rendered":"https:\/\/roveyayinevi.com.tr\/index.php\/urun\/dunyaya-nasil-hukmedersin\/"},"modified":"2026-04-13T02:37:22","modified_gmt":"2026-04-12T23:37:22","slug":"dunyaya-nasil-hukmedersin","status":"publish","type":"product","link":"https:\/\/roveyayinevi.com.tr\/index.php\/urun\/dunyaya-nasil-hukmedersin\/","title":{"rendered":"D\u00fcnyaya Nas\u0131l H\u00fckmedersin"},"content":{"rendered":"<p>\u201cOldu\u011funuzdan bile zeki mi hissetmek istiyorsunuz? D\u00fcnyaya Nas\u0131l H\u00fckmedersin\u2019i okuyun.\u201dThe TimesLondra\u2019ya ho\u015f geldiniz.Bu \u015fehirde milattan \u00f6nce 50\u2019den beri h\u0131rs\u0131zl\u0131k yap\u0131l\u0131r ve adam indirilir.Bu aralar sekt\u00f6r krizde. Asl\u0131nda hayat\u0131n kendisi krizde.Yap\u0131mc\u0131 ve televizyoncu Baxter Stone krizi f\u0131rsata \u00e7evirmenin pe\u015finde.Baxter g\u0131rtla\u011f\u0131na kadar bor\u00e7 i\u00e7inde; evinin yolunu bir Lamborghini kapatm\u0131\u015f durumda, MI6 ise telefon g\u00f6r\u00fc\u015fmelerini dinliyor. Baxter\u2019\u0131n \u015fahane bir y\u0131rtma plan\u0131 var. \u00d6yle bir belgesel \u00e7ekecek ki b\u00fct\u00fcn parsay\u0131 toplayacak. Kim bilir, belki de d\u00fcnyaya nas\u0131l h\u00fckmedece\u011fini bulmu\u015ftur!D\u00fcnyaya Nas\u0131l H\u00fckmedersin,G\u00f6beklitepe\u2019den Orta \u00c7a\u011f Avrupas\u0131\u2019na,Cennet Bah\u00e7esi\u2019nden k\u0131yamete ka\u00e7\u0131\u015f\u0131n\u0131n hikayesi.Man Booker finalisti Tibor Fischer paran\u0131n ve g\u00fcc\u00fcn krallar\u0131yla kafa buluyor, d\u00fcnyaya kara komedisiyle h\u00fckmediyor.\u201cZ\u0131p\u0131r bir kalem, matrak bir roman.\u201d- Daily Telegraph\u201cTibor Fischer edebiyat\u0131n Ali G\u2019si. \u00d6yle yaz\u0131yor ki kitab\u0131 okurken bir sonraki kitab\u0131n\u0131 merak etmeye ba\u015fl\u0131yorsunuz.\u201d- New Statesman\u201cI\u015f\u0131lt\u0131l\u0131, s\u0131k\u0131, enerjik. Zekas\u0131yla b\u00fcy\u00fcl\u00fcyor, ironisiyle hayran b\u0131rak\u0131yor.\u201d- Scotsman\u201cHadi a\u00e7\u0131k konu\u015fal\u0131m, Fischer\u2019in s\u0131rr\u0131 \u015fu: Her roman\u0131nda elmas sertli\u011finde, k\u00f6m\u00fcr karas\u0131 hikayeler anlat\u0131yor. D\u00fcnyaya Nas\u0131l H\u00fckmedersin\u2019de ise kendini a\u015fm\u0131\u015f.\u201d- Time Out\u201cEdebiyat d\u00fcnyas\u0131n\u0131n en zeki entelekt\u00fcelinden yine bir salvo.\u201d- Guardian<\/p>\n","protected":false},"excerpt":{"rendered":"<p>\u201cOldu\u011funuzdan bile zeki mi hissetmek istiyorsunuz? D\u00fcnyaya Nas\u0131l H\u00fckmedersin\u2019i okuyun.\u201dThe TimesLondra\u2019ya ho\u015f geldiniz.Bu \u015fehirde milattan \u00f6nce 50\u2019den beri h\u0131rs\u0131zl\u0131k yap\u0131l\u0131r ve adam indirilir.Bu aralar sekt\u00f6r krizde.<span class=\"excerpt-hellip\"> [\u2026]<\/span><\/p>\n","protected":false},"featured_media":0,"template":"","meta":{"_monsterinsights_skip_tracking":false,"_monsterinsights_sitenote_active":false,"_monsterinsights_sitenote_note":"","_monsterinsights_sitenote_category":0},"product_brand":[],"product_cat":[12291,12711],"product_tag":[],"class_list":{"0":"post-722740","1":"product","2":"type-product","3":"status-publish","5":"product_cat-edebiyat","6":"product_cat-roman-oyku","7":"pa_cilt-ciltsiz","8":"pa_tur-kitap","9":"pa_yayinevi-april-yayincilik","10":"pa_yazar-tibor-fischer","12":"first","13":"instock","14":"sale","15":"shipping-taxable","16":"purchasable","17":"product-type-simple"},"_links":{"self":[{"href":"https:\/\/roveyayinevi.com.tr\/index.php\/wp-json\/wp\/v2\/product\/722740","targetHints":{"allow":["GET"]}}],"collection":[{"href":"https:\/\/roveyayinevi.com.tr\/index.php\/wp-json\/wp\/v2\/product"}],"about":[{"href":"https:\/\/roveyayinevi.com.tr\/index.php\/wp-json\/wp\/v2\/types\/product"}],"wp:attachment":[{"href":"https:\/\/roveyayinevi.com.tr\/index.php\/wp-json\/wp\/v2\/media?parent=722740"}],"wp:term":[{"taxonomy":"product_brand","embeddable":true,"href":"https:\/\/roveyayinevi.com.tr\/index.php\/wp-json\/wp\/v2\/product_brand?post=722740"},{"taxonomy":"product_cat","embeddable":true,"href":"https:\/\/roveyayinevi.com.tr\/index.php\/wp-json\/wp\/v2\/product_cat?post=722740"},{"taxonomy":"product_tag","embeddable":true,"href":"https:\/\/roveyayinevi.com.tr\/index.php\/wp-json\/wp\/v2\/product_tag?post=722740"}],"curies":[{"name":"wp","href":"https:\/\/api.w.org\/{rel}","templated":true}]}}