{"id":722739,"date":"2025-08-27T19:08:22","date_gmt":"2025-08-27T16:08:22","guid":{"rendered":"https:\/\/roveyayinevi.com.tr\/index.php\/urun\/ziya-gokalp-kemalizm-ve-turkiyede-korporatizm\/"},"modified":"2026-04-16T02:30:37","modified_gmt":"2026-04-15T23:30:37","slug":"ziya-gokalp-kemalizm-ve-turkiyede-korporatizm","status":"publish","type":"product","link":"https:\/\/roveyayinevi.com.tr\/index.php\/urun\/ziya-gokalp-kemalizm-ve-turkiyede-korporatizm\/","title":{"rendered":"Ziya G\u00f6kalp, Kemalizm ve T\u00fcrkiye&#8217;de Korporatizm"},"content":{"rendered":"<p>T\u00fcrk siyasal d\u00fc\u015f\u00fcncesinin, hatta diyebiliriz ki T\u00fcrk kamu felsefesinin temel e\u011filimi korporatizmdir. \u0130ster dayan\u0131\u015fmac\u0131 ister fa\u015fist alt t\u00fcrleriyle olsun, bu e\u011filimin temel \u00f6zelli\u011fi kapitalizme antiliberal bir teorik-ahlaki rasyonel sa\u011flamaya \u00e7al\u0131\u015fmas\u0131 ve Marksizm ile sosyalizme kar\u015f\u0131 olmas\u0131d\u0131r.Korporatizm, toplumu birbirlerini uyum i\u00e7inde tamamlayan organlardan, meslek z\u00fcmrelerinden olu\u015fan bir organizma olarak g\u00f6r\u00fcr. Hem liberalizmin bireycili\u011fini, hem de sosyal s\u0131n\u0131flar\u0131n varl\u0131\u011f\u0131n\u0131, s\u0131n\u0131f \u00e7at\u0131\u015fmas\u0131n\u0131 ve emek-sermaye \u00e7eli\u015fkisini reddeder. T\u00fcrkiye\u2019deki a\u015f\u0131r\u0131 ve \u0131l\u0131ml\u0131 sa\u011f ak\u0131mlar ve partiler, silahl\u0131 kuvvetler, klasik Kemalistler, \u201cKemalist Sol\u201d ve \u201csosyal demokratlar\u201d, ama ayn\u0131 zamanda belli \u00f6l\u00e7\u00fclerde baz\u0131 sol gruplar, sahip olduklar\u0131 temel d\u00fc\u015f\u00fcnsel kategoriler bak\u0131m\u0131ndan bu korporatist \u015femsiyenin alt\u0131ndad\u0131rlar; kritik siyasi karar anlar\u0131nda, birbirlerinden farkl\u0131ym\u0131\u015f gibi duran b\u00fct\u00fcn bu siyasi \u00e7izgiler aras\u0131ndaki o \u015fa\u015f\u0131rt\u0131c\u0131 uzla\u015fmalar\u0131n nedeni de budur.Bu d\u00fc\u015f\u00fcnce hatt\u0131n\u0131n en yetkin ve kaynak \u015fahsiyeti olan Ziya G\u00f6kalp, \u00e7a\u011fda\u015flar\u0131 ve ard\u0131ndan gelen ku\u015faklar taraf\u0131ndan \u00f6zg\u00fcn niteli\u011finden uzakla\u015ft\u0131r\u0131lm\u0131\u015f, sa\u011fa sola \u00e7eki\u015ftirilerek kendi hakikatinden kopar\u0131lm\u0131\u015ft\u0131r. Oysa eserleri bug\u00fcn de dikkatle incelenmeyi hak eden bir \u00f6zg\u00fcnl\u00fc\u011fe sahiptir. Taha Parla\u2019n\u0131n klasikle\u015fmi\u015f kitab\u0131 bunu yap\u0131yor: Hem G\u00f6kalp\u2019in hakk\u0131n\u0131 teslim etmeye, hem de onun d\u00fc\u015f\u00fcnceleri \u00fczerinden T\u00fcrkiye\u2019yi daha iyi anlamaya \u00e7al\u0131\u015f\u0131yor.<\/p>\n","protected":false},"excerpt":{"rendered":"<p>T\u00fcrk siyasal d\u00fc\u015f\u00fcncesinin, hatta diyebiliriz ki T\u00fcrk kamu felsefesinin temel e\u011filimi korporatizmdir. \u0130ster dayan\u0131\u015fmac\u0131 ister fa\u015fist alt t\u00fcrleriyle olsun, bu e\u011filimin temel \u00f6zelli\u011fi kapitalizme antiliberal bir<span class=\"excerpt-hellip\"> [\u2026]<\/span><\/p>\n","protected":false},"featured_media":0,"template":"","meta":{"_monsterinsights_skip_tracking":false,"_monsterinsights_sitenote_active":false,"_monsterinsights_sitenote_note":"","_monsterinsights_sitenote_category":0},"product_brand":[],"product_cat":[13059,12337],"product_tag":[],"class_list":{"0":"post-722739","1":"product","2":"type-product","3":"status-publish","5":"product_cat-diger-politika-siyaset","6":"product_cat-politika-siyaset","7":"pa_cilt-ciltsiz","8":"pa_tur-kitap","9":"pa_yayinevi-metis-yayinlari","10":"pa_yazar-taha-parla","12":"first","13":"instock","14":"sale","15":"shipping-taxable","16":"purchasable","17":"product-type-simple"},"_links":{"self":[{"href":"https:\/\/roveyayinevi.com.tr\/index.php\/wp-json\/wp\/v2\/product\/722739","targetHints":{"allow":["GET"]}}],"collection":[{"href":"https:\/\/roveyayinevi.com.tr\/index.php\/wp-json\/wp\/v2\/product"}],"about":[{"href":"https:\/\/roveyayinevi.com.tr\/index.php\/wp-json\/wp\/v2\/types\/product"}],"wp:attachment":[{"href":"https:\/\/roveyayinevi.com.tr\/index.php\/wp-json\/wp\/v2\/media?parent=722739"}],"wp:term":[{"taxonomy":"product_brand","embeddable":true,"href":"https:\/\/roveyayinevi.com.tr\/index.php\/wp-json\/wp\/v2\/product_brand?post=722739"},{"taxonomy":"product_cat","embeddable":true,"href":"https:\/\/roveyayinevi.com.tr\/index.php\/wp-json\/wp\/v2\/product_cat?post=722739"},{"taxonomy":"product_tag","embeddable":true,"href":"https:\/\/roveyayinevi.com.tr\/index.php\/wp-json\/wp\/v2\/product_tag?post=722739"}],"curies":[{"name":"wp","href":"https:\/\/api.w.org\/{rel}","templated":true}]}}