{"id":722738,"date":"2025-08-27T19:08:21","date_gmt":"2025-08-27T16:08:21","guid":{"rendered":"https:\/\/roveyayinevi.com.tr\/index.php\/urun\/iktisadi-dusunce-tarihi-4\/"},"modified":"2026-04-16T02:30:37","modified_gmt":"2026-04-15T23:30:37","slug":"iktisadi-dusunce-tarihi-4","status":"publish","type":"product","link":"https:\/\/roveyayinevi.com.tr\/index.php\/urun\/iktisadi-dusunce-tarihi-4\/","title":{"rendered":"\u0130ktisadi D\u00fc\u015f\u00fcnce Tarihi"},"content":{"rendered":"<p>Hi\u00e7 \u015f\u00fcphe yok ki, Marx \u00f6ncesi iktisad\u00ee doktrinler, iktisad\u00ee d\u00fc\u015f\u00fcnceler ve iktisad\u00ee teoriler, Marx\u2019\u0131n kendisine ait iktisat teorisini geli\u015ftirmede \u00f6nemli bir yer tutmaktad\u0131r. Rubin\u2019in ya\u015fad\u0131\u011f\u0131 d\u00f6nem g\u00f6z\u00f6n\u00fcne al\u0131nd\u0131\u011f\u0131nda, Marxist \u0130ktisat Teorisi alan\u0131nda \u00e7al\u0131\u015fmalarda bulunan ve aralar\u0131nda Lenin, Preobrazhensky, Bukharin ve Kontratiev\u2019in de yer ald\u0131\u011f\u0131 bir\u00e7ok yazardan bir tanesidir.Rubin\u2019in bu kitab\u0131, Merkantilizmden John Stuart Mill\u2019e kadar, Marx \u00f6ncesi iktisad\u00ee doktrinleri, iktisad\u00ee d\u00fc\u015f\u00fcnceleri ve iktisad\u00ee teorileri ayr\u0131nt\u0131lar\u0131yla ele al\u0131p inceleyen ba\u015far\u0131l\u0131 bir eser olma \u00f6zelli\u011findedir. Kitapta yer alan iktisad\u00ee d\u00fc\u015f\u00fcnce okullar\u0131n\u0131n, filizlenip geli\u015fti\u011fi toplumsal ve ideolojik ortam dikkate al\u0131narak analize tabi tutulmas\u0131n\u0131n yan\u0131 s\u0131ra tarih\u00ee arka pl\u00e2n\u0131n\u0131n da g\u00f6zetilerek iktisat teorilerinin evriminin sergilenmesi, Rubin\u2019in bu \u00e7al\u0131\u015fmas\u0131n\u0131 alan\u0131ndaki di\u011fer \u00e7al\u0131\u015fmalardan farkl\u0131 k\u0131lan en \u00f6nemli \u00f6zelliktir. <\/p>\n","protected":false},"excerpt":{"rendered":"<p>Hi\u00e7 \u015f\u00fcphe yok ki, Marx \u00f6ncesi iktisad\u00ee doktrinler, iktisad\u00ee d\u00fc\u015f\u00fcnceler ve iktisad\u00ee teoriler, Marx\u2019\u0131n kendisine ait iktisat teorisini geli\u015ftirmede \u00f6nemli bir yer tutmaktad\u0131r. Rubin\u2019in ya\u015fad\u0131\u011f\u0131 d\u00f6nem<span class=\"excerpt-hellip\"> [\u2026]<\/span><\/p>\n","protected":false},"featured_media":0,"template":"","meta":{"_monsterinsights_skip_tracking":false,"_monsterinsights_sitenote_active":false,"_monsterinsights_sitenote_note":"","_monsterinsights_sitenote_category":0},"product_brand":[],"product_cat":[13044,13043],"product_tag":[],"class_list":{"0":"post-722738","1":"product","2":"type-product","3":"status-publish","5":"product_cat-dunya-ekonomisi","6":"product_cat-ekonomi","7":"pa_cilt-ciltsiz","8":"pa_tur-kitap","9":"pa_yayinevi-astana-yayinlari","10":"pa_yazar-isaac-ilyich-rubin","12":"first","13":"instock","14":"sale","15":"shipping-taxable","16":"purchasable","17":"product-type-simple"},"_links":{"self":[{"href":"https:\/\/roveyayinevi.com.tr\/index.php\/wp-json\/wp\/v2\/product\/722738","targetHints":{"allow":["GET"]}}],"collection":[{"href":"https:\/\/roveyayinevi.com.tr\/index.php\/wp-json\/wp\/v2\/product"}],"about":[{"href":"https:\/\/roveyayinevi.com.tr\/index.php\/wp-json\/wp\/v2\/types\/product"}],"wp:attachment":[{"href":"https:\/\/roveyayinevi.com.tr\/index.php\/wp-json\/wp\/v2\/media?parent=722738"}],"wp:term":[{"taxonomy":"product_brand","embeddable":true,"href":"https:\/\/roveyayinevi.com.tr\/index.php\/wp-json\/wp\/v2\/product_brand?post=722738"},{"taxonomy":"product_cat","embeddable":true,"href":"https:\/\/roveyayinevi.com.tr\/index.php\/wp-json\/wp\/v2\/product_cat?post=722738"},{"taxonomy":"product_tag","embeddable":true,"href":"https:\/\/roveyayinevi.com.tr\/index.php\/wp-json\/wp\/v2\/product_tag?post=722738"}],"curies":[{"name":"wp","href":"https:\/\/api.w.org\/{rel}","templated":true}]}}