{"id":722737,"date":"2025-08-27T19:08:20","date_gmt":"2025-08-27T16:08:20","guid":{"rendered":"https:\/\/roveyayinevi.com.tr\/index.php\/urun\/temel-makroiktisadi-gostergeler\/"},"modified":"2026-04-16T02:30:37","modified_gmt":"2026-04-15T23:30:37","slug":"temel-makroiktisadi-gostergeler","status":"publish","type":"product","link":"https:\/\/roveyayinevi.com.tr\/index.php\/urun\/temel-makroiktisadi-gostergeler\/","title":{"rendered":"Temel Makroiktisadi G\u00f6stergeler"},"content":{"rendered":"<p>Tan\u0131mlamak s\u0131n\u0131rlamakt\u0131r.Bir kavram\u0131n tan\u0131m\u0131, g\u00fcd\u00fclen amaca g\u00f6re perdelenebilir ya da kavram\u0131n en belirleyici unsurlar\u0131 se\u00e7ilip tan\u0131mlamaya giri\u015filir. Asl\u00ee olan ve ama\u00e7lanmas\u0131 gereken, ilgili kavram\u0131 perdelemekten ziyade a\u00e7\u0131klay\u0131c\u0131 unsurlar\u0131n se\u00e7ilerek tan\u0131ma ili\u015fkin ilk ve do\u011fru ad\u0131m\u0131n at\u0131lmas\u0131d\u0131r. \u0130ktisad\u00ee kavramlar\u0131n tan\u0131mlar\u0131n\u0131n ise zaman, mek\u00e2n, iktisad\u00ee gidi\u015fat ve \u00fclkelerin kendine \u00f6zg\u00fc \u00f6zellikleri \u00e7er\u00e7evesinde g\u00fcncellenmesi gerekir. Bu eser, makroiktisat alan\u0131nda kullan\u0131lan temel kavramlar de\u011fi\u015fmemi\u015fse de, iktisad\u00ee, siyas\u00ee ve toplumsal alanda zaman i\u00e7indeki geli\u015fmelerin, kullan\u0131lan kavramlar\u0131n asl\u00ee belirleyici unsurlar\u0131ndaki ve dolay\u0131s\u0131yla, tan\u0131mlar\u0131ndaki de\u011fi\u015fiklikler g\u00f6zetilerek yeniden kaleme al\u0131nm\u0131\u015ft\u0131r. B\u00f6ylelikle, iktisad\u00ee de\u011ferlendirmelerin, kavrama ait i\u00e7eriklerdeki de\u011fi\u015fiklikleri yans\u0131tacak yeni tan\u0131mlar\u0131 \u00fczerinden yap\u0131lmas\u0131 zorunludur.Temel Makroiktisad\u00ee G\u00f6stergeler (Kavramlar, Tan\u0131mlar, Hesaplama Y\u00f6ntemleri) ad\u0131 verilen bu \u00e7al\u0131\u015fma, ba\u015fta lisans d\u00fczeyinde \u0130ktisad\u00ee G\u00f6stergeler ad\u0131 alt\u0131nda ders veren \u00f6\u011fretim \u00fcyeleri i\u00e7in yard\u0131mc\u0131 kaynak olmak \u00fczere, lisans \u00f6\u011frencileri, konuya ilgi duyan bireysel yat\u0131r\u0131mc\u0131lar ve genel iktisad\u00ee gidi\u015fata ilgi duyanlara y\u00f6nelik olarak haz\u0131rlanm\u0131\u015ft\u0131r.<\/p>\n","protected":false},"excerpt":{"rendered":"<p>Tan\u0131mlamak s\u0131n\u0131rlamakt\u0131r.Bir kavram\u0131n tan\u0131m\u0131, g\u00fcd\u00fclen amaca g\u00f6re perdelenebilir ya da kavram\u0131n en belirleyici unsurlar\u0131 se\u00e7ilip tan\u0131mlamaya giri\u015filir. Asl\u00ee olan ve ama\u00e7lanmas\u0131 gereken, ilgili kavram\u0131 perdelemekten ziyade<span class=\"excerpt-hellip\"> [\u2026]<\/span><\/p>\n","protected":false},"featured_media":0,"template":"","meta":{"_monsterinsights_skip_tracking":false,"_monsterinsights_sitenote_active":false,"_monsterinsights_sitenote_note":"","_monsterinsights_sitenote_category":0},"product_brand":[],"product_cat":[20333,13043],"product_tag":[],"class_list":{"0":"post-722737","1":"product","2":"type-product","3":"status-publish","5":"product_cat-diger-ekonomi","6":"product_cat-ekonomi","7":"pa_cilt-ciltsiz","8":"pa_tur-kitap","9":"pa_yayinevi-astana-yayinlari","10":"pa_yazar-ugur-selcuk-akalin","12":"first","13":"instock","14":"sale","15":"shipping-taxable","16":"purchasable","17":"product-type-simple"},"_links":{"self":[{"href":"https:\/\/roveyayinevi.com.tr\/index.php\/wp-json\/wp\/v2\/product\/722737","targetHints":{"allow":["GET"]}}],"collection":[{"href":"https:\/\/roveyayinevi.com.tr\/index.php\/wp-json\/wp\/v2\/product"}],"about":[{"href":"https:\/\/roveyayinevi.com.tr\/index.php\/wp-json\/wp\/v2\/types\/product"}],"wp:attachment":[{"href":"https:\/\/roveyayinevi.com.tr\/index.php\/wp-json\/wp\/v2\/media?parent=722737"}],"wp:term":[{"taxonomy":"product_brand","embeddable":true,"href":"https:\/\/roveyayinevi.com.tr\/index.php\/wp-json\/wp\/v2\/product_brand?post=722737"},{"taxonomy":"product_cat","embeddable":true,"href":"https:\/\/roveyayinevi.com.tr\/index.php\/wp-json\/wp\/v2\/product_cat?post=722737"},{"taxonomy":"product_tag","embeddable":true,"href":"https:\/\/roveyayinevi.com.tr\/index.php\/wp-json\/wp\/v2\/product_tag?post=722737"}],"curies":[{"name":"wp","href":"https:\/\/api.w.org\/{rel}","templated":true}]}}