{"id":722735,"date":"2025-08-27T19:08:19","date_gmt":"2025-08-27T16:08:19","guid":{"rendered":"https:\/\/roveyayinevi.com.tr\/index.php\/urun\/istanbul-halk-plajinin-uzun-donemli-koliform-degisimi\/"},"modified":"2026-04-16T02:30:37","modified_gmt":"2026-04-15T23:30:37","slug":"istanbul-halk-plajinin-uzun-donemli-koliform-degisimi","status":"publish","type":"product","link":"https:\/\/roveyayinevi.com.tr\/index.php\/urun\/istanbul-halk-plajinin-uzun-donemli-koliform-degisimi\/","title":{"rendered":"\u0130stanbul Halk Plaj\u0131n\u0131n Uzun D\u00f6nemli Koliform De\u011fi\u015fimi"},"content":{"rendered":"<p>Bu tez \u00e7al\u0131\u015fmas\u0131nda, \u0130BB ve \u0130stanbul Halk Sa\u011fl\u0131\u011f\u0131 M\u00fcd\u00fcrl\u00fc\u011f\u00fc taraf\u0131ndan, Do\u011fu ve Bat\u0131 Karadeniz\u2019den ba\u015flay\u0131p \u0130stanbul Bo\u011faz\u0131 \u00fczerinden devam edip Marmara Denizi \u00fczerinde sonlanan geni\u015f bir b\u00f6lge \u00fczerinde saptanm\u0131\u015f izleme istasyonlar\u0131nda yap\u0131lm\u0131\u015f olan \u00f6l\u00e7\u00fcm sonu\u00e7lar\u0131ndan yararlan\u0131larak, \u0130stanbul Bo\u011faz\u0131 deniz suyu kalitesindeki de\u011fi\u015fimin izlenmesi ve \u0130stanbul \u00e7evresinde deniz kirlili\u011fine sebep olan kirlilik y\u00fcklerinin tespiti yap\u0131larak deniz suyu kalitesinde olumlu\/olumsuz y\u00f6nde de\u011fi\u015fime neden olan ba\u015fl\u0131ca kaynaklar\u0131n ve bunlar\u0131n olas\u0131 nedenlerinin belirlenmesi ama\u00e7lanm\u0131\u015f ve \u00e7evre y\u00f6netimine nas\u0131l katk\u0131 sa\u011flanabilece\u011fi ara\u015ft\u0131r\u0131lm\u0131\u015ft\u0131r. Tez kapsam\u0131nda literat\u00fcr bilgilerinden yararlan\u0131larak, deniz kirlili\u011fine neden olan etkenler, kirlilik parametreleri, deniz de\u015farjlar\u0131, Marmara Denizi ve \u0130stanbul Bo\u011faz\u0131\u2019n\u0131n sahip oldu\u011fu ba\u015fl\u0131ca \u00f6zellikler belirlenmi\u015f, ayr\u0131ca \u0130BB taraf\u0131ndan 2009 y\u0131l\u0131nda 89 ayr\u0131 noktada ve \u0130stanbul Halk Sa\u011fl\u0131\u011f\u0131 M\u00fcd\u00fcrl\u00fc\u011f\u00fc taraf\u0131ndan 2010-2017 y\u0131llar\u0131 aras\u0131nda 80 noktada yap\u0131lan kirlilik verisi \u00f6l\u00e7\u00fcmlerinden yararlan\u0131larak, (Fekal koliform, Toplam koliform) \u00e7evre kirlili\u011finin zamansal ve mekansal de\u011fi\u015fimi plajlar \u00f6zelinde de\u011ferlendirilmi\u015ftir. Bu tez \u00e7al\u0131\u015fmas\u0131 5 b\u00f6l\u00fcmden olu\u015fturulmu\u015ftur. Birinci b\u00f6l\u00fcm tezin ama\u00e7 ve kapsam\u0131n\u0131, ikinci b\u00f6l\u00fcm tez \u00e7al\u0131\u015fma konusu ile ilgili olarak genel bilgiler ve literat\u00fcr \u00f6zetini vermektedir. Tezin 3. B\u00f6l\u00fcm\u00fcnde tez \u00e7al\u0131\u015fmas\u0131nda kullan\u0131lan veriler, veri kayna\u011f\u0131 ve verinin analiz ve de\u011ferlendirme y\u00f6ntemi verilmektedir. \u00c7al\u0131\u015fman\u0131n 4. B\u00f6l\u00fcm\u00fc tez \u00e7al\u0131\u015fmas\u0131n\u0131n sonu\u00e7lar ve de\u011ferlendirme b\u00f6l\u00fcm\u00fcn\u00fc, 5. B\u00f6l\u00fcm ise \u00e7al\u0131\u015fma sonucunda var\u0131lan genel de\u011ferlendirmeleri i\u00e7ermektedir.<\/p>\n","protected":false},"excerpt":{"rendered":"<p>Bu tez \u00e7al\u0131\u015fmas\u0131nda, \u0130BB ve \u0130stanbul Halk Sa\u011fl\u0131\u011f\u0131 M\u00fcd\u00fcrl\u00fc\u011f\u00fc taraf\u0131ndan, Do\u011fu ve Bat\u0131 Karadeniz\u2019den ba\u015flay\u0131p \u0130stanbul Bo\u011faz\u0131 \u00fczerinden devam edip Marmara Denizi \u00fczerinde sonlanan geni\u015f bir<span class=\"excerpt-hellip\"> [\u2026]<\/span><\/p>\n","protected":false},"featured_media":0,"template":"","meta":{"_monsterinsights_skip_tracking":false,"_monsterinsights_sitenote_active":false,"_monsterinsights_sitenote_note":"","_monsterinsights_sitenote_category":0},"product_brand":[],"product_cat":[12370,12304],"product_tag":[],"class_list":{"0":"post-722735","1":"product","2":"type-product","3":"status-publish","5":"product_cat-arastirma-inceleme","6":"product_cat-tarih","7":"pa_cilt-ciltsiz","8":"pa_tur-kitap","9":"pa_yayinevi-gazi-kitabevi","10":"pa_yazar-ahmet-burak-yasar","12":"first","13":"instock","14":"sale","15":"shipping-taxable","16":"purchasable","17":"product-type-simple"},"_links":{"self":[{"href":"https:\/\/roveyayinevi.com.tr\/index.php\/wp-json\/wp\/v2\/product\/722735","targetHints":{"allow":["GET"]}}],"collection":[{"href":"https:\/\/roveyayinevi.com.tr\/index.php\/wp-json\/wp\/v2\/product"}],"about":[{"href":"https:\/\/roveyayinevi.com.tr\/index.php\/wp-json\/wp\/v2\/types\/product"}],"wp:attachment":[{"href":"https:\/\/roveyayinevi.com.tr\/index.php\/wp-json\/wp\/v2\/media?parent=722735"}],"wp:term":[{"taxonomy":"product_brand","embeddable":true,"href":"https:\/\/roveyayinevi.com.tr\/index.php\/wp-json\/wp\/v2\/product_brand?post=722735"},{"taxonomy":"product_cat","embeddable":true,"href":"https:\/\/roveyayinevi.com.tr\/index.php\/wp-json\/wp\/v2\/product_cat?post=722735"},{"taxonomy":"product_tag","embeddable":true,"href":"https:\/\/roveyayinevi.com.tr\/index.php\/wp-json\/wp\/v2\/product_tag?post=722735"}],"curies":[{"name":"wp","href":"https:\/\/api.w.org\/{rel}","templated":true}]}}