{"id":722734,"date":"2025-08-27T19:08:19","date_gmt":"2025-08-27T16:08:19","guid":{"rendered":"https:\/\/roveyayinevi.com.tr\/index.php\/urun\/propaganda-ve-algi-yonetimi\/"},"modified":"2026-04-16T02:30:37","modified_gmt":"2026-04-15T23:30:37","slug":"propaganda-ve-algi-yonetimi","status":"publish","type":"product","link":"https:\/\/roveyayinevi.com.tr\/index.php\/urun\/propaganda-ve-algi-yonetimi\/","title":{"rendered":"Propaganda ve Alg\u0131 Y\u00f6netimi"},"content":{"rendered":"<p>Elinizdeki kitap, son derece stratejik bir alana \u0131\u015f\u0131k tutmakta; propaganda, g\u00fcvenlik, ter\u00f6rizm ve siyaset aras\u0131ndaki ili\u015fkiyi tarihsel ba\u011flamlar\u0131nda ve farkl\u0131 a\u00e7\u0131lardan analitik bir bi\u00e7imde ele almaktad\u0131r. Bu ba\u011flamda, uluslararas\u0131 g\u00fcvenlik alan\u0131n\u0131n alg\u0131 y\u00f6netimi teknikleriyle nas\u0131l &#8220;g\u00fcvenlikle\u015ftirildi\u011fi&#8221; dikkat \u00e7eken ba\u015fl\u0131ca konulardan birisidir. Malum 11 Eyl\u00fcl sonras\u0131nda b\u00fcy\u00fck bir k\u0131r\u0131lma ya\u015fayan g\u00fcvenlik paradigmas\u0131, yeni g\u00fcvenlikle\u015ftirme tekniklerinin devreye girmesiyle birlikte k\u00fcresel toplumun merkezine oturmu\u015ftur. Bu minvalde kitap, ayn\u0131 zamanda s\u00f6z konusu yeni paradigma ekseninde istihbarat ve propaganda sava\u015f\u0131 aras\u0131ndaki yak\u0131n ili\u015fkiyi g\u00f6zler \u00f6n\u00fcne sermektedir. Bu y\u00f6n\u00fcyle \u00e7al\u0131\u015fma, yeni g\u00fcvenlik paradigmas\u0131n\u0131n olu\u015fumuna kaynakl\u0131k eden ter\u00f6r \u00f6rg\u00fctlerinin, propaganda ile aralar\u0131nda var olan stratejik ili\u015fkinin nas\u0131l, hangi maksatla ve ne t\u00fcr ko\u015fullara g\u00f6re \u015fekillendi\u011fini detayl\u0131 \u00f6rneklerle analiz etmektedir. Di\u011fer taraftan kitap, propagandan\u0131n g\u00fcn\u00fcm\u00fczde en fazla k\u0131ymet atfedilen ve pop\u00fcler kullan\u0131m alanlar\u0131ndan birisini temsil eden sinema ile kurdu\u011fu ili\u015fkiyi de irdelemektedir. Bu ba\u011flamda sinema d\u00fcnyas\u0131n\u0131n; propaganda, alg\u0131 y\u00f6netimi ve \u00f6rt\u00fcl\u00fc mesajlara hizmet eden son derece y\u00fcksek etki g\u00fcc\u00fcne haiz bir alan oldu\u011fu \u00f6rneklerle sunulmaktad\u0131r. Yine bu hususta, edebiyat ve sinema d\u00fcnyas\u0131n\u0131n propaganda faaliyetleri amac\u0131yla birbirleriyle nas\u0131l entegre ve e\u015f zamanl\u0131 kullan\u0131labildikleri de ortaya koyulmaktad\u0131r.<\/p>\n","protected":false},"excerpt":{"rendered":"<p>Elinizdeki kitap, son derece stratejik bir alana \u0131\u015f\u0131k tutmakta; propaganda, g\u00fcvenlik, ter\u00f6rizm ve siyaset aras\u0131ndaki ili\u015fkiyi tarihsel ba\u011flamlar\u0131nda ve farkl\u0131 a\u00e7\u0131lardan analitik bir bi\u00e7imde ele almaktad\u0131r.<span class=\"excerpt-hellip\"> [\u2026]<\/span><\/p>\n","protected":false},"featured_media":0,"template":"","meta":{"_monsterinsights_skip_tracking":false,"_monsterinsights_sitenote_active":false,"_monsterinsights_sitenote_note":"","_monsterinsights_sitenote_category":0},"product_brand":[],"product_cat":[12346,12337],"product_tag":[],"class_list":{"0":"post-722734","1":"product","2":"type-product","3":"status-publish","5":"product_cat-derin-siyaset-komplo-teorileri","6":"product_cat-politika-siyaset","7":"pa_cilt-ciltsiz","8":"pa_tur-kitap","9":"pa_yayinevi-orion-kitabevi","10":"pa_yazar-muhittin-imil","12":"first","13":"instock","14":"sale","15":"shipping-taxable","16":"purchasable","17":"product-type-simple"},"_links":{"self":[{"href":"https:\/\/roveyayinevi.com.tr\/index.php\/wp-json\/wp\/v2\/product\/722734","targetHints":{"allow":["GET"]}}],"collection":[{"href":"https:\/\/roveyayinevi.com.tr\/index.php\/wp-json\/wp\/v2\/product"}],"about":[{"href":"https:\/\/roveyayinevi.com.tr\/index.php\/wp-json\/wp\/v2\/types\/product"}],"wp:attachment":[{"href":"https:\/\/roveyayinevi.com.tr\/index.php\/wp-json\/wp\/v2\/media?parent=722734"}],"wp:term":[{"taxonomy":"product_brand","embeddable":true,"href":"https:\/\/roveyayinevi.com.tr\/index.php\/wp-json\/wp\/v2\/product_brand?post=722734"},{"taxonomy":"product_cat","embeddable":true,"href":"https:\/\/roveyayinevi.com.tr\/index.php\/wp-json\/wp\/v2\/product_cat?post=722734"},{"taxonomy":"product_tag","embeddable":true,"href":"https:\/\/roveyayinevi.com.tr\/index.php\/wp-json\/wp\/v2\/product_tag?post=722734"}],"curies":[{"name":"wp","href":"https:\/\/api.w.org\/{rel}","templated":true}]}}