{"id":722733,"date":"2025-08-27T19:08:18","date_gmt":"2025-08-27T16:08:18","guid":{"rendered":"https:\/\/roveyayinevi.com.tr\/index.php\/urun\/acayip-seyler-oruyoruz-basimiza\/"},"modified":"2026-04-16T02:30:37","modified_gmt":"2026-04-15T23:30:37","slug":"acayip-seyler-oruyoruz-basimiza","status":"publish","type":"product","link":"https:\/\/roveyayinevi.com.tr\/index.php\/urun\/acayip-seyler-oruyoruz-basimiza\/","title":{"rendered":"Acayip \u015eeyler \u00d6r\u00fcyoruz Ba\u015f\u0131m\u0131za"},"content":{"rendered":"<p>Acayip \u015eeyler \u00d6r\u00fcyoruz Ba\u015f\u0131m\u0131za, kurguyla ger\u00e7ek aras\u0131nda, okurun en \u00e7ok keyif alaca\u011f\u0131 noktaya do\u011fru s\u00fcrekli hareket eden bir kitap. Belirli bir t\u00fcr\u00fcn gereklerini yerine getirme zorunlulu\u011fu hissetmeden, m\u00fcmk\u00fcn oldu\u011funca \u00e7ok \u00e7i\u00e7ekten bal topluyor.  Kitap; eski bir sahaf\u0131n, \u201ctozdan y\u0131lm\u0131\u015f kad\u0131nlar ile ge\u00e7mi\u015finden y\u0131lm\u0131\u015f erkekler\u201dden toplad\u0131\u011f\u0131 kitaplar aras\u0131ndan \u00e7\u0131kan 27 farkl\u0131 g\u00fcnl\u00fckten se\u00e7ti\u011fi par\u00e7alardan olu\u015fuyor. A\u011f\u0131rl\u0131kl\u0131 olarak 1950 ila 1990 aras\u0131 d\u00f6neme ait bu par\u00e7alar g\u00fcnl\u00fck sahiplerinin i\u00e7 d\u00fcnyalar\u0131n\u0131 etkileyici bir do\u011fall\u0131kla ortaya koyuyor, onlar\u0131n akl\u0131ndan ge\u00e7enleri g\u00fc\u00e7l\u00fc bir bi\u00e7imde hissetmemizi sa\u011fl\u0131yor. G\u00fcnl\u00fckler ayn\u0131 zamanda, b\u00fct\u00fcn h\u00fcz\u00fcnl\u00fc ve komik yanlar\u0131yla, sahiplerinin g\u00fcndelik hayatlar\u0131na dair geni\u015f bir manzara sunuyor. Bu manzara i\u00e7ine s\u0131k s\u0131k o y\u0131llar\u0131n pop\u00fcler ki\u015fi ve olaylar\u0131 da s\u0131z\u0131yor ve bunlar\u0131 da g\u00fcnl\u00fck yazarlar\u0131n\u0131n ola\u011fan hayatlar\u0131yla i\u00e7 i\u00e7e ge\u00e7mi\u015f bir halde okuyoruz. \u00d6rne\u011fin: Selahattin P\u0131nar ile Aleko Bacanos aras\u0131nda ya\u015fanan tatl\u0131 bir at\u0131\u015fmay\u0131; S\u00fcl\u00fcn Osman\u2019\u0131n t\u00f6vbe ederek bir Tekel Bayii a\u00e7\u0131\u015f\u0131n\u0131; Bir bankan\u0131n 60\u2019l\u0131 y\u0131llarda ilk kez \u201ckomp\u00fcter\u201d kullanmaya ba\u015flamas\u0131n\u0131; Filiz Ak\u0131n\u2019\u0131n assolist olarak \u00e7\u0131kt\u0131\u011f\u0131 bir kad\u0131nlar matinesini; Belgin Doruk\u2019un \u00fcnl\u00fc karavelini; \u00dcst \u00fcste fazla H\u00fcmeyra dinlemenin yol a\u00e7t\u0131\u011f\u0131 bir ruhsal hareketlenmeyi; Can Akbel\u2019in televizyonda yapt\u0131\u011f\u0131 s\u0131rad\u0131\u015f\u0131 bir anonsu; 74 D\u00fcnya Kupas\u0131 finalini; Bir gencin M\u00fcjde Ar\u2019la g\u00f6r\u00fcc\u00fc usulde evlenme f\u0131rsat\u0131n\u0131 ka\u00e7\u0131r\u0131\u015f\u0131n\u0131; Et Bal\u0131k ma\u011fazalar\u0131nda bir t\u00fcrl\u00fc Halk Salam bulunamay\u0131\u015f\u0131n\u0131 ya da Macar Sirki\u2019nde g\u00f6steri yapan Berber Fil\u2019i\u2026 Acayip \u015eeyler \u00d6r\u00fcyoruz Ba\u015f\u0131m\u0131za i\u00e7in, &#8220;okuyucu taraf\u0131ndan yeniden kurgulanmak \u00fczere, bir roman\u0131n pek \u00e7ok unsurunu tatl\u0131 bir da\u011f\u0131n\u0131kl\u0131k i\u00e7inde sunuyor&#8221; diyebiliriz.  Kitap \u00e7ok y\u00fcksek bir okuma keyfi veriyor ve bunu da okuruna duydu\u011fu sayg\u0131yla ba\u015far\u0131yor. Sayg\u0131 duyuyor, \u00e7\u00fcnk\u00fc bir metnin eksik par\u00e7alar\u0131n\u0131 tamamlamada hi\u00e7bir yazar iyi bir okurun eline su d\u00f6kemez. <\/p>\n","protected":false},"excerpt":{"rendered":"<p>Acayip \u015eeyler \u00d6r\u00fcyoruz Ba\u015f\u0131m\u0131za, kurguyla ger\u00e7ek aras\u0131nda, okurun en \u00e7ok keyif alaca\u011f\u0131 noktaya do\u011fru s\u00fcrekli hareket eden bir kitap. Belirli bir t\u00fcr\u00fcn gereklerini yerine getirme zorunlulu\u011fu<span class=\"excerpt-hellip\"> [\u2026]<\/span><\/p>\n","protected":false},"featured_media":0,"template":"","meta":{"_monsterinsights_skip_tracking":false,"_monsterinsights_sitenote_active":false,"_monsterinsights_sitenote_note":"","_monsterinsights_sitenote_category":0},"product_brand":[],"product_cat":[13701,12291],"product_tag":[],"class_list":{"0":"post-722733","1":"product","2":"type-product","3":"status-publish","5":"product_cat-ani-mektup-gunluk","6":"product_cat-edebiyat","7":"pa_cilt-ciltsiz","8":"pa_tur-kitap","9":"pa_yayinevi-kuzey-isigi-yayinlari","10":"pa_yazar-v-ferit-dedeagacli","12":"first","13":"instock","14":"sale","15":"shipping-taxable","16":"purchasable","17":"product-type-simple"},"_links":{"self":[{"href":"https:\/\/roveyayinevi.com.tr\/index.php\/wp-json\/wp\/v2\/product\/722733","targetHints":{"allow":["GET"]}}],"collection":[{"href":"https:\/\/roveyayinevi.com.tr\/index.php\/wp-json\/wp\/v2\/product"}],"about":[{"href":"https:\/\/roveyayinevi.com.tr\/index.php\/wp-json\/wp\/v2\/types\/product"}],"wp:attachment":[{"href":"https:\/\/roveyayinevi.com.tr\/index.php\/wp-json\/wp\/v2\/media?parent=722733"}],"wp:term":[{"taxonomy":"product_brand","embeddable":true,"href":"https:\/\/roveyayinevi.com.tr\/index.php\/wp-json\/wp\/v2\/product_brand?post=722733"},{"taxonomy":"product_cat","embeddable":true,"href":"https:\/\/roveyayinevi.com.tr\/index.php\/wp-json\/wp\/v2\/product_cat?post=722733"},{"taxonomy":"product_tag","embeddable":true,"href":"https:\/\/roveyayinevi.com.tr\/index.php\/wp-json\/wp\/v2\/product_tag?post=722733"}],"curies":[{"name":"wp","href":"https:\/\/api.w.org\/{rel}","templated":true}]}}