{"id":722732,"date":"2025-08-27T19:08:17","date_gmt":"2025-08-27T16:08:17","guid":{"rendered":"https:\/\/roveyayinevi.com.tr\/index.php\/urun\/insanin-estetik-egitimi-uzerine\/"},"modified":"2026-04-16T02:30:37","modified_gmt":"2026-04-15T23:30:37","slug":"insanin-estetik-egitimi-uzerine","status":"publish","type":"product","link":"https:\/\/roveyayinevi.com.tr\/index.php\/urun\/insanin-estetik-egitimi-uzerine\/","title":{"rendered":"\u0130nsan\u0131n Estetik E\u011fitimi \u00dczerine"},"content":{"rendered":"<p>Alman \u015fair ve filozof Friedrich Schiller\u2019in \u0130nsan\u0131n Estetik E\u011fitimi \u00dczerine adl\u0131 eseri, her biri kendi ba\u015f\u0131na klasik olan yirmi yedi mektuptan olu\u015fmaktad\u0131r.Bu kitap, \u2018ahlakl\u0131 toplum ideali\u2019ni, tarih, toplum, siyaset ve ahlak felsefesinin, estetik ile bulu\u015ftu\u011fu yerde g\u00f6rmektedir; Ayd\u0131nlanman\u0131n, Ak\u0131l \u00c7a\u011f\u0131n\u0131n ve Frans\u0131z Devriminin k\u0131skac\u0131nda, birbirinden ayr\u0131lamaz olarak g\u00f6rd\u00fc\u011f\u00fc, estetik hayat\u0131n ve estetik medeniyetin savunusunu ve g\u00fcn\u00fcm\u00fcze ta\u015f\u0131y\u0131c\u0131l\u0131\u011f\u0131n\u0131 yapmaktad\u0131r.Dostu Goethe\u2019den, Hegel\u2019e; Gadamer\u2019den, Derrida\u2019ya ula\u015fan bu mesaj, estetik hayat\u0131 ve medeniyeti kurmaya davet etmektedir.Schiller\u2019in bu ba\u015fyap\u0131t\u0131n\u0131, G\u00fcrsel Ayta\u00e7 ve Do\u011fan G\u00f6\u00e7men\u2019in de\u011ferledirmeleriyle sunuyoruz.<\/p>\n","protected":false},"excerpt":{"rendered":"<p>Alman \u015fair ve filozof Friedrich Schiller\u2019in \u0130nsan\u0131n Estetik E\u011fitimi \u00dczerine adl\u0131 eseri, her biri kendi ba\u015f\u0131na klasik olan yirmi yedi mektuptan olu\u015fmaktad\u0131r.Bu kitap, \u2018ahlakl\u0131 toplum ideali\u2019ni,<span class=\"excerpt-hellip\"> [\u2026]<\/span><\/p>\n","protected":false},"featured_media":0,"template":"","meta":{"_monsterinsights_skip_tracking":false,"_monsterinsights_sitenote_active":false,"_monsterinsights_sitenote_note":"","_monsterinsights_sitenote_category":0},"product_brand":[],"product_cat":[12389,12388],"product_tag":[],"class_list":{"0":"post-722732","1":"product","2":"type-product","3":"status-publish","5":"product_cat-diger-felsefe","6":"product_cat-felsefe","7":"pa_cilt-ciltsiz","8":"pa_tur-kitap","9":"pa_yayinevi-fol-kitap","10":"pa_yazar-friedrich-von-schiller","12":"first","13":"instock","14":"sale","15":"shipping-taxable","16":"purchasable","17":"product-type-simple"},"_links":{"self":[{"href":"https:\/\/roveyayinevi.com.tr\/index.php\/wp-json\/wp\/v2\/product\/722732","targetHints":{"allow":["GET"]}}],"collection":[{"href":"https:\/\/roveyayinevi.com.tr\/index.php\/wp-json\/wp\/v2\/product"}],"about":[{"href":"https:\/\/roveyayinevi.com.tr\/index.php\/wp-json\/wp\/v2\/types\/product"}],"wp:attachment":[{"href":"https:\/\/roveyayinevi.com.tr\/index.php\/wp-json\/wp\/v2\/media?parent=722732"}],"wp:term":[{"taxonomy":"product_brand","embeddable":true,"href":"https:\/\/roveyayinevi.com.tr\/index.php\/wp-json\/wp\/v2\/product_brand?post=722732"},{"taxonomy":"product_cat","embeddable":true,"href":"https:\/\/roveyayinevi.com.tr\/index.php\/wp-json\/wp\/v2\/product_cat?post=722732"},{"taxonomy":"product_tag","embeddable":true,"href":"https:\/\/roveyayinevi.com.tr\/index.php\/wp-json\/wp\/v2\/product_tag?post=722732"}],"curies":[{"name":"wp","href":"https:\/\/api.w.org\/{rel}","templated":true}]}}