{"id":722731,"date":"2025-08-27T19:08:17","date_gmt":"2025-08-27T16:08:17","guid":{"rendered":"https:\/\/roveyayinevi.com.tr\/index.php\/urun\/homerostan-nazima-siir-ve-felsefe\/"},"modified":"2026-04-16T02:30:37","modified_gmt":"2026-04-15T23:30:37","slug":"homerostan-nazima-siir-ve-felsefe","status":"publish","type":"product","link":"https:\/\/roveyayinevi.com.tr\/index.php\/urun\/homerostan-nazima-siir-ve-felsefe\/","title":{"rendered":"Homeros&#8217;tan Naz\u0131m&#8217;a \u015eiir ve Felsefe"},"content":{"rendered":"<p>\u0130nsan\u0131 saran ve sarsan o g\u00fcc\u00fc, s\u00f6z\u00fcn b\u00fcy\u00fcs\u00fcn\u00fc ku\u015fanan ilk ozan ne Homeros\u2019tu ne de son ozan N\u00e2z\u0131m\u2026Ancak bu co\u011frafyada ve d\u00fcnyada \u2018dilde destan\u2019 olan iki b\u00fcy\u00fck ozand\u0131 onlar, yurtta\u015flar\u0131m\u0131z bizim\u2026Homeros, tanr\u0131lar\u0131n demirden y\u00fcre\u011fine, insan\u0131n toprak y\u00fcre\u011fiyle seslenen Hektor\u2019un ac\u0131s\u0131n\u0131 bug\u00fcne, yar\u0131nlara ta\u015f\u0131rken; N\u00e2z\u0131m, ball\u0131 incirleri hep beraber yiyebilmek u\u011fruna, yapraks\u0131z bir incir a\u011fac\u0131n\u0131n dal\u0131nda sallanan \u015feyhinin, Bedreddin\u2019in \u00f6zlemini ula\u015ft\u0131rd\u0131 bize, ula\u015ft\u0131racak bizden sonrakilere\u2026Kenan Sar\u0131alio\u011flu\u2019nun bu eseri, Antik Yunandan Modern T\u00fcrk Edebiyat\u0131na \u015fiir ve felsefe ili\u015fkisini ele al\u0131yor. Felsefenin \u015fiiri konu edini\u015fini, ontolojik (Aristoteles), idealist felsefe (Hegel), sanat ontolojisi (Hartmann), fenomenolojik (Bachelard), varolu\u015f\u00e7uluk (Sartre) ve nihilist felsefe a\u00e7\u0131s\u0131ndan (Cioran) inceliyor.<\/p>\n","protected":false},"excerpt":{"rendered":"<p>\u0130nsan\u0131 saran ve sarsan o g\u00fcc\u00fc, s\u00f6z\u00fcn b\u00fcy\u00fcs\u00fcn\u00fc ku\u015fanan ilk ozan ne Homeros\u2019tu ne de son ozan N\u00e2z\u0131m\u2026Ancak bu co\u011frafyada ve d\u00fcnyada \u2018dilde destan\u2019 olan iki<span class=\"excerpt-hellip\"> [\u2026]<\/span><\/p>\n","protected":false},"featured_media":0,"template":"","meta":{"_monsterinsights_skip_tracking":false,"_monsterinsights_sitenote_active":false,"_monsterinsights_sitenote_note":"","_monsterinsights_sitenote_category":0},"product_brand":[],"product_cat":[12389,12388],"product_tag":[],"class_list":{"0":"post-722731","1":"product","2":"type-product","3":"status-publish","5":"product_cat-diger-felsefe","6":"product_cat-felsefe","7":"pa_cilt-ciltsiz","8":"pa_tur-kitap","9":"pa_yayinevi-fol-kitap","10":"pa_yazar-kenan-sarialioglu","12":"first","13":"instock","14":"sale","15":"shipping-taxable","16":"purchasable","17":"product-type-simple"},"_links":{"self":[{"href":"https:\/\/roveyayinevi.com.tr\/index.php\/wp-json\/wp\/v2\/product\/722731","targetHints":{"allow":["GET"]}}],"collection":[{"href":"https:\/\/roveyayinevi.com.tr\/index.php\/wp-json\/wp\/v2\/product"}],"about":[{"href":"https:\/\/roveyayinevi.com.tr\/index.php\/wp-json\/wp\/v2\/types\/product"}],"wp:attachment":[{"href":"https:\/\/roveyayinevi.com.tr\/index.php\/wp-json\/wp\/v2\/media?parent=722731"}],"wp:term":[{"taxonomy":"product_brand","embeddable":true,"href":"https:\/\/roveyayinevi.com.tr\/index.php\/wp-json\/wp\/v2\/product_brand?post=722731"},{"taxonomy":"product_cat","embeddable":true,"href":"https:\/\/roveyayinevi.com.tr\/index.php\/wp-json\/wp\/v2\/product_cat?post=722731"},{"taxonomy":"product_tag","embeddable":true,"href":"https:\/\/roveyayinevi.com.tr\/index.php\/wp-json\/wp\/v2\/product_tag?post=722731"}],"curies":[{"name":"wp","href":"https:\/\/api.w.org\/{rel}","templated":true}]}}