{"id":722730,"date":"2025-08-27T19:08:16","date_gmt":"2025-08-27T16:08:16","guid":{"rendered":"https:\/\/roveyayinevi.com.tr\/index.php\/urun\/estetik-begeni\/"},"modified":"2026-04-16T02:30:37","modified_gmt":"2026-04-15T23:30:37","slug":"estetik-begeni","status":"publish","type":"product","link":"https:\/\/roveyayinevi.com.tr\/index.php\/urun\/estetik-begeni\/","title":{"rendered":"Estetik Be\u011feni"},"content":{"rendered":"<p>D\u00fc\u015f\u00fcn tarihimizde \u2018felsefi estetik\u2019in kurucusu say\u0131lan \u0130smail Tunal\u0131\u2019n\u0131n Estetik Be\u011feni eseri, bu topraklarda daha \u00f6nce kimsenin giri\u015fmedi\u011fi bir i\u015fe, yetkince giri\u015fiyor. G\u00fcncel sanat ve estetik sorunlar\u0131na \u00e7a\u011fda\u015f yakla\u015f\u0131mlar sergileyerek, estetik \u00fczerine \u015fu \u2018zamand\u0131\u015f\u0131\u2019 felsefi sorular\u0131 ele al\u0131yor:Ontolojik estetik nedir? Zevkler ve be\u011feniler tart\u0131\u015f\u0131lamaz m\u0131d\u0131r? Aristoteles, Poetika\u2019s\u0131nda ne t\u00fcr bir estetik yap\u0131 kurmu\u015ftur? Kant esteti\u011finde \u2018y\u00fcce\u2019 ve \u2018ho\u015f\u2018 ne anlama gelir?Kainz\u2019a g\u00f6re, diferansiyel esteti\u011fin g\u00f6revi nedir? Worringer\u2019e g\u00f6re insan evrende ni\u00e7in huzursuzdur, ni\u00e7in bir korku i\u00e7indedir? Roman Ingarden i\u00e7in Faust ideal bir obje miydi? Pop art ve op art, modern insan\u0131n yabanc\u0131la\u015fmas\u0131n\u0131n \u00fcr\u00fcn\u00fc m\u00fcd\u00fcr? Wittgenstein\u2019a g\u00f6re esteti\u011fin bir felsefe bilimi oldu\u011fu nas\u0131l kan\u0131tlanabilir? Kandinsky i\u00e7in sanat\u0131n formlar konstruksiyonu olmas\u0131 ne anlama gelir?<\/p>\n","protected":false},"excerpt":{"rendered":"<p>D\u00fc\u015f\u00fcn tarihimizde \u2018felsefi estetik\u2019in kurucusu say\u0131lan \u0130smail Tunal\u0131\u2019n\u0131n Estetik Be\u011feni eseri, bu topraklarda daha \u00f6nce kimsenin giri\u015fmedi\u011fi bir i\u015fe, yetkince giri\u015fiyor. G\u00fcncel sanat ve estetik sorunlar\u0131na<span class=\"excerpt-hellip\"> [\u2026]<\/span><\/p>\n","protected":false},"featured_media":0,"template":"","meta":{"_monsterinsights_skip_tracking":false,"_monsterinsights_sitenote_active":false,"_monsterinsights_sitenote_note":"","_monsterinsights_sitenote_category":0},"product_brand":[],"product_cat":[12389,12388],"product_tag":[],"class_list":{"0":"post-722730","1":"product","2":"type-product","3":"status-publish","5":"product_cat-diger-felsefe","6":"product_cat-felsefe","7":"pa_cilt-ciltsiz","8":"pa_tur-kitap","9":"pa_yayinevi-fol-kitap","10":"pa_yazar-ismail-tunali","12":"first","13":"instock","14":"sale","15":"shipping-taxable","16":"purchasable","17":"product-type-simple"},"_links":{"self":[{"href":"https:\/\/roveyayinevi.com.tr\/index.php\/wp-json\/wp\/v2\/product\/722730","targetHints":{"allow":["GET"]}}],"collection":[{"href":"https:\/\/roveyayinevi.com.tr\/index.php\/wp-json\/wp\/v2\/product"}],"about":[{"href":"https:\/\/roveyayinevi.com.tr\/index.php\/wp-json\/wp\/v2\/types\/product"}],"wp:attachment":[{"href":"https:\/\/roveyayinevi.com.tr\/index.php\/wp-json\/wp\/v2\/media?parent=722730"}],"wp:term":[{"taxonomy":"product_brand","embeddable":true,"href":"https:\/\/roveyayinevi.com.tr\/index.php\/wp-json\/wp\/v2\/product_brand?post=722730"},{"taxonomy":"product_cat","embeddable":true,"href":"https:\/\/roveyayinevi.com.tr\/index.php\/wp-json\/wp\/v2\/product_cat?post=722730"},{"taxonomy":"product_tag","embeddable":true,"href":"https:\/\/roveyayinevi.com.tr\/index.php\/wp-json\/wp\/v2\/product_tag?post=722730"}],"curies":[{"name":"wp","href":"https:\/\/api.w.org\/{rel}","templated":true}]}}