{"id":722727,"date":"2025-08-27T19:08:14","date_gmt":"2025-08-27T16:08:14","guid":{"rendered":"https:\/\/roveyayinevi.com.tr\/index.php\/urun\/marxin-din-felsefesi\/"},"modified":"2026-04-16T02:30:37","modified_gmt":"2026-04-15T23:30:37","slug":"marxin-din-felsefesi","status":"publish","type":"product","link":"https:\/\/roveyayinevi.com.tr\/index.php\/urun\/marxin-din-felsefesi\/","title":{"rendered":"Marx\u2019\u0131n Din Felsefesi"},"content":{"rendered":"<p>Dine s\u0131\u011f\u0131nan insan, her \u015feyi metaya d\u00f6n\u00fc\u015ft\u00fcren kapitalist ili\u015fkiler i\u00e7erisinde, kendisini manevi bir varl\u0131k olarak hissetmek istiyor. Din, kapitalizmin ac\u0131mas\u0131zl\u0131\u011f\u0131 kar\u015f\u0131s\u0131nda halk\u0131n s\u0131\u011f\u0131nd\u0131\u011f\u0131 bir liman oluyor; ac\u0131 kar\u015f\u0131s\u0131nda bir afyon g\u00f6revi \u00fcstleniyor, ac\u0131y\u0131 dindiriyor. Dine yaslanmak, ac\u0131mas\u0131z s\u00f6m\u00fcr\u00fc ili\u015fkilerinde kendi bulundu\u011fu yere katlanabilmeyi sa\u011flarken, ayn\u0131 zamanda bir ba\u015fkald\u0131r\u0131 da olabiliyor. Tam da bu noktada, Marx\u2019\u0131n din ele\u015ftirisi, \u015fu s\u00f6zlerle, kapitalizmin ele\u015ftirisi oluyor:   \u201c\u0130nsan\u0131n i\u00e7inde a\u015fa\u011f\u0131lanm\u0131\u015f bir varl\u0131k oldu\u011fu, k\u00f6lele\u015fmi\u015f bir varl\u0131k oldu\u011fu, terk edilmi\u015f bir varl\u0131k oldu\u011fu, ihmal edilmi\u015f bir varl\u0131k oldu\u011fu, b\u00fct\u00fcn ili\u015fkileri devirin!\u201d   B\u00f6ylece cennetin ele\u015ftirisi d\u00fcnyan\u0131n ele\u015ftirisine, dinin ele\u015ftirisi hukukun ele\u015ftirisine, ilahiyat\u0131n ele\u015ftirisi politikan\u0131n ele\u015ftirisine d\u00f6n\u00fc\u015f\u00fcyor. T\u00fcm y\u00f6nleriyle Marx\u2019\u0131n din felsefesinin ele al\u0131nd\u0131\u011f\u0131, bu de\u011ferli \u00e7al\u0131\u015fmay\u0131, H\u00fcr Sinan \u00d6zbek\u2019in kalemiyle sunuyoruz.<\/p>\n","protected":false},"excerpt":{"rendered":"<p>Dine s\u0131\u011f\u0131nan insan, her \u015feyi metaya d\u00f6n\u00fc\u015ft\u00fcren kapitalist ili\u015fkiler i\u00e7erisinde, kendisini manevi bir varl\u0131k olarak hissetmek istiyor. Din, kapitalizmin ac\u0131mas\u0131zl\u0131\u011f\u0131 kar\u015f\u0131s\u0131nda halk\u0131n s\u0131\u011f\u0131nd\u0131\u011f\u0131 bir liman oluyor;<span class=\"excerpt-hellip\"> [\u2026]<\/span><\/p>\n","protected":false},"featured_media":0,"template":"","meta":{"_monsterinsights_skip_tracking":false,"_monsterinsights_sitenote_active":false,"_monsterinsights_sitenote_note":"","_monsterinsights_sitenote_category":0},"product_brand":[],"product_cat":[19998,12388],"product_tag":[],"class_list":{"0":"post-722727","1":"product","2":"type-product","3":"status-publish","5":"product_cat-din-felsefesi","6":"product_cat-felsefe","7":"pa_cilt-ciltsiz","8":"pa_tur-kitap","9":"pa_yayinevi-fol-kitap","10":"pa_yazar-hur-sinan-ozbek","12":"first","13":"instock","14":"sale","15":"shipping-taxable","16":"purchasable","17":"product-type-simple"},"_links":{"self":[{"href":"https:\/\/roveyayinevi.com.tr\/index.php\/wp-json\/wp\/v2\/product\/722727","targetHints":{"allow":["GET"]}}],"collection":[{"href":"https:\/\/roveyayinevi.com.tr\/index.php\/wp-json\/wp\/v2\/product"}],"about":[{"href":"https:\/\/roveyayinevi.com.tr\/index.php\/wp-json\/wp\/v2\/types\/product"}],"wp:attachment":[{"href":"https:\/\/roveyayinevi.com.tr\/index.php\/wp-json\/wp\/v2\/media?parent=722727"}],"wp:term":[{"taxonomy":"product_brand","embeddable":true,"href":"https:\/\/roveyayinevi.com.tr\/index.php\/wp-json\/wp\/v2\/product_brand?post=722727"},{"taxonomy":"product_cat","embeddable":true,"href":"https:\/\/roveyayinevi.com.tr\/index.php\/wp-json\/wp\/v2\/product_cat?post=722727"},{"taxonomy":"product_tag","embeddable":true,"href":"https:\/\/roveyayinevi.com.tr\/index.php\/wp-json\/wp\/v2\/product_tag?post=722727"}],"curies":[{"name":"wp","href":"https:\/\/api.w.org\/{rel}","templated":true}]}}