{"id":722726,"date":"2025-08-27T19:08:14","date_gmt":"2025-08-27T16:08:14","guid":{"rendered":"https:\/\/roveyayinevi.com.tr\/index.php\/urun\/ingiltere-tarihi\/"},"modified":"2026-04-16T02:30:37","modified_gmt":"2026-04-15T23:30:37","slug":"ingiltere-tarihi","status":"publish","type":"product","link":"https:\/\/roveyayinevi.com.tr\/index.php\/urun\/ingiltere-tarihi\/","title":{"rendered":"\u0130ngiltere Tarihi"},"content":{"rendered":"<p>\u0130ngiltere tarihi bir \u00fclkenin ve halk\u0131n ortak yazg\u0131s\u0131ndan \u00e7ok daha fazlas\u0131na sahiptir. Bu tarih \u0130sko\u00e7ya, \u0130rlanda ve Galler ile birlikte topyek\u00fbn Britanya Adalar\u0131 tarihidir. B\u00fct\u00fcn\u00fcyle bak\u0131ld\u0131\u011f\u0131nda emperyal bir g\u00fcc\u00fcn Avrupa\u2019dan Amerika\u2019ya, Ortado\u011fu\u2019dan Hindistan\u2019a yay\u0131lmas\u0131 ve en uzak topraklarda diplomasi, s\u00f6m\u00fcrge, ekonomi, dil ve k\u00fclt\u00fcr, edebiyat arac\u0131l\u0131\u011f\u0131yla h\u00fck\u00fcm s\u00fcrmesidir. En geni\u015f anlam\u0131yla \u0130ngiltere bir y\u00f6netim sanat\u0131 ve uzla\u015fman\u0131n eseridir. Hem i\u00e7eride hem de d\u0131\u015far\u0131da kriz ve bunal\u0131mlar\u0131 kendine \u00f6zg\u00fc de\u011ferleri ve tarihsel s\u00fcreklili\u011fini koruyarak \u00e7\u00f6zm\u00fc\u015ft\u00fcr. Bu nitelik ona, K\u0131ta Avrupas\u0131 ve t\u00fcm rakiplerinden daha \u00fcst\u00fcn, her ko\u015fulda en ger\u00e7ek\u00e7i politikalar\u0131 \u00fcretebilme ayr\u0131cal\u0131\u011f\u0131n\u0131 kazand\u0131rm\u0131\u015ft\u0131r. Bu \u00fclkede at\u0131lan ad\u0131mlar kendi s\u0131n\u0131rlar\u0131na hapsolmam\u0131\u015f, d\u00fcnya siyasetini do\u011frudan etkilemi\u015f ve uluslar\u0131n gelece\u011fini tayin etmi\u015ftir. Bireyin tan\u0131m\u0131n\u0131, evrensel hukuk anlay\u0131\u015f\u0131n\u0131, demokrasi ve parlamento gelene\u011fini a\u00e7\u0131kl\u0131\u011fa kavu\u015fturmak i\u00e7in hep bu \u00fclkede olup bitenlere dikkat kesilmek gerekecekti. Hen\u00fcz 1215\u2019te bu topraklarda iktidar\u0131n s\u0131n\u0131rs\u0131z bir g\u00fcce sahip olmad\u0131\u011f\u0131 s\u00f6ylenmi\u015ftir. Magna Carta\u2019n\u0131n il\u00e2n\u0131, burjuva s\u0131n\u0131f\u0131n\u0131n do\u011fu\u015fu, Sanayi ve Ula\u015f\u0131m devrimleri, birbiri ard\u0131na icat ve yenilikler, refah, l\u00fcks ve moda anlay\u0131\u015f\u0131, t\u00fcketim toplumu, futbol seyri vb. t\u00fcm bu olaylar ve ya\u015fam tarzlar\u0131ndaki de\u011fi\u015fimler ba\u015fka toplumlar\u0131 da bir cazibe unsuru olarak bu \u00fclkenin tarihine ve ge\u00e7mi\u015fine \u00e7ekmi\u015ftir. \u2026 Ve II. Richard\u2019lar\u0131n, Mary Stuart\u2019lar\u0131n, Elisabeth\u2019lerin \u0130ngilteresi\u2026 Say\u0131s\u0131z sava\u015f\u0131n, dinmeyen ihtiraslar\u0131n, taht kavgalar\u0131n\u0131n, de\u011ferler m\u00fccadelesinin, \u00f6nc\u00fc fikirlerin yer ald\u0131\u011f\u0131 bu sayfalar, kurulu\u015fundan g\u00fcn\u00fcm\u00fcze bir \u00fclkenin tarihini ayd\u0131nlatmaktad\u0131r. <\/p>\n","protected":false},"excerpt":{"rendered":"<p>\u0130ngiltere tarihi bir \u00fclkenin ve halk\u0131n ortak yazg\u0131s\u0131ndan \u00e7ok daha fazlas\u0131na sahiptir. Bu tarih \u0130sko\u00e7ya, \u0130rlanda ve Galler ile birlikte topyek\u00fbn Britanya Adalar\u0131 tarihidir. B\u00fct\u00fcn\u00fcyle bak\u0131ld\u0131\u011f\u0131nda<span class=\"excerpt-hellip\"> [\u2026]<\/span><\/p>\n","protected":false},"featured_media":0,"template":"","meta":{"_monsterinsights_skip_tracking":false,"_monsterinsights_sitenote_active":false,"_monsterinsights_sitenote_note":"","_monsterinsights_sitenote_category":0},"product_brand":[],"product_cat":[12312,12304],"product_tag":[],"class_list":{"0":"post-722726","1":"product","2":"type-product","3":"status-publish","5":"product_cat-diger","6":"product_cat-tarih","7":"pa_cilt-ciltsiz","8":"pa_tur-kitap","9":"pa_yayinevi-dogu-bati-yayinlari","10":"pa_yazar-jeremy-black","12":"first","13":"instock","14":"sale","15":"shipping-taxable","16":"purchasable","17":"product-type-simple"},"_links":{"self":[{"href":"https:\/\/roveyayinevi.com.tr\/index.php\/wp-json\/wp\/v2\/product\/722726","targetHints":{"allow":["GET"]}}],"collection":[{"href":"https:\/\/roveyayinevi.com.tr\/index.php\/wp-json\/wp\/v2\/product"}],"about":[{"href":"https:\/\/roveyayinevi.com.tr\/index.php\/wp-json\/wp\/v2\/types\/product"}],"wp:attachment":[{"href":"https:\/\/roveyayinevi.com.tr\/index.php\/wp-json\/wp\/v2\/media?parent=722726"}],"wp:term":[{"taxonomy":"product_brand","embeddable":true,"href":"https:\/\/roveyayinevi.com.tr\/index.php\/wp-json\/wp\/v2\/product_brand?post=722726"},{"taxonomy":"product_cat","embeddable":true,"href":"https:\/\/roveyayinevi.com.tr\/index.php\/wp-json\/wp\/v2\/product_cat?post=722726"},{"taxonomy":"product_tag","embeddable":true,"href":"https:\/\/roveyayinevi.com.tr\/index.php\/wp-json\/wp\/v2\/product_tag?post=722726"}],"curies":[{"name":"wp","href":"https:\/\/api.w.org\/{rel}","templated":true}]}}