{"id":722725,"date":"2025-08-27T19:08:13","date_gmt":"2025-08-27T16:08:13","guid":{"rendered":"https:\/\/roveyayinevi.com.tr\/index.php\/urun\/artik-anne-olmak-istiyorum\/"},"modified":"2026-04-16T02:30:37","modified_gmt":"2026-04-15T23:30:37","slug":"artik-anne-olmak-istiyorum","status":"publish","type":"product","link":"https:\/\/roveyayinevi.com.tr\/index.php\/urun\/artik-anne-olmak-istiyorum\/","title":{"rendered":"Art\u0131k Anne Olmak \u0130stiyorum"},"content":{"rendered":"<p>D\u00fc\u015f\u00fcnmeyi b\u0131rak, hamile kal. \u0130yi ama nas\u0131l? Kolaysa sen d\u00fc\u015f\u00fcnme!Ge\u00e7 kald\u0131m, yumurta kalitem d\u00fc\u015ft\u00fc.Ben tam bir kad\u0131n de\u011fil miyim? Kocam\u0131 baba yapamad\u0131m.90 g\u00fcnde duygular\u0131n\u0131 de\u011fi\u015ftirerek nas\u0131l hamileli\u011fe destek verecek hale getirebilirsin?Sevgili Anne Adaylar\u0131,Hamilelik bir tak\u0131m oyunudur. S\u00fcre\u00e7te en \u00f6nemli tak\u0131m oyuncular\u0131n\u0131z, elbette ki doktorunuz, hastaneniz, hastane personeliniz ve e\u015finizdir. Bu kitapta verilen \u00e7al\u0131\u015fmalar, asla t\u0131bb\u0131n yerine ge\u00e7mez. Ancak, v\u00fccudunuzu doktorlar\u0131n\u0131za daha haz\u0131r hale getirecektir.Sayg\u0131de\u011fer Okurlar,20 y\u0131ll\u0131k hekimlik hayat\u0131mda, bebek iste\u011fi olan hastalar\u0131m\u0131 geriye d\u00f6n\u00fck de\u011ferlendirdi\u011fimde, ruhlar\u0131n\u0131n b\u00f6yle bir deste\u011fe ihtiyac\u0131 oldu\u011funu g\u00f6rmezden gelmek m\u00fcmk\u00fcn de\u011fil.Bebek istemi ile kliniklerimizde de\u011ferlendirilmi\u015f ve sebebi belli olmayan pek \u00e7ok \u00e7ift psikolojik gerginlikler ve bilin\u00e7alt\u0131nda kendilerine yaratt\u0131klar\u0131 bask\u0131lar sebebiyle gebe kalamaz. Bunun en b\u00fcy\u00fck ispat\u0131 bu \u00e7iftlerimizin ikinci \u00e7ocuklar\u0131na \u00e7o\u011funlukla kendili\u011finden gebe kalmas\u0131 veya tedavi karar\u0131 verdikten hemen sonra hamile olduklar\u0131n\u0131 tespit etmeleridir. Elbette medikal tedavinin primer rol\u00fc g\u00f6z ard\u0131 edilemez ve edilmemelidir. Fakat ruhunuzu dinlendirmek ve temizlemek inan\u0131n hepinize iyi gelir. Enerji, evrenin olu\u015fumundan g\u00fcn\u00fcm\u00fcze kadar her dinami\u011fi y\u00f6netiyor. Siz de enerjinize s\u0131rt\u0131n\u0131z\u0131 d\u00f6nmeyin. Ona kucak a\u00e7\u0131n ve kendinizi daha iyi tan\u0131y\u0131n. Kitab\u0131 keyifle okuman\u0131z\u0131 diler ve her daim kendinizi sevme.<\/p>\n","protected":false},"excerpt":{"rendered":"<p>D\u00fc\u015f\u00fcnmeyi b\u0131rak, hamile kal. \u0130yi ama nas\u0131l? Kolaysa sen d\u00fc\u015f\u00fcnme!Ge\u00e7 kald\u0131m, yumurta kalitem d\u00fc\u015ft\u00fc.Ben tam bir kad\u0131n de\u011fil miyim? Kocam\u0131 baba yapamad\u0131m.90 g\u00fcnde duygular\u0131n\u0131 de\u011fi\u015ftirerek nas\u0131l<span class=\"excerpt-hellip\"> [\u2026]<\/span><\/p>\n","protected":false},"featured_media":0,"template":"","meta":{"_monsterinsights_skip_tracking":false,"_monsterinsights_sitenote_active":false,"_monsterinsights_sitenote_note":"","_monsterinsights_sitenote_category":0},"product_brand":[],"product_cat":[12364,12376],"product_tag":[],"class_list":{"0":"post-722725","1":"product","2":"type-product","3":"status-publish","5":"product_cat-genel-konular","6":"product_cat-kisisel-gelisim","7":"pa_cilt-ciltsiz","8":"pa_tur-kitap","9":"pa_yayinevi-inkilap-kitabevi","10":"pa_yazar-seda-diker","12":"first","13":"instock","14":"sale","15":"shipping-taxable","16":"purchasable","17":"product-type-simple"},"_links":{"self":[{"href":"https:\/\/roveyayinevi.com.tr\/index.php\/wp-json\/wp\/v2\/product\/722725","targetHints":{"allow":["GET"]}}],"collection":[{"href":"https:\/\/roveyayinevi.com.tr\/index.php\/wp-json\/wp\/v2\/product"}],"about":[{"href":"https:\/\/roveyayinevi.com.tr\/index.php\/wp-json\/wp\/v2\/types\/product"}],"wp:attachment":[{"href":"https:\/\/roveyayinevi.com.tr\/index.php\/wp-json\/wp\/v2\/media?parent=722725"}],"wp:term":[{"taxonomy":"product_brand","embeddable":true,"href":"https:\/\/roveyayinevi.com.tr\/index.php\/wp-json\/wp\/v2\/product_brand?post=722725"},{"taxonomy":"product_cat","embeddable":true,"href":"https:\/\/roveyayinevi.com.tr\/index.php\/wp-json\/wp\/v2\/product_cat?post=722725"},{"taxonomy":"product_tag","embeddable":true,"href":"https:\/\/roveyayinevi.com.tr\/index.php\/wp-json\/wp\/v2\/product_tag?post=722725"}],"curies":[{"name":"wp","href":"https:\/\/api.w.org\/{rel}","templated":true}]}}