{"id":722722,"date":"2025-08-27T19:08:11","date_gmt":"2025-08-27T16:08:11","guid":{"rendered":"https:\/\/roveyayinevi.com.tr\/index.php\/urun\/insan-denen-canavar-2\/"},"modified":"2026-04-16T02:30:37","modified_gmt":"2026-04-15T23:30:37","slug":"insan-denen-canavar-2","status":"publish","type":"product","link":"https:\/\/roveyayinevi.com.tr\/index.php\/urun\/insan-denen-canavar-2\/","title":{"rendered":"\u0130nsan Denen Canavar"},"content":{"rendered":"<p>Kar\u015f\u0131s\u0131na \u00e7\u0131kacak herkesi yok etmeye kararl\u0131 \u00fc\u00e7 ordu Yeni Prentiss Kasabas\u0131\u2019na do\u011fru yol al\u0131yordu. T\u00fcm bu kaosun ortas\u0131nda kapana k\u0131s\u0131lm\u0131\u015f Todd ve Viola\u2019n\u0131n ise bar\u0131\u015f\u0131 sa\u011flayabilmek i\u00e7in korkun\u00e7 se\u00e7imler yapmalar\u0131 gerekiyordu ve her karar\u0131n, her s\u00f6z\u00fcn sonu\u00e7lar\u0131 herkesin kaderini belirleyecekti.Tiran\u0131 m\u0131 ter\u00f6risti mi dinleyeceklerdi? Sevdiklerini mi yoksa binlerce yabanc\u0131y\u0131 m\u0131 kurtaracaklard\u0131? Pi\u015fmanl\u0131k iyile\u015ftirir miydi yoksa bu sava\u015f \u00e7oktan m\u0131 kaybedilmi\u015fti?Carnegie Madalyas\u0131Arthur C. Clarke \u00d6d\u00fcl\u00fc aday\u0131Gen\u00e7 Yeti\u015fkin Buckeye Kitap \u00d6d\u00fcl\u00fc Aday\u0131Goodreads Okur \u00d6d\u00fclleri Gen\u00e7 Yeti\u015fkin Fantazya Aday\u0131\u201cSon y\u0131llarda yaz\u0131lm\u0131\u015f en \u00f6nemli gen\u00e7 yeti\u015fkin bilimkurgu serilerinden biri.\u201d \u2014Publishers Weekly (starred review)\u201cGaddarl\u0131\u011f\u0131n ve idealizmin e\u015fsiz birle\u015fimi, yani insan olman\u0131n.\u201d \u2014Booklist (starred review)\u201cBenzersiz.\u201d \u2013Guardian\u201cOkurlar\u0131n bir solukta bitirmek isteyecekleri kadar s\u00fcr\u00fckleyici bir seri.\u201d \u2014School Library Journal\u201cKaos Y\u00fcr\u00fcy\u00fc\u015f\u00fc serisi ola\u011fan\u00fcst\u00fc ve son kitab\u0131 \u0130nsan Denen Canavar muazzam bir ba\u015far\u0131 \u00fcr\u00fcn\u00fc.\u201d \u2014Times\u201cSava\u015f temas\u0131 \u00fczerinden gitse de ahlaki se\u00e7imler ve bunlar\u0131n sonu\u00e7lar\u0131 \u00fczerine \u00e7arp\u0131c\u0131 bir eser.\u201d \u2014Daily Mail\u201cT\u00fcm beklentilerinizi kar\u015f\u0131layacak.\u201d \u2014Daily Express\u201cGerilimi dayan\u0131lmayacak kadar y\u00fcksek seviyelere \u00e7\u0131kar\u0131yor.\u201d \u2014Books Quartely<\/p>\n","protected":false},"excerpt":{"rendered":"<p>Kar\u015f\u0131s\u0131na \u00e7\u0131kacak herkesi yok etmeye kararl\u0131 \u00fc\u00e7 ordu Yeni Prentiss Kasabas\u0131\u2019na do\u011fru yol al\u0131yordu. T\u00fcm bu kaosun ortas\u0131nda kapana k\u0131s\u0131lm\u0131\u015f Todd ve Viola\u2019n\u0131n ise bar\u0131\u015f\u0131 sa\u011flayabilmek<span class=\"excerpt-hellip\"> [\u2026]<\/span><\/p>\n","protected":false},"featured_media":0,"template":"","meta":{"_monsterinsights_skip_tracking":false,"_monsterinsights_sitenote_active":false,"_monsterinsights_sitenote_note":"","_monsterinsights_sitenote_category":0},"product_brand":[],"product_cat":[12540,12291],"product_tag":[],"class_list":{"0":"post-722722","1":"product","2":"type-product","3":"status-publish","5":"product_cat-bilim-kurgu","6":"product_cat-edebiyat","7":"pa_cilt-ciltsiz","8":"pa_tur-kitap","9":"pa_yayinevi-yabanci-yayinevi","10":"pa_yazar-patrick-ness","12":"first","13":"instock","14":"sale","15":"shipping-taxable","16":"purchasable","17":"product-type-simple"},"_links":{"self":[{"href":"https:\/\/roveyayinevi.com.tr\/index.php\/wp-json\/wp\/v2\/product\/722722","targetHints":{"allow":["GET"]}}],"collection":[{"href":"https:\/\/roveyayinevi.com.tr\/index.php\/wp-json\/wp\/v2\/product"}],"about":[{"href":"https:\/\/roveyayinevi.com.tr\/index.php\/wp-json\/wp\/v2\/types\/product"}],"wp:attachment":[{"href":"https:\/\/roveyayinevi.com.tr\/index.php\/wp-json\/wp\/v2\/media?parent=722722"}],"wp:term":[{"taxonomy":"product_brand","embeddable":true,"href":"https:\/\/roveyayinevi.com.tr\/index.php\/wp-json\/wp\/v2\/product_brand?post=722722"},{"taxonomy":"product_cat","embeddable":true,"href":"https:\/\/roveyayinevi.com.tr\/index.php\/wp-json\/wp\/v2\/product_cat?post=722722"},{"taxonomy":"product_tag","embeddable":true,"href":"https:\/\/roveyayinevi.com.tr\/index.php\/wp-json\/wp\/v2\/product_tag?post=722722"}],"curies":[{"name":"wp","href":"https:\/\/api.w.org\/{rel}","templated":true}]}}