{"id":722719,"date":"2025-08-27T19:08:09","date_gmt":"2025-08-27T16:08:09","guid":{"rendered":"https:\/\/roveyayinevi.com.tr\/index.php\/urun\/evet-derseniz-olur\/"},"modified":"2026-04-03T02:36:47","modified_gmt":"2026-04-02T23:36:47","slug":"evet-derseniz-olur","status":"publish","type":"product","link":"https:\/\/roveyayinevi.com.tr\/index.php\/urun\/evet-derseniz-olur\/","title":{"rendered":"Evet Derseniz Olur"},"content":{"rendered":"<p>\u0130nsan; insan\u0131n insana, hayvana, do\u011faya, evrene verdi\u011fi tahribat ve sebep oldu\u011fu ac\u0131larla ba\u015fa \u00e7\u0131kmaya \u00e7al\u0131\u015f\u0131rken,Dayanabilmek ve tan\u0131kl\u0131\u011f\u0131n\u0131 yarg\u0131s\u0131z ve isyans\u0131z yapabilmek i\u00e7in,Kendi i\u00e7 karma\u015fas\u0131nda bo\u011fulurken, yard\u0131m diliyor;Ve yard\u0131m olarak da hat\u0131rlayan ruhlarla kesi\u015fiyor yolu.Zihnini, ruhunu, bedenini sakinle\u015ftirmene, yolundaki engelleri kald\u0131rmana yard\u0131mc\u0131, sevgili, \u015fefkatli, y\u00fcksek bilin\u00e7li ruhlarla\u2026\u0130\u015fte Ye\u015fim Kuzu \u00f6yle biri.Bu kitap ile de y\u00fcz binlerce ki\u015finin hayat\u0131n\u0131 de\u011fi\u015ftirecek.Binnur KayaOyuncu\u201cYe\u015fim Kuzu, binlerce insana yolunu bulmas\u0131nda \u0131\u015f\u0131k olacaks\u0131n\u201dVianna STibal<\/p>\n","protected":false},"excerpt":{"rendered":"<p>\u0130nsan; insan\u0131n insana, hayvana, do\u011faya, evrene verdi\u011fi tahribat ve sebep oldu\u011fu ac\u0131larla ba\u015fa \u00e7\u0131kmaya \u00e7al\u0131\u015f\u0131rken,Dayanabilmek ve tan\u0131kl\u0131\u011f\u0131n\u0131 yarg\u0131s\u0131z ve isyans\u0131z yapabilmek i\u00e7in,Kendi i\u00e7 karma\u015fas\u0131nda bo\u011fulurken, yard\u0131m<span class=\"excerpt-hellip\"> [\u2026]<\/span><\/p>\n","protected":false},"featured_media":0,"template":"","meta":{"_monsterinsights_skip_tracking":false,"_monsterinsights_sitenote_active":false,"_monsterinsights_sitenote_note":"","_monsterinsights_sitenote_category":0},"product_brand":[],"product_cat":[12364,12376],"product_tag":[],"class_list":{"0":"post-722719","1":"product","2":"type-product","3":"status-publish","5":"product_cat-genel-konular","6":"product_cat-kisisel-gelisim","7":"pa_cilt-ciltsiz","8":"pa_tur-kitap","9":"pa_yayinevi-muptela-yayinevi","10":"pa_yazar-yesim-kuzu","12":"first","13":"instock","14":"sale","15":"shipping-taxable","16":"purchasable","17":"product-type-simple"},"_links":{"self":[{"href":"https:\/\/roveyayinevi.com.tr\/index.php\/wp-json\/wp\/v2\/product\/722719","targetHints":{"allow":["GET"]}}],"collection":[{"href":"https:\/\/roveyayinevi.com.tr\/index.php\/wp-json\/wp\/v2\/product"}],"about":[{"href":"https:\/\/roveyayinevi.com.tr\/index.php\/wp-json\/wp\/v2\/types\/product"}],"wp:attachment":[{"href":"https:\/\/roveyayinevi.com.tr\/index.php\/wp-json\/wp\/v2\/media?parent=722719"}],"wp:term":[{"taxonomy":"product_brand","embeddable":true,"href":"https:\/\/roveyayinevi.com.tr\/index.php\/wp-json\/wp\/v2\/product_brand?post=722719"},{"taxonomy":"product_cat","embeddable":true,"href":"https:\/\/roveyayinevi.com.tr\/index.php\/wp-json\/wp\/v2\/product_cat?post=722719"},{"taxonomy":"product_tag","embeddable":true,"href":"https:\/\/roveyayinevi.com.tr\/index.php\/wp-json\/wp\/v2\/product_tag?post=722719"}],"curies":[{"name":"wp","href":"https:\/\/api.w.org\/{rel}","templated":true}]}}