{"id":722718,"date":"2025-08-27T19:08:08","date_gmt":"2025-08-27T16:08:08","guid":{"rendered":"https:\/\/roveyayinevi.com.tr\/index.php\/urun\/iyi-seyler-birdenbire-olur\/"},"modified":"2026-04-16T02:30:37","modified_gmt":"2026-04-15T23:30:37","slug":"iyi-seyler-birdenbire-olur","status":"publish","type":"product","link":"https:\/\/roveyayinevi.com.tr\/index.php\/urun\/iyi-seyler-birdenbire-olur\/","title":{"rendered":"\u0130yi \u015eeyler Birdenbire Olur"},"content":{"rendered":"<p>\u0130nsan do\u011fru olana y\u00fcz\u00fcn\u00fc s\u00fcrd\u00fc\u011f\u00fc, ona boyand\u0131\u011f\u0131, onunla ku\u015fan\u0131p y\u00fcr\u00fcd\u00fc\u011f\u00fc zaman bamba\u015fka bir g\u00fczelli\u011fe eri\u015fiyor. Ba\u015f\u0131m\u0131za ne gelirse gelsin, kimleri kaybetmi\u015f olursak olal\u0131m do\u011fru olan\u0131 aramaya g\u00fcc\u00fcm\u00fcz yetmeli. E\u011fer o g\u00fc\u00e7 y\u00fcre\u011fimizi sararsa, o g\u00fcc\u00fcn elini s\u0131k\u0131 s\u0131k\u0131 tutarsak yolumuzdaki ta\u015flar\u0131 temizleyen bir r\u00fczg\u00e2r biz yola ula\u015fmadan evvel esip temizler onlar\u0131. Buna inanmak bile do\u011fruya olan yolculuk i\u00e7in g\u00fc\u00e7 veriyor.Ay\u015fen Bozku\u015f, \u0130yi \u015eeyler Birdenbire Olur\u2019daki duru anlat\u0131m\u0131yla bize tam da do\u011frunun ne oldu\u011funu f\u0131s\u0131ld\u0131yor. Ac\u0131 tecr\u00fcbelerin son de\u011fil bamba\u015fka g\u00fczel ba\u015flang\u0131\u00e7lar i\u00e7in yol oldu\u011funu g\u00f6steren bu roman, hik\u00e2yesi ve okura i\u015faret ettikleriyle hayata kar\u015f\u0131 farkl\u0131 bir bak\u0131\u015f a\u00e7\u0131s\u0131 kazanman\u0131z\u0131 sa\u011flayacak g\u00fc\u00e7te.Ya\u015fan\u0131lanlar asl\u0131nda hayat\u0131n, \u201cYaln\u0131z de\u011filsin. Bak birdenbire kar\u015f\u0131na \u00e7\u0131kan insanlar, hi\u00e7 hesapta yokken ya\u015fanan olaylar var. Ad\u0131na tesad\u00fcf dediklerin var,\u201d deme \u015fekliydi. Tesad\u00fcf ne planl\u0131 bir kelimeydi. \u0130\u00e7inde hayat\u0131m\u0131z\u0131 de\u011fi\u015ftiren her \u015fey ve herkes vard\u0131\u2026<\/p>\n","protected":false},"excerpt":{"rendered":"<p>\u0130nsan do\u011fru olana y\u00fcz\u00fcn\u00fc s\u00fcrd\u00fc\u011f\u00fc, ona boyand\u0131\u011f\u0131, onunla ku\u015fan\u0131p y\u00fcr\u00fcd\u00fc\u011f\u00fc zaman bamba\u015fka bir g\u00fczelli\u011fe eri\u015fiyor. Ba\u015f\u0131m\u0131za ne gelirse gelsin, kimleri kaybetmi\u015f olursak olal\u0131m do\u011fru olan\u0131 aramaya<span class=\"excerpt-hellip\"> [\u2026]<\/span><\/p>\n","protected":false},"featured_media":0,"template":"","meta":{"_monsterinsights_skip_tracking":false,"_monsterinsights_sitenote_active":false,"_monsterinsights_sitenote_note":"","_monsterinsights_sitenote_category":0},"product_brand":[],"product_cat":[14643,12291],"product_tag":[],"class_list":{"0":"post-722718","1":"product","2":"type-product","3":"status-publish","5":"product_cat-ask","6":"product_cat-edebiyat","7":"pa_cilt-ciltsiz","8":"pa_tur-kitap","9":"pa_yayinevi-muptela-yayinevi","10":"pa_yazar-aysen-bozkus","12":"first","13":"instock","14":"sale","15":"shipping-taxable","16":"purchasable","17":"product-type-simple"},"_links":{"self":[{"href":"https:\/\/roveyayinevi.com.tr\/index.php\/wp-json\/wp\/v2\/product\/722718","targetHints":{"allow":["GET"]}}],"collection":[{"href":"https:\/\/roveyayinevi.com.tr\/index.php\/wp-json\/wp\/v2\/product"}],"about":[{"href":"https:\/\/roveyayinevi.com.tr\/index.php\/wp-json\/wp\/v2\/types\/product"}],"wp:attachment":[{"href":"https:\/\/roveyayinevi.com.tr\/index.php\/wp-json\/wp\/v2\/media?parent=722718"}],"wp:term":[{"taxonomy":"product_brand","embeddable":true,"href":"https:\/\/roveyayinevi.com.tr\/index.php\/wp-json\/wp\/v2\/product_brand?post=722718"},{"taxonomy":"product_cat","embeddable":true,"href":"https:\/\/roveyayinevi.com.tr\/index.php\/wp-json\/wp\/v2\/product_cat?post=722718"},{"taxonomy":"product_tag","embeddable":true,"href":"https:\/\/roveyayinevi.com.tr\/index.php\/wp-json\/wp\/v2\/product_tag?post=722718"}],"curies":[{"name":"wp","href":"https:\/\/api.w.org\/{rel}","templated":true}]}}