{"id":722716,"date":"2025-08-27T19:08:06","date_gmt":"2025-08-27T16:08:06","guid":{"rendered":"https:\/\/roveyayinevi.com.tr\/index.php\/urun\/aleviligin-bilimsel-kimligi\/"},"modified":"2026-01-29T02:56:11","modified_gmt":"2026-01-28T23:56:11","slug":"aleviligin-bilimsel-kimligi","status":"publish","type":"product","link":"https:\/\/roveyayinevi.com.tr\/index.php\/urun\/aleviligin-bilimsel-kimligi\/","title":{"rendered":"Alevili\u011fin Bilimsel Kimli\u011fi"},"content":{"rendered":"<p>Bu kitap, Alevilik \u00fczerine yap\u0131lm\u0131\u015f bilimsel bir ara\u015ft\u0131rmad\u0131r. Bilimsel bir ara\u015ft\u0131rma ger\u00e7eklerin diyalektik g\u00f6zle, kaygulardan uzak olarak aranmas\u0131d\u0131r. Entelekt\u00fcel d\u00fcr\u00fcstl\u00fck, bilimsel bir \u00e7al\u0131\u015fman\u0131n \u00f6nko\u015fuludur. Politik \u00e7\u0131karlar\u0131n bilimsel incelemeye kar\u0131\u015fmamas\u0131 gerekir. Elinizdeki kitap korku ve kaygulardan, siyasi hesaplardan uzak olarak yaz\u0131ld\u0131. Alevili\u011fi bilimsel g\u00f6zle ara\u015ft\u0131ran Nejat Birdo\u011fan gibi bir avu\u00e7 yazara \u00e7ok \u015fey bor\u00e7luyuz. Bilimsel \u00e7al\u0131\u015fmalar birbiri \u00fczerine eklenerek ilerler. Nejat Birdo\u011fan gibi ara\u015ft\u0131rmac\u0131lar bilimsel bir yol a\u00e7m\u0131\u015ft\u0131r; bu kitap onun izinden y\u00fcr\u00fcmeyi hedefliyor&#8230;<\/p>\n","protected":false},"excerpt":{"rendered":"<p>Bu kitap, Alevilik \u00fczerine yap\u0131lm\u0131\u015f bilimsel bir ara\u015ft\u0131rmad\u0131r. Bilimsel bir ara\u015ft\u0131rma ger\u00e7eklerin diyalektik g\u00f6zle, kaygulardan uzak olarak aranmas\u0131d\u0131r. Entelekt\u00fcel d\u00fcr\u00fcstl\u00fck, bilimsel bir \u00e7al\u0131\u015fman\u0131n \u00f6nko\u015fuludur. Politik \u00e7\u0131karlar\u0131n<span class=\"excerpt-hellip\"> [\u2026]<\/span><\/p>\n","protected":false},"featured_media":0,"template":"","meta":{"_monsterinsights_skip_tracking":false,"_monsterinsights_sitenote_active":false,"_monsterinsights_sitenote_note":"","_monsterinsights_sitenote_category":0},"product_brand":[],"product_cat":[13575,12718,12719],"product_tag":[],"class_list":{"0":"post-722716","1":"product","2":"type-product","3":"status-publish","5":"product_cat-alevilik-bektasilik","6":"product_cat-din","7":"product_cat-islam","8":"pa_cilt-ciltsiz","9":"pa_tur-kitap","10":"pa_yayinevi-utopya-yayinevi","11":"pa_yazar-mehmet-inanc-turan","13":"first","14":"instock","15":"sale","16":"shipping-taxable","17":"purchasable","18":"product-type-simple"},"_links":{"self":[{"href":"https:\/\/roveyayinevi.com.tr\/index.php\/wp-json\/wp\/v2\/product\/722716","targetHints":{"allow":["GET"]}}],"collection":[{"href":"https:\/\/roveyayinevi.com.tr\/index.php\/wp-json\/wp\/v2\/product"}],"about":[{"href":"https:\/\/roveyayinevi.com.tr\/index.php\/wp-json\/wp\/v2\/types\/product"}],"wp:attachment":[{"href":"https:\/\/roveyayinevi.com.tr\/index.php\/wp-json\/wp\/v2\/media?parent=722716"}],"wp:term":[{"taxonomy":"product_brand","embeddable":true,"href":"https:\/\/roveyayinevi.com.tr\/index.php\/wp-json\/wp\/v2\/product_brand?post=722716"},{"taxonomy":"product_cat","embeddable":true,"href":"https:\/\/roveyayinevi.com.tr\/index.php\/wp-json\/wp\/v2\/product_cat?post=722716"},{"taxonomy":"product_tag","embeddable":true,"href":"https:\/\/roveyayinevi.com.tr\/index.php\/wp-json\/wp\/v2\/product_tag?post=722716"}],"curies":[{"name":"wp","href":"https:\/\/api.w.org\/{rel}","templated":true}]}}