{"id":722712,"date":"2025-08-27T19:08:03","date_gmt":"2025-08-27T16:08:03","guid":{"rendered":"https:\/\/roveyayinevi.com.tr\/index.php\/urun\/rus-gocmen-edebiyati-1920-1940\/"},"modified":"2026-04-16T02:30:37","modified_gmt":"2026-04-15T23:30:37","slug":"rus-gocmen-edebiyati-1920-1940","status":"publish","type":"product","link":"https:\/\/roveyayinevi.com.tr\/index.php\/urun\/rus-gocmen-edebiyati-1920-1940\/","title":{"rendered":"Rus G\u00f6\u00e7men Edebiyat\u0131 (1920-1940)"},"content":{"rendered":"<p>Rusya&#8217;da 1917 Ekim Devrimi sonras\u0131 bireysel ya da kitlesel, zorunlu ya da g\u00f6n\u00fcll\u00fc olmak \u00fczere farkl\u0131 nedenlerle k\u00f6klerinden kopmak zorunda kalan pek \u00e7ok Rus yazar gittikleri \u00fclkelerde k\u00fc\u00e7\u00fck bir Rusya yarat\u0131rlar adeta. Ve nereye giderlerse gitsinler kendilerine \u00f6zg\u00fc olan\u0131 yanlar\u0131nda g\u00f6t\u00fcr\u00fcrler. Anavatana olan hasret, yanl\u0131zl\u0131k, unutulmu\u015fluk, yabanc\u0131l\u0131k hissiyat\u0131yla d\u00f6k\u00fcl\u00fcr \u00e7o\u011fu zaman sat\u0131rlara&#8230;Yeni ve zorunlu bir hayat\u0131n i\u00e7inde var olma m\u00fccadelesiyle yurt d\u0131\u015f\u0131nda olsalar da \u00fclkelerini daha iyi g\u00f6zlemleme ve bulunduklar\u0131 yerle mukayese etme imkan\u0131 bulur ve bu suretle eserlerini yans\u0131yanlarla, hem Rus edebiyat\u0131n\u0131n hem de d\u00fcnya edebiyat\u0131n\u0131n geli\u015fimine katk\u0131 sa\u011flayan sanat\u00e7\u0131lar olarak yaz\u0131n d\u00fcnyas\u0131nda unutulmayacak bir yer al\u0131rlar.<\/p>\n","protected":false},"excerpt":{"rendered":"<p>Rusya&#8217;da 1917 Ekim Devrimi sonras\u0131 bireysel ya da kitlesel, zorunlu ya da g\u00f6n\u00fcll\u00fc olmak \u00fczere farkl\u0131 nedenlerle k\u00f6klerinden kopmak zorunda kalan pek \u00e7ok Rus yazar gittikleri<span class=\"excerpt-hellip\"> [\u2026]<\/span><\/p>\n","protected":false},"featured_media":0,"template":"","meta":{"_monsterinsights_skip_tracking":false,"_monsterinsights_sitenote_active":false,"_monsterinsights_sitenote_note":"","_monsterinsights_sitenote_category":0},"product_brand":[],"product_cat":[13661,12291],"product_tag":[],"class_list":{"0":"post-722712","1":"product","2":"type-product","3":"status-publish","5":"product_cat-diger-ulke-edebiyatlari","6":"product_cat-edebiyat","7":"pa_cilt-ciltsiz","8":"pa_tur-kitap","9":"pa_yayinevi-bilgin-kultur-sanat","10":"pa_yazar-ayla-kasoglu","12":"first","13":"instock","14":"sale","15":"shipping-taxable","16":"purchasable","17":"product-type-simple"},"_links":{"self":[{"href":"https:\/\/roveyayinevi.com.tr\/index.php\/wp-json\/wp\/v2\/product\/722712","targetHints":{"allow":["GET"]}}],"collection":[{"href":"https:\/\/roveyayinevi.com.tr\/index.php\/wp-json\/wp\/v2\/product"}],"about":[{"href":"https:\/\/roveyayinevi.com.tr\/index.php\/wp-json\/wp\/v2\/types\/product"}],"wp:attachment":[{"href":"https:\/\/roveyayinevi.com.tr\/index.php\/wp-json\/wp\/v2\/media?parent=722712"}],"wp:term":[{"taxonomy":"product_brand","embeddable":true,"href":"https:\/\/roveyayinevi.com.tr\/index.php\/wp-json\/wp\/v2\/product_brand?post=722712"},{"taxonomy":"product_cat","embeddable":true,"href":"https:\/\/roveyayinevi.com.tr\/index.php\/wp-json\/wp\/v2\/product_cat?post=722712"},{"taxonomy":"product_tag","embeddable":true,"href":"https:\/\/roveyayinevi.com.tr\/index.php\/wp-json\/wp\/v2\/product_tag?post=722712"}],"curies":[{"name":"wp","href":"https:\/\/api.w.org\/{rel}","templated":true}]}}