{"id":722711,"date":"2025-08-27T19:08:02","date_gmt":"2025-08-27T16:08:02","guid":{"rendered":"https:\/\/roveyayinevi.com.tr\/index.php\/urun\/ucuncu-dunyaya-davet\/"},"modified":"2026-04-16T02:30:37","modified_gmt":"2026-04-15T23:30:37","slug":"ucuncu-dunyaya-davet","status":"publish","type":"product","link":"https:\/\/roveyayinevi.com.tr\/index.php\/urun\/ucuncu-dunyaya-davet\/","title":{"rendered":"\u00dc\u00e7\u00fcnc\u00fc D\u00fcnyaya Davet"},"content":{"rendered":"<p>Hi\u00e7bir \u015feye, hi\u00e7 kimseye tak\u0131lmadan ruhunun yolculu\u011funa \u00e7\u0131kmak ister misin?B\u00fclb\u00fcl gibi \u015fak\u0131yan, co\u015ftuk\u00e7a co\u015fan, mutluluktan a\u011flayan, ruhunla tan\u0131\u015fmak, sana hi\u00e7bir \u015feyin ya\u015fatamayaca\u011f\u0131 nimetleri ya\u015famak, kendine bir iyilik yapmak ister misin?Y\u0131llar\u0131n yo\u011furup \u015fekil verdi\u011fi duygular\u0131nla tan\u0131\u015fmak, temiz taraf\u0131nla sevinmek, kirli taraf\u0131nla y\u00fczle\u015fmek ister misin?   \u0130nsanlara tak\u0131lmadan, kimseyi yarg\u0131lamadan, ho\u015f g\u00f6r\u00fcyle kanatlan\u0131p,  \u00f6zg\u00fcrce u\u00e7mak ister misin? Rabbin misafiri olmak, \u00e7ocuklar gibi \u015f\u0131marmak, naz makam\u0131n\u0131 ya\u015famak, i\u00e7indeki \u00e7ocu\u011fa g\u00fcven duygusunu ya\u015fatmak ister misin?Unutma!Senin yolculu\u011fun, Senin misafirli\u011fin, Ev sahibi de senin ev sahibin, Bu davete a\u00e7, bu davete muhta\u00e7 olan da sensin.<\/p>\n","protected":false},"excerpt":{"rendered":"<p>Hi\u00e7bir \u015feye, hi\u00e7 kimseye tak\u0131lmadan ruhunun yolculu\u011funa \u00e7\u0131kmak ister misin?B\u00fclb\u00fcl gibi \u015fak\u0131yan, co\u015ftuk\u00e7a co\u015fan, mutluluktan a\u011flayan, ruhunla tan\u0131\u015fmak, sana hi\u00e7bir \u015feyin ya\u015fatamayaca\u011f\u0131 nimetleri ya\u015famak, kendine bir<span class=\"excerpt-hellip\"> [\u2026]<\/span><\/p>\n","protected":false},"featured_media":0,"template":"","meta":{"_monsterinsights_skip_tracking":false,"_monsterinsights_sitenote_active":false,"_monsterinsights_sitenote_note":"","_monsterinsights_sitenote_category":0},"product_brand":[],"product_cat":[12777,12291],"product_tag":[],"class_list":{"0":"post-722711","1":"product","2":"type-product","3":"status-publish","5":"product_cat-deneme","6":"product_cat-edebiyat","7":"pa_cilt-ciltsiz","8":"pa_tur-kitap","9":"pa_yayinevi-herdem-kitap","10":"pa_yazar-zeynep-nur","12":"first","13":"instock","14":"sale","15":"shipping-taxable","16":"purchasable","17":"product-type-simple"},"_links":{"self":[{"href":"https:\/\/roveyayinevi.com.tr\/index.php\/wp-json\/wp\/v2\/product\/722711","targetHints":{"allow":["GET"]}}],"collection":[{"href":"https:\/\/roveyayinevi.com.tr\/index.php\/wp-json\/wp\/v2\/product"}],"about":[{"href":"https:\/\/roveyayinevi.com.tr\/index.php\/wp-json\/wp\/v2\/types\/product"}],"wp:attachment":[{"href":"https:\/\/roveyayinevi.com.tr\/index.php\/wp-json\/wp\/v2\/media?parent=722711"}],"wp:term":[{"taxonomy":"product_brand","embeddable":true,"href":"https:\/\/roveyayinevi.com.tr\/index.php\/wp-json\/wp\/v2\/product_brand?post=722711"},{"taxonomy":"product_cat","embeddable":true,"href":"https:\/\/roveyayinevi.com.tr\/index.php\/wp-json\/wp\/v2\/product_cat?post=722711"},{"taxonomy":"product_tag","embeddable":true,"href":"https:\/\/roveyayinevi.com.tr\/index.php\/wp-json\/wp\/v2\/product_tag?post=722711"}],"curies":[{"name":"wp","href":"https:\/\/api.w.org\/{rel}","templated":true}]}}