{"id":722710,"date":"2025-08-27T19:08:01","date_gmt":"2025-08-27T16:08:01","guid":{"rendered":"https:\/\/roveyayinevi.com.tr\/index.php\/urun\/geyiklinin-sarmasiklari\/"},"modified":"2026-04-16T02:30:37","modified_gmt":"2026-04-15T23:30:37","slug":"geyiklinin-sarmasiklari","status":"publish","type":"product","link":"https:\/\/roveyayinevi.com.tr\/index.php\/urun\/geyiklinin-sarmasiklari\/","title":{"rendered":"Geyikli&#8217;nin Sarma\u015f\u0131klar\u0131"},"content":{"rendered":"<p>\u201cMutlulu\u011fu ele ge\u00e7irmek. B\u00fct\u00fcn mesele sanki bu.\u201dTamer K\u00fct\u00fck\u00e7\u00fc, an\u0131 g\u00f6lgelerinin korunakl\u0131 g\u00fczerg\u00e2h\u0131nda duvar diplerindeki k\u0131rg\u0131n gelinciklerden yaz bitimlerinde kaybolu\u015flar\u0131n i\u00e7imizde b\u0131rakt\u0131\u011f\u0131 ac\u0131 tortulara, \u00e7ocuklu\u011fun ve ilk gen\u00e7li\u011fin unutulmaz anlar\u0131ndan modern ya\u015fam\u0131n i\u00e7inde yok olan ke\u00e7i yollar\u0131na, unutulmaya b\u0131rak\u0131lm\u0131\u015f d\u00fc\u015flerden geriye d\u00f6nmek i\u00e7in duyulan arzulara, sadece evimize de\u011fil ge\u00e7mi\u015fimize do\u011fru at\u0131lan tela\u015fl\u0131 ad\u0131mlar\u0131n pe\u015finde \u00f6zlemle dam\u0131t\u0131lm\u0131\u015f hik\u00e2yeleriyle kar\u015f\u0131m\u0131za \u00e7\u0131k\u0131yor. \u0130\u00e7inde kendi ukdelerimizi, yanl\u0131\u015flar\u0131m\u0131z\u0131, d\u00f6n\u00fcm noktalar\u0131m\u0131z\u0131 bulaca\u011f\u0131m\u0131z, hepimizin hik\u00e2yeleriyle\u2026<\/p>\n","protected":false},"excerpt":{"rendered":"<p>\u201cMutlulu\u011fu ele ge\u00e7irmek. B\u00fct\u00fcn mesele sanki bu.\u201dTamer K\u00fct\u00fck\u00e7\u00fc, an\u0131 g\u00f6lgelerinin korunakl\u0131 g\u00fczerg\u00e2h\u0131nda duvar diplerindeki k\u0131rg\u0131n gelinciklerden yaz bitimlerinde kaybolu\u015flar\u0131n i\u00e7imizde b\u0131rakt\u0131\u011f\u0131 ac\u0131 tortulara, \u00e7ocuklu\u011fun ve ilk<span class=\"excerpt-hellip\"> [\u2026]<\/span><\/p>\n","protected":false},"featured_media":0,"template":"","meta":{"_monsterinsights_skip_tracking":false,"_monsterinsights_sitenote_active":false,"_monsterinsights_sitenote_note":"","_monsterinsights_sitenote_category":0},"product_brand":[],"product_cat":[12291,12711],"product_tag":[],"class_list":{"0":"post-722710","1":"product","2":"type-product","3":"status-publish","5":"product_cat-edebiyat","6":"product_cat-roman-oyku","7":"pa_cilt-ciltsiz","8":"pa_tur-kitap","9":"pa_yayinevi-otuken-nesriyat","10":"pa_yazar-tamer-kutukcu","12":"first","13":"instock","14":"sale","15":"shipping-taxable","16":"purchasable","17":"product-type-simple"},"_links":{"self":[{"href":"https:\/\/roveyayinevi.com.tr\/index.php\/wp-json\/wp\/v2\/product\/722710","targetHints":{"allow":["GET"]}}],"collection":[{"href":"https:\/\/roveyayinevi.com.tr\/index.php\/wp-json\/wp\/v2\/product"}],"about":[{"href":"https:\/\/roveyayinevi.com.tr\/index.php\/wp-json\/wp\/v2\/types\/product"}],"wp:attachment":[{"href":"https:\/\/roveyayinevi.com.tr\/index.php\/wp-json\/wp\/v2\/media?parent=722710"}],"wp:term":[{"taxonomy":"product_brand","embeddable":true,"href":"https:\/\/roveyayinevi.com.tr\/index.php\/wp-json\/wp\/v2\/product_brand?post=722710"},{"taxonomy":"product_cat","embeddable":true,"href":"https:\/\/roveyayinevi.com.tr\/index.php\/wp-json\/wp\/v2\/product_cat?post=722710"},{"taxonomy":"product_tag","embeddable":true,"href":"https:\/\/roveyayinevi.com.tr\/index.php\/wp-json\/wp\/v2\/product_tag?post=722710"}],"curies":[{"name":"wp","href":"https:\/\/api.w.org\/{rel}","templated":true}]}}