{"id":722708,"date":"2025-08-27T19:07:59","date_gmt":"2025-08-27T16:07:59","guid":{"rendered":"https:\/\/roveyayinevi.com.tr\/index.php\/urun\/hivru\/"},"modified":"2026-04-16T02:30:36","modified_gmt":"2026-04-15T23:30:36","slug":"hivru","status":"publish","type":"product","link":"https:\/\/roveyayinevi.com.tr\/index.php\/urun\/hivru\/","title":{"rendered":"Hivru"},"content":{"rendered":"<p>&#8220;Ey benim hilal bak\u0131\u015fl\u0131 ay\u0131m \u0130ster y\u00fcz\u00fcn\u00fc bana somurt \u0130stersen t\u00fcm g\u00fczelli\u011finle beni yerden yere vur Hatta istersen hi\u00e7 g\u00f6sterme g\u00fczeller g\u00fczeli y\u00fcz\u00fcn\u00fc Ben yine seni sevece\u011fim Sevmeye devam edece\u011fim \u00c7\u00fcnk\u00fc sen benim di\u011fer yar\u0131ms\u0131n \u0130stesen de kopamazs\u0131n benden. Hivrum   Benimle oyun mu oynamak istiyorsun?   Oyna o h\u00e2lde   Yeter ki d\u00fcnyay\u0131 geride bir iz b\u0131rak   Neden biliyor musun?   \u00c7\u00fcnk\u00fc ben yine gelip seni bulurum\u2026&#8221;<\/p>\n","protected":false},"excerpt":{"rendered":"<p>&#8220;Ey benim hilal bak\u0131\u015fl\u0131 ay\u0131m \u0130ster y\u00fcz\u00fcn\u00fc bana somurt \u0130stersen t\u00fcm g\u00fczelli\u011finle beni yerden yere vur Hatta istersen hi\u00e7 g\u00f6sterme g\u00fczeller g\u00fczeli y\u00fcz\u00fcn\u00fc Ben yine seni<span class=\"excerpt-hellip\"> [\u2026]<\/span><\/p>\n","protected":false},"featured_media":0,"template":"","meta":{"_monsterinsights_skip_tracking":false,"_monsterinsights_sitenote_active":false,"_monsterinsights_sitenote_note":"","_monsterinsights_sitenote_category":0},"product_brand":[],"product_cat":[12291,12509],"product_tag":[],"class_list":{"0":"post-722708","1":"product","2":"type-product","3":"status-publish","5":"product_cat-edebiyat","6":"product_cat-siir","7":"pa_cilt-ciltsiz","8":"pa_tur-kitap","9":"pa_yayinevi-herdem-kitap","10":"pa_yazar-devrim-akturk","12":"first","13":"instock","14":"sale","15":"shipping-taxable","16":"purchasable","17":"product-type-simple"},"_links":{"self":[{"href":"https:\/\/roveyayinevi.com.tr\/index.php\/wp-json\/wp\/v2\/product\/722708","targetHints":{"allow":["GET"]}}],"collection":[{"href":"https:\/\/roveyayinevi.com.tr\/index.php\/wp-json\/wp\/v2\/product"}],"about":[{"href":"https:\/\/roveyayinevi.com.tr\/index.php\/wp-json\/wp\/v2\/types\/product"}],"wp:attachment":[{"href":"https:\/\/roveyayinevi.com.tr\/index.php\/wp-json\/wp\/v2\/media?parent=722708"}],"wp:term":[{"taxonomy":"product_brand","embeddable":true,"href":"https:\/\/roveyayinevi.com.tr\/index.php\/wp-json\/wp\/v2\/product_brand?post=722708"},{"taxonomy":"product_cat","embeddable":true,"href":"https:\/\/roveyayinevi.com.tr\/index.php\/wp-json\/wp\/v2\/product_cat?post=722708"},{"taxonomy":"product_tag","embeddable":true,"href":"https:\/\/roveyayinevi.com.tr\/index.php\/wp-json\/wp\/v2\/product_tag?post=722708"}],"curies":[{"name":"wp","href":"https:\/\/api.w.org\/{rel}","templated":true}]}}