{"id":722707,"date":"2025-08-27T19:07:59","date_gmt":"2025-08-27T16:07:59","guid":{"rendered":"https:\/\/roveyayinevi.com.tr\/index.php\/urun\/gulumsemenin-kitabi\/"},"modified":"2026-04-07T02:39:11","modified_gmt":"2026-04-06T23:39:11","slug":"gulumsemenin-kitabi","status":"publish","type":"product","link":"https:\/\/roveyayinevi.com.tr\/index.php\/urun\/gulumsemenin-kitabi\/","title":{"rendered":"G\u00fcl\u00fcmsemenin Kitab\u0131"},"content":{"rendered":"<p>\u201cBir g\u00fcl\u00fcmseme, ka\u015flar\u0131n \u00e7at\u0131lmas\u0131ndan olu\u015fan yaray\u0131 iyile\u015ftirir.\u201d -ShakespeareG\u00fcl\u00fcmseme, sevincin tezah\u00fcr\u00fcnden \u00e7ok daha fazlas\u0131d\u0131r. G\u00fcl\u00fcmseme, bizi birbirimize ba\u011flayan g\u00fc\u00e7 ve bir\u00e7ok rahats\u0131zl\u0131\u011f\u0131n da tedavisidir. Nabz\u0131 yava\u015flat\u0131r, kan bas\u0131nc\u0131n\u0131 d\u00fc\u015f\u00fcr\u00fcr, stres hormonu seviyelerinde d\u00fc\u015f\u00fc\u015f sa\u011flar. Ne kadar \u00e7ok g\u00fcl\u00fcmsersek o kadar mutlu oluruz. Isabelle Crouzet, mucizevi bir re\u00e7ete olan g\u00fcl\u00fcmsemenin pe\u015fine d\u00fc\u015f\u00fcyor ve bizlere ger\u00e7ek bir g\u00fcl\u00fcmsemenin neleri de\u011fi\u015ftirebilece\u011fini g\u00f6steriyor. Psikolojik, n\u00f6robilimsel ve sosyolojik ba\u011flamdaki bilgilerin ki\u015fisel anektodlar ve g\u00fcndelik hayattan \u00f6rneklerle harmanland\u0131\u011f\u0131 G\u00fcl\u00fcmsemenin Kitab\u0131, g\u00fclmeyi iyiden iyiye ihmal etti\u011fimiz \u015fu g\u00fcnlerde bizlere unuttuklar\u0131m\u0131z\u0131 hat\u0131rlat\u0131yor.<\/p>\n","protected":false},"excerpt":{"rendered":"<p>\u201cBir g\u00fcl\u00fcmseme, ka\u015flar\u0131n \u00e7at\u0131lmas\u0131ndan olu\u015fan yaray\u0131 iyile\u015ftirir.\u201d -ShakespeareG\u00fcl\u00fcmseme, sevincin tezah\u00fcr\u00fcnden \u00e7ok daha fazlas\u0131d\u0131r. G\u00fcl\u00fcmseme, bizi birbirimize ba\u011flayan g\u00fc\u00e7 ve bir\u00e7ok rahats\u0131zl\u0131\u011f\u0131n da tedavisidir. Nabz\u0131 yava\u015flat\u0131r, kan<span class=\"excerpt-hellip\"> [\u2026]<\/span><\/p>\n","protected":false},"featured_media":0,"template":"","meta":{"_monsterinsights_skip_tracking":false,"_monsterinsights_sitenote_active":false,"_monsterinsights_sitenote_note":"","_monsterinsights_sitenote_category":0},"product_brand":[],"product_cat":[12364,12376],"product_tag":[],"class_list":{"0":"post-722707","1":"product","2":"type-product","3":"status-publish","5":"product_cat-genel-konular","6":"product_cat-kisisel-gelisim","7":"pa_cilt-ciltsiz","8":"pa_tur-kitap","9":"pa_yayinevi-profil-kitap","10":"pa_yazar-isabelle-crouzet","12":"first","13":"instock","14":"sale","15":"shipping-taxable","16":"purchasable","17":"product-type-simple"},"_links":{"self":[{"href":"https:\/\/roveyayinevi.com.tr\/index.php\/wp-json\/wp\/v2\/product\/722707","targetHints":{"allow":["GET"]}}],"collection":[{"href":"https:\/\/roveyayinevi.com.tr\/index.php\/wp-json\/wp\/v2\/product"}],"about":[{"href":"https:\/\/roveyayinevi.com.tr\/index.php\/wp-json\/wp\/v2\/types\/product"}],"wp:attachment":[{"href":"https:\/\/roveyayinevi.com.tr\/index.php\/wp-json\/wp\/v2\/media?parent=722707"}],"wp:term":[{"taxonomy":"product_brand","embeddable":true,"href":"https:\/\/roveyayinevi.com.tr\/index.php\/wp-json\/wp\/v2\/product_brand?post=722707"},{"taxonomy":"product_cat","embeddable":true,"href":"https:\/\/roveyayinevi.com.tr\/index.php\/wp-json\/wp\/v2\/product_cat?post=722707"},{"taxonomy":"product_tag","embeddable":true,"href":"https:\/\/roveyayinevi.com.tr\/index.php\/wp-json\/wp\/v2\/product_tag?post=722707"}],"curies":[{"name":"wp","href":"https:\/\/api.w.org\/{rel}","templated":true}]}}