{"id":722705,"date":"2025-08-27T19:07:57","date_gmt":"2025-08-27T16:07:57","guid":{"rendered":"https:\/\/roveyayinevi.com.tr\/index.php\/urun\/gok-deyisler-al-betikler\/"},"modified":"2026-04-16T02:30:36","modified_gmt":"2026-04-15T23:30:36","slug":"gok-deyisler-al-betikler","status":"publish","type":"product","link":"https:\/\/roveyayinevi.com.tr\/index.php\/urun\/gok-deyisler-al-betikler\/","title":{"rendered":"G\u00f6k Deyi\u015fler Al Betikler"},"content":{"rendered":"<p>\u201cDilinin geni\u015fli\u011fi, bir milletin b\u00fcy\u00fckl\u00fc\u011f\u00fcn\u00fcn delilidir.\u201dMilleti millet yapan m\u00fchim unsurlardan birisi de ku\u015fkusuz; k\u00fclt\u00fcr, sanat ve edebiyatt\u0131r. Ki\u015filer ancak edebiyat ile mensubiyet \u015fuuru kazan\u0131r ve millet olma bilincine eri\u015fir. Ki\u015fi edebiyat\u0131n\u0131 in\u015fa ederken d\u00fcn\u00fc unutmaz, hat\u0131rlat\u0131r; yar\u0131n\u0131 hayal eder ve ortaya koyar.G\u00f6k Deyi\u015fler Al Betikler, ki\u015fio\u011flunun nas\u0131l \u00f6l\u00fcms\u00fcz olabilece\u011fini ortaya koyan m\u00fcstesna bir eser. \u0130nan\u00e7, tarih ve edebiyat\u0131n bile\u015fiminden meydana gelmi\u015f olan eserde, \u0130mam\u00fcddin Nesim\u00ee\u2019yi, Fuzuli\u2019yi, Mahdumkulu\u2019nu, Bahtiyar Vahapz\u00e2de\u2019yi, Ats\u0131z\u2019\u0131 ve dahi T\u00fcrk tarihinde g\u00fczel eserler b\u0131rakm\u0131\u015f olan pek \u00e7ok ki\u015finin soluklar\u0131n\u0131 hissediyor; T\u00fcrk tarihine geni\u015f bir perde aral\u0131yorsunuz. Ayr\u0131ca eserde kullan\u0131lan dil zenginli\u011fine bak\u0131ld\u0131\u011f\u0131nda, m\u00fcellifin sevgi, \u00f6zlem, hasret gibi duygular\u0131n yan\u0131 s\u0131ra T\u00fcrk D\u00fcnyas\u0131\u2019n\u0131 bir araya toplayabilme u\u011fra\u015f\u0131 da g\u00f6zler \u00f6n\u00fcne serilmektedir. T\u00fcrkiye T\u00fcrk\u00e7esinin yan\u0131 s\u0131ra T\u00fcrk D\u00fcnyas\u0131\u2019nda kullan\u0131lan dil \u00f6zelliklerinin bir\u00e7o\u011fu, eseri, t\u00fcrl\u00fc \u00e7i\u00e7eklerle bezeli bir g\u00f6n\u00fcl bah\u00e7esine \u00e7evirmi\u015ftir.Hakan \u0130lhan Kurt, T\u00fcrk edebiyat\u0131nda temsil etti\u011fi destan \u015fairli\u011finin yan\u0131nda bu eseri ile birlikte, T\u00fcrk D\u00fcnyas\u0131\u2019nda birlik d\u00fc\u015f\u00fcncesini de nak\u0131\u015f nak\u0131\u015f i\u015flemi\u015ftir. Kadim T\u00fcrk co\u011frafyas\u0131n\u0131n bir temsili olarak \u00f6n\u00fcm\u00fczde duran bu eser derinlikli bir anlam, zengin bir T\u00fcrk\u00e7e ve k\u00f6kl\u00fc bir edebiyat i\u00e7ermektedir.<\/p>\n","protected":false},"excerpt":{"rendered":"<p>\u201cDilinin geni\u015fli\u011fi, bir milletin b\u00fcy\u00fckl\u00fc\u011f\u00fcn\u00fcn delilidir.\u201dMilleti millet yapan m\u00fchim unsurlardan birisi de ku\u015fkusuz; k\u00fclt\u00fcr, sanat ve edebiyatt\u0131r. Ki\u015filer ancak edebiyat ile mensubiyet \u015fuuru kazan\u0131r ve millet<span class=\"excerpt-hellip\"> [\u2026]<\/span><\/p>\n","protected":false},"featured_media":0,"template":"","meta":{"_monsterinsights_skip_tracking":false,"_monsterinsights_sitenote_active":false,"_monsterinsights_sitenote_note":"","_monsterinsights_sitenote_category":0},"product_brand":[],"product_cat":[12291,12509],"product_tag":[],"class_list":{"0":"post-722705","1":"product","2":"type-product","3":"status-publish","5":"product_cat-edebiyat","6":"product_cat-siir","7":"pa_cilt-ciltsiz","8":"pa_tur-kitap","9":"pa_yayinevi-otuken-nesriyat","10":"pa_yazar-hakan-ilhan-kurt","12":"first","13":"instock","14":"sale","15":"shipping-taxable","16":"purchasable","17":"product-type-simple"},"_links":{"self":[{"href":"https:\/\/roveyayinevi.com.tr\/index.php\/wp-json\/wp\/v2\/product\/722705","targetHints":{"allow":["GET"]}}],"collection":[{"href":"https:\/\/roveyayinevi.com.tr\/index.php\/wp-json\/wp\/v2\/product"}],"about":[{"href":"https:\/\/roveyayinevi.com.tr\/index.php\/wp-json\/wp\/v2\/types\/product"}],"wp:attachment":[{"href":"https:\/\/roveyayinevi.com.tr\/index.php\/wp-json\/wp\/v2\/media?parent=722705"}],"wp:term":[{"taxonomy":"product_brand","embeddable":true,"href":"https:\/\/roveyayinevi.com.tr\/index.php\/wp-json\/wp\/v2\/product_brand?post=722705"},{"taxonomy":"product_cat","embeddable":true,"href":"https:\/\/roveyayinevi.com.tr\/index.php\/wp-json\/wp\/v2\/product_cat?post=722705"},{"taxonomy":"product_tag","embeddable":true,"href":"https:\/\/roveyayinevi.com.tr\/index.php\/wp-json\/wp\/v2\/product_tag?post=722705"}],"curies":[{"name":"wp","href":"https:\/\/api.w.org\/{rel}","templated":true}]}}