{"id":722701,"date":"2025-08-27T19:07:54","date_gmt":"2025-08-27T16:07:54","guid":{"rendered":"https:\/\/roveyayinevi.com.tr\/index.php\/urun\/gecmisi-birakmak\/"},"modified":"2026-04-16T02:30:36","modified_gmt":"2026-04-15T23:30:36","slug":"gecmisi-birakmak","status":"publish","type":"product","link":"https:\/\/roveyayinevi.com.tr\/index.php\/urun\/gecmisi-birakmak\/","title":{"rendered":"Ge\u00e7mi\u015fi B\u0131rakmak"},"content":{"rendered":"<p>Ev yaln\u0131zca yuva de\u011fil bir \u00f6zettir&#8230; Edwina Spinner&#8217;a elli y\u0131l\u0131 a\u015fk\u0131n bir s\u00fcredir i\u00e7inde ya\u015famakta oldu\u011fu ev fazla b\u00fcy\u00fck ve kasvetli gelmektedir. C\u0131v\u0131l c\u0131v\u0131l seslerin, sevgi ve mutluluk dolu anlar\u0131n, beklenmedik karanl\u0131k s\u0131rlar\u0131n ve trajedilerin ya\u015fand\u0131\u011f\u0131 bu evde Edwina art\u0131k yapayaln\u0131zd\u0131r.Ya\u015fl\u0131 kad\u0131n evi satmak ve uzun bir yolculu\u011fa \u00e7\u0131kmak istedi\u011fi i\u00e7in bir emlak\u00e7\u0131yla anla\u015f\u0131r. Gen\u00e7 emlak\u00e7\u0131 evi gezerken, Edwina ile sohbeti s\u0131ras\u0131nda adeta ge\u00e7mi\u015fe do\u011fru bir yolculu\u011fa \u00e7\u0131kar. Adam kar\u015f\u0131s\u0131ndaki kad\u0131n\u0131 tan\u0131d\u0131k\u00e7a onun bu eve ve an\u0131lara hapsolmu\u015f k\u0131r\u0131lgan biri de\u011fil, hayatla m\u00fccadele edebilen ola\u011fan\u00fcst\u00fc g\u00fc\u00e7l\u00fc ve sevgi dolu bir kad\u0131n oldu\u011funu anlar. Ama akl\u0131n\u0131 kurcalayan sorular vard\u0131r. Nas\u0131l olur da b\u00f6yle bir kad\u0131n yapayaln\u0131z kal\u0131r? Ve y\u0131llar \u00f6nce kad\u0131n\u0131n ailesine ne olmu\u015ftur?Ge\u00e7mi\u015fi B\u0131rakmak s\u00fcr\u00fckleyici kurgusu, derin karakterleri ve yer yer y\u00fcz\u00fcm\u00fcz\u00fc g\u00fcld\u00fcren mizah\u0131yla tam bir Jenny Eclair roman\u0131&#8230;<\/p>\n","protected":false},"excerpt":{"rendered":"<p>Ev yaln\u0131zca yuva de\u011fil bir \u00f6zettir&#8230; Edwina Spinner&#8217;a elli y\u0131l\u0131 a\u015fk\u0131n bir s\u00fcredir i\u00e7inde ya\u015famakta oldu\u011fu ev fazla b\u00fcy\u00fck ve kasvetli gelmektedir. C\u0131v\u0131l c\u0131v\u0131l seslerin, sevgi<span class=\"excerpt-hellip\"> [\u2026]<\/span><\/p>\n","protected":false},"featured_media":0,"template":"","meta":{"_monsterinsights_skip_tracking":false,"_monsterinsights_sitenote_active":false,"_monsterinsights_sitenote_note":"","_monsterinsights_sitenote_category":0},"product_brand":[],"product_cat":[12291,12711],"product_tag":[],"class_list":{"0":"post-722701","1":"product","2":"type-product","3":"status-publish","5":"product_cat-edebiyat","6":"product_cat-roman-oyku","7":"pa_cilt-ciltsiz","8":"pa_tur-kitap","9":"pa_yayinevi-altin-kitaplar","10":"pa_yazar-jenny-eclair","12":"first","13":"instock","14":"sale","15":"shipping-taxable","16":"purchasable","17":"product-type-simple"},"_links":{"self":[{"href":"https:\/\/roveyayinevi.com.tr\/index.php\/wp-json\/wp\/v2\/product\/722701","targetHints":{"allow":["GET"]}}],"collection":[{"href":"https:\/\/roveyayinevi.com.tr\/index.php\/wp-json\/wp\/v2\/product"}],"about":[{"href":"https:\/\/roveyayinevi.com.tr\/index.php\/wp-json\/wp\/v2\/types\/product"}],"wp:attachment":[{"href":"https:\/\/roveyayinevi.com.tr\/index.php\/wp-json\/wp\/v2\/media?parent=722701"}],"wp:term":[{"taxonomy":"product_brand","embeddable":true,"href":"https:\/\/roveyayinevi.com.tr\/index.php\/wp-json\/wp\/v2\/product_brand?post=722701"},{"taxonomy":"product_cat","embeddable":true,"href":"https:\/\/roveyayinevi.com.tr\/index.php\/wp-json\/wp\/v2\/product_cat?post=722701"},{"taxonomy":"product_tag","embeddable":true,"href":"https:\/\/roveyayinevi.com.tr\/index.php\/wp-json\/wp\/v2\/product_tag?post=722701"}],"curies":[{"name":"wp","href":"https:\/\/api.w.org\/{rel}","templated":true}]}}