{"id":722700,"date":"2025-08-27T19:07:53","date_gmt":"2025-08-27T16:07:53","guid":{"rendered":"https:\/\/roveyayinevi.com.tr\/index.php\/urun\/sosyal\/"},"modified":"2026-04-16T02:30:36","modified_gmt":"2026-04-15T23:30:36","slug":"sosyal","status":"publish","type":"product","link":"https:\/\/roveyayinevi.com.tr\/index.php\/urun\/sosyal\/","title":{"rendered":"Sosyal"},"content":{"rendered":"<p>Ba\u015fkalar\u0131yla ba\u011flant\u0131 kurma ihtiyac\u0131m\u0131z o denli g\u00fc\u00e7l\u00fcd\u00fcr ki davran\u0131\u015flar\u0131m\u0131z\u0131 y\u00f6nlendiren ba\u015fl\u0131ca \u00f6geler aras\u0131ndad\u0131r. Matthew Lieberman, beynimizin sosyal temasa verdi\u011fi yan\u0131tlara dair bilimsel bulgular\u0131 bir araya getirerek, ba\u015fkalar\u0131yla ba\u011flant\u0131 kurma ihtiyac\u0131m\u0131z\u0131n neden yiyecek ve bar\u0131naktan daha temel bir gereksinim olabilece\u011fini tart\u0131\u015f\u0131yor. Beyinlerimiz sosyal ac\u0131 ve zevke ayn\u0131 fiziksel ac\u0131 ve zevke verdi\u011fi gibi tepki verir, bu y\u00fczden sosyal d\u00fcnyada bir yer edinmeye y\u00f6nelik karma\u015f\u0131k mekanizmalar geli\u015ftirmi\u015ftir. Pek \u00e7ok canl\u0131 t\u00fcr\u00fcyle k\u0131yaslad\u0131\u011f\u0131m\u0131zda insan\u0131n di\u011fer zihinleri okumas\u0131n\u0131, onlar\u0131n umutlar\u0131n\u0131, korkular\u0131n\u0131 ve motivasyon kaynaklar\u0131n\u0131 anlamas\u0131n\u0131 sa\u011flayan benzersiz bir becerisi vard\u0131r. Lieberman\u2019a g\u00f6re sosyal ya\u015fama d\u00f6n\u00fck bu beceri ve mekanizmalar yaln\u0131zca ba\u015far\u0131m\u0131z\u0131n anahtar\u0131 de\u011fil, evrimsel s\u00fcre\u00e7te daha b\u00fcy\u00fck beyinler geli\u015ftirmemizin de asal nedenleri aras\u0131ndad\u0131r. Lieberman, Sosyal kitab\u0131nda, beyin bilimlerini laboratuvardan \u00e7\u0131kar\u0131p ger\u00e7ek d\u00fcnyaya ta\u015f\u0131yor ve insan t\u00fcr\u00fc olarak nas\u0131l daha zeki, daha mutlu ve daha \u00fcretken olabilece\u011fimizi, ya\u015fam\u0131 ev hayat\u0131ndan kariyere kadar uzanan yelpaze i\u00e7inde nas\u0131l daha da geli\u015ftirebilece\u011fimizi a\u00e7\u0131kl\u0131yor. \u201cSon derece sosyal bir t\u00fcr\u00fcz. Bunu herkes biliyor. Lieberman ise bu temel ve yal\u0131n ger\u00e7ekten yola \u00e7\u0131karak, ya\u015famlar\u0131m\u0131z\u0131 iyile\u015ftirmek i\u00e7in kullanmaya de\u011fer bir anlay\u0131\u015f ve kavray\u0131\u015f geli\u015ftiriyor.\u201d \u2014Prof. Dr. Robert Cialdini, \u0130knan\u0131n Psikolojisi yazar\u0131   \u201c\u0130nsanlar\u0131n birbirine neden ve nas\u0131l ba\u011fl\u0131 oldu\u011fuyla ilgili \u00e7ok g\u00fczel ve zekice bir inceleme, hem de alandaki \u00f6nc\u00fclerden birinin kaleminden.\u201d \u2014Prof. Dr. Daniel Gilbert, Mutluluk Beyinde Ba\u015flar yazar\u0131 <\/p>\n","protected":false},"excerpt":{"rendered":"<p>Ba\u015fkalar\u0131yla ba\u011flant\u0131 kurma ihtiyac\u0131m\u0131z o denli g\u00fc\u00e7l\u00fcd\u00fcr ki davran\u0131\u015flar\u0131m\u0131z\u0131 y\u00f6nlendiren ba\u015fl\u0131ca \u00f6geler aras\u0131ndad\u0131r. Matthew Lieberman, beynimizin sosyal temasa verdi\u011fi yan\u0131tlara dair bilimsel bulgular\u0131 bir araya getirerek,<span class=\"excerpt-hellip\"> [\u2026]<\/span><\/p>\n","protected":false},"featured_media":0,"template":"","meta":{"_monsterinsights_skip_tracking":false,"_monsterinsights_sitenote_active":false,"_monsterinsights_sitenote_note":"","_monsterinsights_sitenote_category":0},"product_brand":[],"product_cat":[12358,12357],"product_tag":[],"class_list":{"0":"post-722700","1":"product","2":"type-product","3":"status-publish","5":"product_cat-genel-psikoloji","6":"product_cat-psikoloji","7":"pa_cilt-ciltsiz","8":"pa_tur-kitap","9":"pa_yayinevi-gorunmez-adam-yayincilik","10":"pa_yazar-matthew-d-lieberman","12":"first","13":"instock","14":"sale","15":"shipping-taxable","16":"purchasable","17":"product-type-simple"},"_links":{"self":[{"href":"https:\/\/roveyayinevi.com.tr\/index.php\/wp-json\/wp\/v2\/product\/722700","targetHints":{"allow":["GET"]}}],"collection":[{"href":"https:\/\/roveyayinevi.com.tr\/index.php\/wp-json\/wp\/v2\/product"}],"about":[{"href":"https:\/\/roveyayinevi.com.tr\/index.php\/wp-json\/wp\/v2\/types\/product"}],"wp:attachment":[{"href":"https:\/\/roveyayinevi.com.tr\/index.php\/wp-json\/wp\/v2\/media?parent=722700"}],"wp:term":[{"taxonomy":"product_brand","embeddable":true,"href":"https:\/\/roveyayinevi.com.tr\/index.php\/wp-json\/wp\/v2\/product_brand?post=722700"},{"taxonomy":"product_cat","embeddable":true,"href":"https:\/\/roveyayinevi.com.tr\/index.php\/wp-json\/wp\/v2\/product_cat?post=722700"},{"taxonomy":"product_tag","embeddable":true,"href":"https:\/\/roveyayinevi.com.tr\/index.php\/wp-json\/wp\/v2\/product_tag?post=722700"}],"curies":[{"name":"wp","href":"https:\/\/api.w.org\/{rel}","templated":true}]}}