{"id":722699,"date":"2025-08-27T19:07:53","date_gmt":"2025-08-27T16:07:53","guid":{"rendered":"https:\/\/roveyayinevi.com.tr\/index.php\/urun\/kobiler-icin-dijital-donusum\/"},"modified":"2026-04-16T02:30:36","modified_gmt":"2026-04-15T23:30:36","slug":"kobiler-icin-dijital-donusum","status":"publish","type":"product","link":"https:\/\/roveyayinevi.com.tr\/index.php\/urun\/kobiler-icin-dijital-donusum\/","title":{"rendered":"KOB\u0130&#8217;ler \u0130\u00e7in Dijital D\u00f6n\u00fc\u015f\u00fcm"},"content":{"rendered":"<p>1. Dijitalle\u015fmenin \u00d6nemi2. \u0130nternetin Hayat\u0131m\u0131zdaki Yeri ve Kullan\u0131m Alanlar\u01313. \u0130nternette Arama Yapma ve Haber Takibi4. \u0130nternet Eti\u011fi ve Kurallar\u0131.5. G\u00fcvenli Web Sitelerini Anlama6. Ki\u015fisel Veri G\u00fcvenli\u011fini Sa\u011flama7. \u0130nternetten G\u00fcvenli Al\u0131\u015fveri\u015f8. \u0130nternetten Bankac\u0131l\u0131k \u0130\u015flemleri9. E-Devlet ve S\u0131k Kullan\u0131lan \u0130\u015flemler10. Sosyal Medya Ara\u00e7lar\u0131 ve \u00d6nemi11. Sosyal Medyay\u0131 \u0130\u015fimizde Kullanmak ve G\u00f6r\u00fcn\u00fcr Olmak12. . Ba\u015far\u0131 \u00d6rnekleri .13. Google\u2019da G\u00f6r\u00fcn\u00fcrl\u00fck, Googlemaps ve Reklam Verme14. Facebook Kurumsal Sayfa ve Reklam15. . Instagram Kurumsal Sayfa ve Reklam16. \u00c7evrimi\u00e7i Sat\u0131\u015f Yapabilme17. Whatsapp Uygulamas\u0131 ve Grup Kurma<\/p>\n","protected":false},"excerpt":{"rendered":"<p>1. Dijitalle\u015fmenin \u00d6nemi2. \u0130nternetin Hayat\u0131m\u0131zdaki Yeri ve Kullan\u0131m Alanlar\u01313. \u0130nternette Arama Yapma ve Haber Takibi4. \u0130nternet Eti\u011fi ve Kurallar\u0131.5. G\u00fcvenli Web Sitelerini Anlama6. Ki\u015fisel Veri G\u00fcvenli\u011fini<span class=\"excerpt-hellip\"> [\u2026]<\/span><\/p>\n","protected":false},"featured_media":0,"template":"","meta":{"_monsterinsights_skip_tracking":false,"_monsterinsights_sitenote_active":false,"_monsterinsights_sitenote_note":"","_monsterinsights_sitenote_category":0},"product_brand":[],"product_cat":[13043,14381],"product_tag":[],"class_list":{"0":"post-722699","1":"product","2":"type-product","3":"status-publish","5":"product_cat-ekonomi","6":"product_cat-isletme-muhasebe-maliye","7":"pa_cilt-ciltsiz","8":"pa_tur-kitap","9":"pa_yayinevi-gazi-kitabevi","10":"pa_yazar-yunus-kalender-berna-tari-kasnakoglu","12":"first","13":"instock","14":"sale","15":"shipping-taxable","16":"purchasable","17":"product-type-simple"},"_links":{"self":[{"href":"https:\/\/roveyayinevi.com.tr\/index.php\/wp-json\/wp\/v2\/product\/722699","targetHints":{"allow":["GET"]}}],"collection":[{"href":"https:\/\/roveyayinevi.com.tr\/index.php\/wp-json\/wp\/v2\/product"}],"about":[{"href":"https:\/\/roveyayinevi.com.tr\/index.php\/wp-json\/wp\/v2\/types\/product"}],"wp:attachment":[{"href":"https:\/\/roveyayinevi.com.tr\/index.php\/wp-json\/wp\/v2\/media?parent=722699"}],"wp:term":[{"taxonomy":"product_brand","embeddable":true,"href":"https:\/\/roveyayinevi.com.tr\/index.php\/wp-json\/wp\/v2\/product_brand?post=722699"},{"taxonomy":"product_cat","embeddable":true,"href":"https:\/\/roveyayinevi.com.tr\/index.php\/wp-json\/wp\/v2\/product_cat?post=722699"},{"taxonomy":"product_tag","embeddable":true,"href":"https:\/\/roveyayinevi.com.tr\/index.php\/wp-json\/wp\/v2\/product_tag?post=722699"}],"curies":[{"name":"wp","href":"https:\/\/api.w.org\/{rel}","templated":true}]}}