{"id":722698,"date":"2025-08-27T19:07:52","date_gmt":"2025-08-27T16:07:52","guid":{"rendered":"https:\/\/roveyayinevi.com.tr\/index.php\/urun\/saglik-hizmetleri-yonetiminde-cok-kriterli-karar-verme-teknikleri\/"},"modified":"2026-04-16T02:30:36","modified_gmt":"2026-04-15T23:30:36","slug":"saglik-hizmetleri-yonetiminde-cok-kriterli-karar-verme-teknikleri","status":"publish","type":"product","link":"https:\/\/roveyayinevi.com.tr\/index.php\/urun\/saglik-hizmetleri-yonetiminde-cok-kriterli-karar-verme-teknikleri\/","title":{"rendered":"Sa\u011fl\u0131k Hizmetleri Y\u00f6netiminde \u00c7ok Kriterli Karar Verme Teknikleri"},"content":{"rendered":"<p>Birinci B\u00f6l\u00fcm1.1. Sa\u011fl\u0131k Hizmetleri Kavram\u0131 ve Sa\u011fl\u0131k Ekonomisi1.2. Sa\u011fl\u0131k Hizmetleri Piyasas\u0131nda Talep ve Arz1.3. Sa\u011fl\u0131k Hizmetlerinin Genel \u00d6zellikleri\u0130kinci B\u00f6l\u00fcm2.1. Maliyet Kavram\u0131 2.2. Sa\u011fl\u0131k Hizmetlerinde Maliyet Kavram\u01312.3. Sa\u011fl\u0131k Hizmetlerinde Maliyetleme Ama\u00e7lar\u01312.4. Sa\u011fl\u0131k Hizmetlerinde Ortaya \u00c7\u0131kan Baz\u0131 Maliyet Kalemleri\u00dc\u00e7\u00fcnc\u00fc B\u00f6l\u00fcm3.1. Karar Teorisi3.2. \u00c7ok Kriterli Karar Verme Teknikleri ve Uygulamalar\u0131<\/p>\n","protected":false},"excerpt":{"rendered":"<p>Birinci B\u00f6l\u00fcm1.1. Sa\u011fl\u0131k Hizmetleri Kavram\u0131 ve Sa\u011fl\u0131k Ekonomisi1.2. Sa\u011fl\u0131k Hizmetleri Piyasas\u0131nda Talep ve Arz1.3. Sa\u011fl\u0131k Hizmetlerinin Genel \u00d6zellikleri\u0130kinci B\u00f6l\u00fcm2.1. Maliyet Kavram\u0131 2.2. Sa\u011fl\u0131k Hizmetlerinde Maliyet Kavram\u01312.3.<span class=\"excerpt-hellip\"> [\u2026]<\/span><\/p>\n","protected":false},"featured_media":0,"template":"","meta":{"_monsterinsights_skip_tracking":false,"_monsterinsights_sitenote_active":false,"_monsterinsights_sitenote_note":"","_monsterinsights_sitenote_category":0},"product_brand":[],"product_cat":[13366,13365],"product_tag":[],"class_list":{"0":"post-722698","1":"product","2":"type-product","3":"status-publish","5":"product_cat-diger-saglik","6":"product_cat-saglik","7":"pa_cilt-ciltsiz","8":"pa_tur-kitap","9":"pa_yayinevi-gazi-kitabevi","10":"pa_yazar-ayhan-demirci","12":"first","13":"instock","14":"sale","15":"shipping-taxable","16":"purchasable","17":"product-type-simple"},"_links":{"self":[{"href":"https:\/\/roveyayinevi.com.tr\/index.php\/wp-json\/wp\/v2\/product\/722698","targetHints":{"allow":["GET"]}}],"collection":[{"href":"https:\/\/roveyayinevi.com.tr\/index.php\/wp-json\/wp\/v2\/product"}],"about":[{"href":"https:\/\/roveyayinevi.com.tr\/index.php\/wp-json\/wp\/v2\/types\/product"}],"wp:attachment":[{"href":"https:\/\/roveyayinevi.com.tr\/index.php\/wp-json\/wp\/v2\/media?parent=722698"}],"wp:term":[{"taxonomy":"product_brand","embeddable":true,"href":"https:\/\/roveyayinevi.com.tr\/index.php\/wp-json\/wp\/v2\/product_brand?post=722698"},{"taxonomy":"product_cat","embeddable":true,"href":"https:\/\/roveyayinevi.com.tr\/index.php\/wp-json\/wp\/v2\/product_cat?post=722698"},{"taxonomy":"product_tag","embeddable":true,"href":"https:\/\/roveyayinevi.com.tr\/index.php\/wp-json\/wp\/v2\/product_tag?post=722698"}],"curies":[{"name":"wp","href":"https:\/\/api.w.org\/{rel}","templated":true}]}}