{"id":722697,"date":"2025-08-27T19:07:52","date_gmt":"2025-08-27T16:07:52","guid":{"rendered":"https:\/\/roveyayinevi.com.tr\/index.php\/urun\/spor-ve-rekreasyon-isletmeleri-yonetimi\/"},"modified":"2026-04-16T02:30:36","modified_gmt":"2026-04-15T23:30:36","slug":"spor-ve-rekreasyon-isletmeleri-yonetimi","status":"publish","type":"product","link":"https:\/\/roveyayinevi.com.tr\/index.php\/urun\/spor-ve-rekreasyon-isletmeleri-yonetimi\/","title":{"rendered":"Spor ve Rekreasyon \u0130\u015fletmeleri Y\u00f6netimi"},"content":{"rendered":"<p>G\u00fcn\u00fcm\u00fczde insanlar\u0131n spor ve bo\u015f zamanlar\u0131 de\u011ferlendirme ihtiya\u00e7lar\u0131n\u0131 kar\u015f\u0131lamaya y\u00f6nelik her ge\u00e7en g\u00fcn b\u00fcy\u00fcmeye devam eden bir end\u00fcstri olu\u015fmu\u015ftur. G\u00fcn ge\u00e7tik\u00e7e b\u00fcy\u00fcyen geli\u015fen bu sekt\u00f6rde hem \u00e7a\u011fda\u015f i\u015fletmelere (tesislere) hem de sekt\u00f6r\u00fcn ihtiya\u00e7 duydu\u011fu iyi yeti\u015fmi\u015f y\u00f6netici ve personele olan ihtiya\u00e7 da g\u00fcn ge\u00e7tik\u00e7e artmaktad\u0131r. Her t\u00fcr ve boyuttaki spor ve rekreasyon i\u015fletmeleri, k\u00fcresel spor y\u00f6netimi k\u00fclt\u00fcr\u00fcn\u00fcn ayr\u0131lmaz bir par\u00e7as\u0131d\u0131r. Bu itibarla, spor y\u00f6netimi ve rekreasyon alan\u0131nda e\u011fitim alan \u00f6\u011frencilerin, bu sekt\u00f6re yat\u0131r\u0131m yapan giri\u015fimcilerin, bu alanda \u00e7al\u0131\u015fan profesyonellerin kariyerleri boyunca spor ve rekreasyon i\u015fletmeleri y\u00f6netimi ve faaliyetleri ile etkile\u015fim i\u00e7erisinde bulunmas\u0131 ka\u00e7\u0131n\u0131lmazd\u0131r. \u0130ster kamu yarar\u0131na kar amac\u0131 g\u00fctmeyen topluma hizmet temelli veya kar elde etme temelli olsun, \u00e7o\u011fu spor ve rekreasyon i\u015fletmeleri\/tesisi ayn\u0131 genel y\u00f6netim hedeflerine sahiptir. Bu ortak hedeflere ula\u015fmak i\u00e7in kolay eri\u015fim ve f\u0131rsatlar sunmak, kalite, g\u00fcvenlik ve s\u00fcrd\u00fcr\u00fclebilirlik sa\u011flamak ve \u00e7oklu kullan\u0131m veya payla\u015f\u0131m gibi fakt\u00f6rler de g\u00f6z \u00f6n\u00fcnde bulundurularak; tesislerinin kullan\u0131m\u0131n\u0131 en \u00fcst seviyeye \u00e7\u0131karmak, verimli, g\u00fcvenli ve adil hizmetler sunacak \u015fekilde i\u015fletmektir.&#8221;Spor ve Rekreasyon \u0130\u015fletmeleri Y\u00f6netimi\u201d adl\u0131 bu kitap, i\u015fletme deneyimi perspektifinden alanda okuyan, \u00e7al\u0131\u015fan ve yat\u0131r\u0131m yapanlara rehberlik etme ve kaynak eksikli\u011fini gidermeye katk\u0131 iddias\u0131 ile kaleme al\u0131nm\u0131\u015ft\u0131r. Bu bak\u0131mdan alanda yay\u0131nlanan bas\u0131l\u0131 her kaynak, spor ve rekreasyon end\u00fcstrisinin k\u00fcresel bir yap\u0131ya sahip olmas\u0131 ve bilgi edinmeye ve bilgiyi kullanmaya duyulan ihtiya\u00e7 bak\u0131m\u0131ndan olduk\u00e7a \u00f6nemlidir. Bu alanda verilen e\u011fitimin ve aktar\u0131lan bilginin hem bu alanda e\u011fitim alan \u00f6\u011frencilere hem de bu alandaki profesyonellere bunu fazlas\u0131yla yans\u0131tmas\u0131 gerekti\u011fi d\u00fc\u015f\u00fcn\u00fcyorum. Bu kitab\u0131n amac\u0131, spor ve rekreasyon alan\u0131nda lisans ve lisans\u00fcst\u00fc e\u011fitim alan \u00f6\u011frencilere spor ve rekreasyon y\u00f6netiminin \u00f6nemli y\u00f6nlerine alanda edinilmi\u015f uygulama deneyimi ve birikimi ile bir bak\u0131\u015f a\u00e7\u0131s\u0131 sa\u011flamas\u0131 ve bilgilendirmesidir. Ayr\u0131ca, spor ve rekreasyon e\u011fitimi veren akademisyenlere, spor ve rekreasyon i\u015fletmelerinde (tesisler) \u00e7al\u0131\u015fanlara, y\u00f6neticilere spor ve rekreasyon sekt\u00f6r\u00fcne yat\u0131r\u0131m yapan giri\u015fimcilere yol g\u00f6sterici, bilgilendirici bir kaynak olmas\u0131d\u0131r.<\/p>\n","protected":false},"excerpt":{"rendered":"<p>G\u00fcn\u00fcm\u00fczde insanlar\u0131n spor ve bo\u015f zamanlar\u0131 de\u011ferlendirme ihtiya\u00e7lar\u0131n\u0131 kar\u015f\u0131lamaya y\u00f6nelik her ge\u00e7en g\u00fcn b\u00fcy\u00fcmeye devam eden bir end\u00fcstri olu\u015fmu\u015ftur. G\u00fcn ge\u00e7tik\u00e7e b\u00fcy\u00fcyen geli\u015fen bu sekt\u00f6rde hem<span class=\"excerpt-hellip\"> [\u2026]<\/span><\/p>\n","protected":false},"featured_media":0,"template":"","meta":{"_monsterinsights_skip_tracking":false,"_monsterinsights_sitenote_active":false,"_monsterinsights_sitenote_note":"","_monsterinsights_sitenote_category":0},"product_brand":[],"product_cat":[15563,15564],"product_tag":[],"class_list":{"0":"post-722697","1":"product","2":"type-product","3":"status-publish","5":"product_cat-hobi","6":"product_cat-spor","7":"pa_cilt-ciltsiz","8":"pa_tur-kitap","9":"pa_yayinevi-gazi-kitabevi","10":"pa_yazar-sabri-kaya","12":"first","13":"instock","14":"sale","15":"shipping-taxable","16":"purchasable","17":"product-type-simple"},"_links":{"self":[{"href":"https:\/\/roveyayinevi.com.tr\/index.php\/wp-json\/wp\/v2\/product\/722697","targetHints":{"allow":["GET"]}}],"collection":[{"href":"https:\/\/roveyayinevi.com.tr\/index.php\/wp-json\/wp\/v2\/product"}],"about":[{"href":"https:\/\/roveyayinevi.com.tr\/index.php\/wp-json\/wp\/v2\/types\/product"}],"wp:attachment":[{"href":"https:\/\/roveyayinevi.com.tr\/index.php\/wp-json\/wp\/v2\/media?parent=722697"}],"wp:term":[{"taxonomy":"product_brand","embeddable":true,"href":"https:\/\/roveyayinevi.com.tr\/index.php\/wp-json\/wp\/v2\/product_brand?post=722697"},{"taxonomy":"product_cat","embeddable":true,"href":"https:\/\/roveyayinevi.com.tr\/index.php\/wp-json\/wp\/v2\/product_cat?post=722697"},{"taxonomy":"product_tag","embeddable":true,"href":"https:\/\/roveyayinevi.com.tr\/index.php\/wp-json\/wp\/v2\/product_tag?post=722697"}],"curies":[{"name":"wp","href":"https:\/\/api.w.org\/{rel}","templated":true}]}}