{"id":722695,"date":"2025-08-27T19:07:50","date_gmt":"2025-08-27T16:07:50","guid":{"rendered":"https:\/\/roveyayinevi.com.tr\/index.php\/urun\/cocuklugum-8\/"},"modified":"2026-04-03T02:36:47","modified_gmt":"2026-04-02T23:36:47","slug":"cocuklugum-8","status":"publish","type":"product","link":"https:\/\/roveyayinevi.com.tr\/index.php\/urun\/cocuklugum-8\/","title":{"rendered":"\u00c7ocuklu\u011fum"},"content":{"rendered":"<p>\u201cHerkes, evlat, herkes kar\u015f\u0131s\u0131na daha iyi bir \u015feyin \u00e7\u0131kmas\u0131n\u0131 bekleyerek ya\u015far. Bu y\u00fczden herkese kar\u015f\u0131 sayg\u0131l\u0131 olmal\u0131y\u0131z. O ki\u015finin i\u00e7inde nas\u0131l bir g\u00fc\u00e7 bar\u0131nd\u0131rd\u0131\u011f\u0131n\u0131, d\u00fcnyaya hangi amaca hizmet etmek i\u00e7in geldi\u011fini ve neler ba\u015farabilece\u011fini kim bilebilir ki? Belki de d\u00fcnyaya bizim mutlulu\u011fumuz i\u00e7in gelmi\u015ftir\u2026 \u00d6zellikle \u00e7ocuklara sayg\u0131 g\u00f6stermeliyiz! \u00c7ocuklar\u2026 Onlar\u0131 \u00f6zg\u00fcr b\u0131rakmal\u0131! Hayatlar\u0131na kar\u0131\u015fmamal\u0131, onlara sayg\u0131 duymal\u0131y\u0131z!\u201d -Maksim Gorki, Ayaktak\u0131m\u0131 Aras\u0131nda (1902) Otobiyografik bir \u00fc\u00e7lemenin ilk kitab\u0131 olan \u00c7ocuklu\u011fum, Maksim Gorki\u2019nin \u00e7ocukluktan yeti\u015fkinli\u011fe ge\u00e7i\u015f d\u00f6nemini anlat\u0131r. Gorki\u2019nin ba\u015fyap\u0131t\u0131 say\u0131lan eser otobiyografi t\u00fcr\u00fcn\u00fcn en iyi \u00f6rneklerinden biridir. As\u0131l ad\u0131 Aleksey Maksimovi\u00e7 Pe\u015fkov olan Gorki\u2019nin Rus\u00e7ada \u201cac\u0131\u201d anlam\u0131na gelen bu ad\u0131 kullanmaya ba\u015flamas\u0131n\u0131n sebeplerini kitab\u0131 okuduk\u00e7a anlayacak, okula yaln\u0131zca birka\u00e7 ay gitmi\u015f birisinin Rus Edebiyat\u0131\u2019n\u0131n babas\u0131 haline geli\u015fine tan\u0131k olacaks\u0131n\u0131z. Kitab\u0131 elinizden b\u0131raksan\u0131z da hik\u00e2yeyi akl\u0131n\u0131zdan \u00e7\u0131karamayacaks\u0131n\u0131z. <\/p>\n","protected":false},"excerpt":{"rendered":"<p>\u201cHerkes, evlat, herkes kar\u015f\u0131s\u0131na daha iyi bir \u015feyin \u00e7\u0131kmas\u0131n\u0131 bekleyerek ya\u015far. Bu y\u00fczden herkese kar\u015f\u0131 sayg\u0131l\u0131 olmal\u0131y\u0131z. O ki\u015finin i\u00e7inde nas\u0131l bir g\u00fc\u00e7 bar\u0131nd\u0131rd\u0131\u011f\u0131n\u0131, d\u00fcnyaya hangi<span class=\"excerpt-hellip\"> [\u2026]<\/span><\/p>\n","protected":false},"featured_media":0,"template":"","meta":{"_monsterinsights_skip_tracking":false,"_monsterinsights_sitenote_active":false,"_monsterinsights_sitenote_note":"","_monsterinsights_sitenote_category":0},"product_brand":[],"product_cat":[12291,12711],"product_tag":[],"class_list":{"0":"post-722695","1":"product","2":"type-product","3":"status-publish","5":"product_cat-edebiyat","6":"product_cat-roman-oyku","7":"pa_cilt-ciltsiz","8":"pa_tur-kitap","9":"pa_yayinevi-sms-yayinlari","10":"pa_yazar-maksim-gorki","12":"first","13":"instock","14":"sale","15":"shipping-taxable","16":"purchasable","17":"product-type-simple"},"_links":{"self":[{"href":"https:\/\/roveyayinevi.com.tr\/index.php\/wp-json\/wp\/v2\/product\/722695","targetHints":{"allow":["GET"]}}],"collection":[{"href":"https:\/\/roveyayinevi.com.tr\/index.php\/wp-json\/wp\/v2\/product"}],"about":[{"href":"https:\/\/roveyayinevi.com.tr\/index.php\/wp-json\/wp\/v2\/types\/product"}],"wp:attachment":[{"href":"https:\/\/roveyayinevi.com.tr\/index.php\/wp-json\/wp\/v2\/media?parent=722695"}],"wp:term":[{"taxonomy":"product_brand","embeddable":true,"href":"https:\/\/roveyayinevi.com.tr\/index.php\/wp-json\/wp\/v2\/product_brand?post=722695"},{"taxonomy":"product_cat","embeddable":true,"href":"https:\/\/roveyayinevi.com.tr\/index.php\/wp-json\/wp\/v2\/product_cat?post=722695"},{"taxonomy":"product_tag","embeddable":true,"href":"https:\/\/roveyayinevi.com.tr\/index.php\/wp-json\/wp\/v2\/product_tag?post=722695"}],"curies":[{"name":"wp","href":"https:\/\/api.w.org\/{rel}","templated":true}]}}