{"id":722694,"date":"2025-08-27T19:07:49","date_gmt":"2025-08-27T16:07:49","guid":{"rendered":"https:\/\/roveyayinevi.com.tr\/index.php\/urun\/muhtesem-gatsby-8\/"},"modified":"2026-04-16T02:30:36","modified_gmt":"2026-04-15T23:30:36","slug":"muhtesem-gatsby-8","status":"publish","type":"product","link":"https:\/\/roveyayinevi.com.tr\/index.php\/urun\/muhtesem-gatsby-8\/","title":{"rendered":"Muhte\u015fem Gatsby"},"content":{"rendered":"<p>\u201cTek bir yenilgi ile son bir yenilgiyi birbirine kar\u0131\u015ft\u0131rmamak gerek.\u201d F. Scott Fitzgerald 20. Y\u00fczy\u0131l Amerikan Edebiyat\u0131\u2019n\u0131n en \u00f6nemli isimlerinden F. Scott Fitzgerald\u2019\u0131n ba\u015fyap\u0131t\u0131 Muhte\u015fem Gatsby\u2019de \u201cCaz \u00c7a\u011f\u0131\u201d olarak bilinen 1920\u2019ler zekice resmedilir. I. D\u00fcnya sava\u015f\u0131n\u0131n y\u0131k\u0131c\u0131 etkisiyle do\u011fan yitik ku\u015fa\u011f\u0131n bir trajedisidir bu. Sava\u015ftan ellerinde yaln\u0131zca hayal k\u0131r\u0131kl\u0131klar\u0131, ak\u0131llar\u0131nda ise Amerikan r\u00fcyas\u0131yla d\u00f6nen bir nesil. \u0130\u015fte Fitzgerald\u2019\u0131n gizemli Gatsby\u2019si de bu ku\u015fa\u011f\u0131n en \u00f6nemli temsilcilerinden biridir. D\u0131\u015far\u0131dan bak\u0131ld\u0131\u011f\u0131nda her \u015feye sahipmi\u015f gibi duran inan\u0131lmaz derecede zengin bir adam. Fakat Gatsby, ayn\u0131 zamanda kimsenin her \u015feye sahip olamayaca\u011f\u0131n\u0131n da kan\u0131t\u0131d\u0131r. \u00c7\u0131lg\u0131n partileri ve l\u00fcks hayat tarz\u0131yla tan\u0131nan Gatsby\u2019nin tek istedi\u011fi be\u015f sene \u00f6nce kaybetti\u011fi Daisy Buchanan\u2019d\u0131r.Sava\u015f s\u0131ras\u0131nda evlenen ve k\u0131z\u0131 ve kocas\u0131yla birlikte kar\u015f\u0131 k\u0131y\u0131da ya\u015fayan Daisy\u2019i tekrar kazanmak i\u00e7in verece\u011fi sava\u015f, i\u00e7inden \u00e7\u0131kt\u0131\u011f\u0131 sava\u015ftan daha m\u0131 zor olacakt\u0131? Ge\u00e7mi\u015fi geri getirmek m\u00fcmk\u00fcn m\u00fcyd\u00fc? \u0130\u015fte bu sorular\u0131n cevaplar\u0131 sayfalar aras\u0131nda sizi bekliyor. <\/p>\n","protected":false},"excerpt":{"rendered":"<p>\u201cTek bir yenilgi ile son bir yenilgiyi birbirine kar\u0131\u015ft\u0131rmamak gerek.\u201d F. Scott Fitzgerald 20. Y\u00fczy\u0131l Amerikan Edebiyat\u0131\u2019n\u0131n en \u00f6nemli isimlerinden F. Scott Fitzgerald\u2019\u0131n ba\u015fyap\u0131t\u0131 Muhte\u015fem Gatsby\u2019de<span class=\"excerpt-hellip\"> [\u2026]<\/span><\/p>\n","protected":false},"featured_media":0,"template":"","meta":{"_monsterinsights_skip_tracking":false,"_monsterinsights_sitenote_active":false,"_monsterinsights_sitenote_note":"","_monsterinsights_sitenote_category":0},"product_brand":[],"product_cat":[12291,12711],"product_tag":[],"class_list":{"0":"post-722694","1":"product","2":"type-product","3":"status-publish","5":"product_cat-edebiyat","6":"product_cat-roman-oyku","7":"pa_cilt-ciltsiz","8":"pa_tur-kitap","9":"pa_yayinevi-sms-yayinlari","10":"pa_yazar-f-scott-fitzgerald","12":"first","13":"instock","14":"sale","15":"shipping-taxable","16":"purchasable","17":"product-type-simple"},"_links":{"self":[{"href":"https:\/\/roveyayinevi.com.tr\/index.php\/wp-json\/wp\/v2\/product\/722694","targetHints":{"allow":["GET"]}}],"collection":[{"href":"https:\/\/roveyayinevi.com.tr\/index.php\/wp-json\/wp\/v2\/product"}],"about":[{"href":"https:\/\/roveyayinevi.com.tr\/index.php\/wp-json\/wp\/v2\/types\/product"}],"wp:attachment":[{"href":"https:\/\/roveyayinevi.com.tr\/index.php\/wp-json\/wp\/v2\/media?parent=722694"}],"wp:term":[{"taxonomy":"product_brand","embeddable":true,"href":"https:\/\/roveyayinevi.com.tr\/index.php\/wp-json\/wp\/v2\/product_brand?post=722694"},{"taxonomy":"product_cat","embeddable":true,"href":"https:\/\/roveyayinevi.com.tr\/index.php\/wp-json\/wp\/v2\/product_cat?post=722694"},{"taxonomy":"product_tag","embeddable":true,"href":"https:\/\/roveyayinevi.com.tr\/index.php\/wp-json\/wp\/v2\/product_tag?post=722694"}],"curies":[{"name":"wp","href":"https:\/\/api.w.org\/{rel}","templated":true}]}}