{"id":722693,"date":"2025-08-27T19:07:49","date_gmt":"2025-08-27T16:07:49","guid":{"rendered":"https:\/\/roveyayinevi.com.tr\/index.php\/urun\/entelektuel-tarih-nedir\/"},"modified":"2026-04-16T02:30:36","modified_gmt":"2026-04-15T23:30:36","slug":"entelektuel-tarih-nedir","status":"publish","type":"product","link":"https:\/\/roveyayinevi.com.tr\/index.php\/urun\/entelektuel-tarih-nedir\/","title":{"rendered":"Entelekt\u00fcel Tarih Nedir?"},"content":{"rendered":"<p>Isl\u0131k Yay\u0131nlar\u0131 olarak \u201cEntelekt\u00fcel Tarih Nedir?\u201d ba\u015fl\u0131kl\u0131 bu kitab\u0131 okurun be\u011fenisine sunuyoruz. Entelekt\u00fcel Tarihin do\u011fu\u015fu ve geli\u015fimini okurken \u201cMakyavelli, Hobbes, Locke, Adam Smith, Bentham, Spinoza, Kant ve Rousseau gibi \u00e7ok bilinen isimlerin asl\u0131nda ne dedikleri ve bunlar\u0131n g\u00fcn\u00fcm\u00fczde nas\u0131l yanl\u0131\u015f anla\u015f\u0131ld\u0131klar\u0131n\u0131 ke\u015ffetmek\u201d, okur i\u00e7in \u00e7ok zevkli bir deneyim olacakt\u0131r. G\u00fcn\u00fcm\u00fcz T\u00fcrk okuru bu kitap sayesinde g\u00fcncel siyaset ve T\u00fcrk kamuoyunda \u00e7ok tart\u0131\u015f\u0131lan pop\u00fcler sorunlar\u0131 daha iyi anlama f\u0131rsat\u0131 bulacakt\u0131r.\u201cBu kitap entelekt\u00fcel tarih nedir, entelekt\u00fcel tarih\u00e7i ne yapar diye merak eden herkesin ilk okumas\u0131 gereken kitapt\u0131r. Bu yararl\u0131 eserin art\u0131k zaman\u0131 gelmi\u015fti. Yazar Whatmore bir entelekt\u00fcel tarih\u00e7idir. Kitaba kendi ki\u015fisel hat\u0131ralar\u0131 ile ba\u015fl\u0131yor ve \u00f6zellikle \u0130ngilizce konu\u015fulan d\u00fcnyada entelekt\u00fcel tarihin serencam\u0131n\u0131 anlat\u0131yor.\u201d-Ann Thompson (European University Institute)\u201cEntelekt\u00fcel Tarih Nedir?\u201d Ele ald\u0131\u011f\u0131 konunun \u00f6nemini son derece g\u00fc\u00e7l\u00fc bir \u015fekilde ortaya koyuyor. Entelekt\u00fcel tarihin kendi tarihinden ba\u015flayan bu \u00e7arp\u0131c\u0131 kitapta siyasi d\u00fc\u015f\u00fcncenin d\u00f6n\u00fc\u015f\u00fcm\u00fcn\u00fcn en \u00f6nemli uzmanlar\u0131na yer verilir: John Pocock, Quentin Skinner ve Istvan Hont\u2019un \u00e7al\u0131\u015fmalar\u0131na \u00f6zel \u00f6nem atfeden Whatmore entelekt\u00fcel tarihin s\u0131n\u0131rlar\u0131 ve imkanlar\u0131n\u0131 ke\u015ffediyor.-John Robertson (Cambridge \u00dcniversitesi)<\/p>\n","protected":false},"excerpt":{"rendered":"<p>Isl\u0131k Yay\u0131nlar\u0131 olarak \u201cEntelekt\u00fcel Tarih Nedir?\u201d ba\u015fl\u0131kl\u0131 bu kitab\u0131 okurun be\u011fenisine sunuyoruz. Entelekt\u00fcel Tarihin do\u011fu\u015fu ve geli\u015fimini okurken \u201cMakyavelli, Hobbes, Locke, Adam Smith, Bentham, Spinoza, Kant<span class=\"excerpt-hellip\"> [\u2026]<\/span><\/p>\n","protected":false},"featured_media":0,"template":"","meta":{"_monsterinsights_skip_tracking":false,"_monsterinsights_sitenote_active":false,"_monsterinsights_sitenote_note":"","_monsterinsights_sitenote_category":0},"product_brand":[],"product_cat":[12312,12304],"product_tag":[],"class_list":{"0":"post-722693","1":"product","2":"type-product","3":"status-publish","5":"product_cat-diger","6":"product_cat-tarih","7":"pa_cilt-ciltsiz","8":"pa_tur-kitap","9":"pa_yayinevi-islik-yayinlari","10":"pa_yazar-richard-whatmore","12":"first","13":"instock","14":"sale","15":"shipping-taxable","16":"purchasable","17":"product-type-simple"},"_links":{"self":[{"href":"https:\/\/roveyayinevi.com.tr\/index.php\/wp-json\/wp\/v2\/product\/722693","targetHints":{"allow":["GET"]}}],"collection":[{"href":"https:\/\/roveyayinevi.com.tr\/index.php\/wp-json\/wp\/v2\/product"}],"about":[{"href":"https:\/\/roveyayinevi.com.tr\/index.php\/wp-json\/wp\/v2\/types\/product"}],"wp:attachment":[{"href":"https:\/\/roveyayinevi.com.tr\/index.php\/wp-json\/wp\/v2\/media?parent=722693"}],"wp:term":[{"taxonomy":"product_brand","embeddable":true,"href":"https:\/\/roveyayinevi.com.tr\/index.php\/wp-json\/wp\/v2\/product_brand?post=722693"},{"taxonomy":"product_cat","embeddable":true,"href":"https:\/\/roveyayinevi.com.tr\/index.php\/wp-json\/wp\/v2\/product_cat?post=722693"},{"taxonomy":"product_tag","embeddable":true,"href":"https:\/\/roveyayinevi.com.tr\/index.php\/wp-json\/wp\/v2\/product_tag?post=722693"}],"curies":[{"name":"wp","href":"https:\/\/api.w.org\/{rel}","templated":true}]}}