{"id":722691,"date":"2025-08-27T19:07:47","date_gmt":"2025-08-27T16:07:47","guid":{"rendered":"https:\/\/roveyayinevi.com.tr\/index.php\/urun\/ucurumun-dibindeki-dogrular\/"},"modified":"2025-11-21T05:51:36","modified_gmt":"2025-11-21T02:51:36","slug":"ucurumun-dibindeki-dogrular","status":"publish","type":"product","link":"https:\/\/roveyayinevi.com.tr\/index.php\/urun\/ucurumun-dibindeki-dogrular\/","title":{"rendered":"U\u00e7urumun Dibindeki Do\u011frular"},"content":{"rendered":"<p>\u201cF\u0131rt\u0131nalar\u0131m\u0131zdan \u00e7ekil ey bilge ki\u015fi!Bu imparatorluk ki tehlikeli sularda,Yol al\u0131yor, ne d\u00fcmeni var ne pusulas\u0131Sen sak\u0131n aldanma, sen sak\u0131n kanma ona!Bu gemi senin i\u00e7in bir aral\u0131k ay\u0131nda,Bir bal\u0131k\u00e7\u0131n\u0131n kurutmak i\u00e7in a\u011flar\u0131n\u0131Gerdi\u011fi odas\u0131n\u0131n en \u00fccra k\u00f6\u015fesinden,U\u011fursuz bir g\u00fcr\u00fclt\u00fcyle gece karanl\u0131kta,\u00dcrperen ve yana yatm\u0131\u015f direkleriyle,Ge\u00e7i\u015fini duydu\u011fu bir gemi gibi olmal\u0131.\u201d<\/p>\n","protected":false},"excerpt":{"rendered":"<p>\u201cF\u0131rt\u0131nalar\u0131m\u0131zdan \u00e7ekil ey bilge ki\u015fi!Bu imparatorluk ki tehlikeli sularda,Yol al\u0131yor, ne d\u00fcmeni var ne pusulas\u0131Sen sak\u0131n aldanma, sen sak\u0131n kanma ona!Bu gemi senin i\u00e7in bir aral\u0131k<span class=\"excerpt-hellip\"> [\u2026]<\/span><\/p>\n","protected":false},"featured_media":0,"template":"","meta":{"_monsterinsights_skip_tracking":false,"_monsterinsights_sitenote_active":false,"_monsterinsights_sitenote_note":"","_monsterinsights_sitenote_category":0},"product_brand":[],"product_cat":[12291,12509],"product_tag":[],"class_list":{"0":"post-722691","1":"product","2":"type-product","3":"status-publish","5":"product_cat-edebiyat","6":"product_cat-siir","7":"pa_cilt-ciltsiz","8":"pa_tur-kitap","9":"pa_yayinevi-islik-yayinlari","10":"pa_yazar-victor-hugo","12":"first","13":"instock","14":"sale","15":"shipping-taxable","16":"purchasable","17":"product-type-simple"},"_links":{"self":[{"href":"https:\/\/roveyayinevi.com.tr\/index.php\/wp-json\/wp\/v2\/product\/722691","targetHints":{"allow":["GET"]}}],"collection":[{"href":"https:\/\/roveyayinevi.com.tr\/index.php\/wp-json\/wp\/v2\/product"}],"about":[{"href":"https:\/\/roveyayinevi.com.tr\/index.php\/wp-json\/wp\/v2\/types\/product"}],"wp:attachment":[{"href":"https:\/\/roveyayinevi.com.tr\/index.php\/wp-json\/wp\/v2\/media?parent=722691"}],"wp:term":[{"taxonomy":"product_brand","embeddable":true,"href":"https:\/\/roveyayinevi.com.tr\/index.php\/wp-json\/wp\/v2\/product_brand?post=722691"},{"taxonomy":"product_cat","embeddable":true,"href":"https:\/\/roveyayinevi.com.tr\/index.php\/wp-json\/wp\/v2\/product_cat?post=722691"},{"taxonomy":"product_tag","embeddable":true,"href":"https:\/\/roveyayinevi.com.tr\/index.php\/wp-json\/wp\/v2\/product_tag?post=722691"}],"curies":[{"name":"wp","href":"https:\/\/api.w.org\/{rel}","templated":true}]}}