{"id":722688,"date":"2025-08-27T19:07:45","date_gmt":"2025-08-27T16:07:45","guid":{"rendered":"https:\/\/roveyayinevi.com.tr\/index.php\/urun\/medrese-v-universite-geri-kalmanin-ve-ilerlemenin-karsilastirmali-tarihcesi\/"},"modified":"2026-04-16T02:30:36","modified_gmt":"2026-04-15T23:30:36","slug":"medrese-v-universite-geri-kalmanin-ve-ilerlemenin-karsilastirmali-tarihcesi","status":"publish","type":"product","link":"https:\/\/roveyayinevi.com.tr\/index.php\/urun\/medrese-v-universite-geri-kalmanin-ve-ilerlemenin-karsilastirmali-tarihcesi\/","title":{"rendered":"Medrese v. \u00dcniversite &#8211; Geri Kalman\u0131n ve \u0130lerlemenin Kar\u015f\u0131la\u015ft\u0131rmal\u0131 Tarih\u00e7esi"},"content":{"rendered":"<p>Medrese ve \u00fcniversitenin tarihsel geli\u015fimini kar\u015f\u0131la\u015ft\u0131rmal\u0131 olarak inceleyebilmek i\u00e7in, Hristiyanl\u0131k ile \u0130slamiyet\u2019in iyi anla\u015f\u0131lmas\u0131n\u0131n yan\u0131nda, bu d\u00f6nemlerin tarihsel arka plan\u0131n\u0131n da iyi bilinmesi gereklidir. Medrese de \u00fcniversite de ba\u015flarda ayn\u0131 ama\u00e7la, dini birer e\u011fitim kurumu olarak kendi doktrinlerini a\u015f\u0131lamak amac\u0131yla kuruldu; medrese herhangi bir de\u011fi\u015fim g\u00f6stermezken \u00fcniversite bug\u00fcnk\u00fc halini ald\u0131. Kemal G\u00fcr\u00fcz, bu \u00e7al\u0131\u015fmas\u0131nda t\u00fcm tarihi arka plan\u0131 \u00f6n\u00fcne bir harita gibi a\u00e7arak medreseden \u00fcniversiteye do\u011fru bir kar\u015f\u0131la\u015ft\u0131rma yap\u0131yor.Sevgili dostum, \u00fclkemizin kanaatimce Hasan Ali Y\u00fccel\u2019den sonra yeti\u015ftirdi\u011fi en b\u00fcy\u00fck e\u011fitimcisi ve e\u011fitim uzman\u0131 Prof. Dr. Kemal G\u00fcr\u00fcz, \u00fcniversite ile medreseyi kar\u015f\u0131la\u015ft\u0131ran eseri \u00e7ok ihtiya\u00e7 duyulan bir zamanda yay\u0131mlamaktad\u0131r.A.M.Cel\u00e2l \u015eeng\u00f6rBug\u00fcnk\u00fc T\u00fcrk \u00fcniversitesi yarg\u0131lan\u0131rken bu gibi eserleri rehber olarak okumal\u0131y\u0131z. Bat\u0131 d\u00fcnyas\u0131n\u0131n \u00fcniversitelerinin tarihi geli\u015fimi ve \u00f6rg\u00fctlenmesi mutlak \u00f6nemdeydi ve Kemal G\u00fcr\u00fcz hocan\u0131n bu konuyu \u00e7ok uzun zamand\u0131r inceledi\u011fi a\u00e7\u0131k. Bana g\u00f6re Medrese v. \u00dcniversite kitab\u0131na, Bat\u0131\u2019n\u0131n e\u011fitim tarihi ve akademi d\u00fcnyas\u0131n\u0131 \u00f6\u011frenmek i\u00e7in ba\u015fvurulmal\u0131. Ben bu eserin bilhassa bu konularla ilgili b\u00f6l\u00fcmlerini T\u00fcrk \u00f6\u011frenciler ve akademisyenler i\u00e7in okunmas\u0131 gerekli bir \u00e7al\u0131\u015fma olarak g\u00f6r\u00fcyorum.\u0130lber Ortayl\u0131, H\u00fcrriyetProf. G\u00fcr\u00fcz kitab\u0131nda, Avrupa\u2019da \u00fcniversitenin niye farkl\u0131 bir seyir izledi\u011fini ayr\u0131nt\u0131l\u0131 olarak anlat\u0131yor. Bence kitab\u0131n en de\u011ferli b\u00f6l\u00fcmleri, \u00fcniversitenin tarihsel geli\u015fimini anlatan b\u00f6l\u00fcmleridir.Taha Akyol, Milliyet Kitap\u00d6zellikle Gazali\u2019den itibaren \u0130slam\u2019\u0131n felsefeyi d\u0131\u015flamas\u0131 ama Hristiyanl\u0131\u011f\u0131n felsefeyi tart\u0131\u015fmaya devam etmesi Kemal G\u00fcr\u00fcz\u2019e g\u00f6re medresenin nakille yetinip donmas\u0131na, \u00fcniversitenin ise bug\u00fcnk\u00fc \u00fcniversiteye do\u011fru evrilmesine neden oldu.Kemal G\u00fcr\u00fcz\u2019\u00fcn bu \u00e7ok de\u011ferli kitab\u0131n\u0131 herkese \u00f6neririm.\u0130smet Berkan, H\u00fcrriyet<\/p>\n","protected":false},"excerpt":{"rendered":"<p>Medrese ve \u00fcniversitenin tarihsel geli\u015fimini kar\u015f\u0131la\u015ft\u0131rmal\u0131 olarak inceleyebilmek i\u00e7in, Hristiyanl\u0131k ile \u0130slamiyet\u2019in iyi anla\u015f\u0131lmas\u0131n\u0131n yan\u0131nda, bu d\u00f6nemlerin tarihsel arka plan\u0131n\u0131n da iyi bilinmesi gereklidir. Medrese de<span class=\"excerpt-hellip\"> [\u2026]<\/span><\/p>\n","protected":false},"featured_media":0,"template":"","meta":{"_monsterinsights_skip_tracking":false,"_monsterinsights_sitenote_active":false,"_monsterinsights_sitenote_note":"","_monsterinsights_sitenote_category":0},"product_brand":[],"product_cat":[12370,12304],"product_tag":[],"class_list":{"0":"post-722688","1":"product","2":"type-product","3":"status-publish","5":"product_cat-arastirma-inceleme","6":"product_cat-tarih","7":"pa_cilt-ciltsiz","8":"pa_tur-kitap","9":"pa_yayinevi-inkilap-kitabevi","10":"pa_yazar-kemal-guruz","12":"first","13":"instock","14":"sale","15":"shipping-taxable","16":"purchasable","17":"product-type-simple"},"_links":{"self":[{"href":"https:\/\/roveyayinevi.com.tr\/index.php\/wp-json\/wp\/v2\/product\/722688","targetHints":{"allow":["GET"]}}],"collection":[{"href":"https:\/\/roveyayinevi.com.tr\/index.php\/wp-json\/wp\/v2\/product"}],"about":[{"href":"https:\/\/roveyayinevi.com.tr\/index.php\/wp-json\/wp\/v2\/types\/product"}],"wp:attachment":[{"href":"https:\/\/roveyayinevi.com.tr\/index.php\/wp-json\/wp\/v2\/media?parent=722688"}],"wp:term":[{"taxonomy":"product_brand","embeddable":true,"href":"https:\/\/roveyayinevi.com.tr\/index.php\/wp-json\/wp\/v2\/product_brand?post=722688"},{"taxonomy":"product_cat","embeddable":true,"href":"https:\/\/roveyayinevi.com.tr\/index.php\/wp-json\/wp\/v2\/product_cat?post=722688"},{"taxonomy":"product_tag","embeddable":true,"href":"https:\/\/roveyayinevi.com.tr\/index.php\/wp-json\/wp\/v2\/product_tag?post=722688"}],"curies":[{"name":"wp","href":"https:\/\/api.w.org\/{rel}","templated":true}]}}