{"id":722687,"date":"2025-08-27T19:07:44","date_gmt":"2025-08-27T16:07:44","guid":{"rendered":"https:\/\/roveyayinevi.com.tr\/index.php\/urun\/kuzeyliler-bir-viking-efsanesi\/"},"modified":"2026-04-16T02:30:36","modified_gmt":"2026-04-15T23:30:36","slug":"kuzeyliler-bir-viking-efsanesi","status":"publish","type":"product","link":"https:\/\/roveyayinevi.com.tr\/index.php\/urun\/kuzeyliler-bir-viking-efsanesi\/","title":{"rendered":"Kuzeyliler &#8211; Bir Viking Efsanesi"},"content":{"rendered":"<p>Vikingler Avrupa tarihinde e\u015fi benzeri g\u00f6r\u00fclmemi\u015f bir olguydu ve korkutucu barbar imgelerini on dokuzuncu y\u00fczy\u0131l ulusal romantizm d\u00f6nemine kadar korumu\u015flard\u0131. Zamanla, Vikinglerin her yeri fetheden deniz korsanlar\u0131 \u015feklindeki Orta\u00e7a\u011f imgesi olumlu bir bi\u00e7imde de\u011ferlendirildi.Bu kitap, Vikinglerin sosyal hayatlar\u0131n\u0131 ya da sanatsal ba\u015far\u0131lar\u0131n\u0131 aktarmaktan ziyade Vikingleri tarih\u00f6ncesi Pagan k\u00f6kenlerinden H\u0131ristiyan Avrupal\u0131lara d\u00f6n\u00fc\u015fmelerine dek, daha geni\u015f co\u011frafi ve tarihsel ba\u011flamlar\u0131na konu\u015fland\u0131rmay\u0131 ama\u00e7lar. Bu yakla\u015f\u0131m, Viking \u00c7a\u011f\u0131\u2019n\u0131n farkl\u0131 yerlerde farkl\u0131 zamanlarda ba\u015flad\u0131\u011f\u0131n\u0131 ve sona erdi\u011fini ortaya \u00e7\u0131kar\u0131r.Vikingler yoktan var olmam\u0131\u015flard\u0131r ve uzun bir alacakaranl\u0131k boyunca ya\u015famlar\u0131n\u0131 s\u00fcrd\u00fcrm\u00fc\u015flerdir. D\u00fcnyan\u0131n yarat\u0131l\u0131\u015f\u0131nda Asgard\u2019ta ba\u015flayan ve 15. yy Gr\u00f6nland\u2019\u0131nda bir d\u00fc\u011f\u00fcnde sona eren uzun bir yolculuktur bu.<\/p>\n","protected":false},"excerpt":{"rendered":"<p>Vikingler Avrupa tarihinde e\u015fi benzeri g\u00f6r\u00fclmemi\u015f bir olguydu ve korkutucu barbar imgelerini on dokuzuncu y\u00fczy\u0131l ulusal romantizm d\u00f6nemine kadar korumu\u015flard\u0131. Zamanla, Vikinglerin her yeri fetheden deniz<span class=\"excerpt-hellip\"> [\u2026]<\/span><\/p>\n","protected":false},"featured_media":0,"template":"","meta":{"_monsterinsights_skip_tracking":false,"_monsterinsights_sitenote_active":false,"_monsterinsights_sitenote_note":"","_monsterinsights_sitenote_category":0},"product_brand":[],"product_cat":[12305,12304],"product_tag":[],"class_list":{"0":"post-722687","1":"product","2":"type-product","3":"status-publish","5":"product_cat-dunya-tarihi","6":"product_cat-tarih","7":"pa_cilt-ciltsiz","8":"pa_tur-kitap","9":"pa_yayinevi-inkilap-kitabevi","10":"pa_yazar-john-haywood","12":"first","13":"instock","14":"sale","15":"shipping-taxable","16":"purchasable","17":"product-type-simple"},"_links":{"self":[{"href":"https:\/\/roveyayinevi.com.tr\/index.php\/wp-json\/wp\/v2\/product\/722687","targetHints":{"allow":["GET"]}}],"collection":[{"href":"https:\/\/roveyayinevi.com.tr\/index.php\/wp-json\/wp\/v2\/product"}],"about":[{"href":"https:\/\/roveyayinevi.com.tr\/index.php\/wp-json\/wp\/v2\/types\/product"}],"wp:attachment":[{"href":"https:\/\/roveyayinevi.com.tr\/index.php\/wp-json\/wp\/v2\/media?parent=722687"}],"wp:term":[{"taxonomy":"product_brand","embeddable":true,"href":"https:\/\/roveyayinevi.com.tr\/index.php\/wp-json\/wp\/v2\/product_brand?post=722687"},{"taxonomy":"product_cat","embeddable":true,"href":"https:\/\/roveyayinevi.com.tr\/index.php\/wp-json\/wp\/v2\/product_cat?post=722687"},{"taxonomy":"product_tag","embeddable":true,"href":"https:\/\/roveyayinevi.com.tr\/index.php\/wp-json\/wp\/v2\/product_tag?post=722687"}],"curies":[{"name":"wp","href":"https:\/\/api.w.org\/{rel}","templated":true}]}}