{"id":722686,"date":"2025-08-27T19:07:43","date_gmt":"2025-08-27T16:07:43","guid":{"rendered":"https:\/\/roveyayinevi.com.tr\/index.php\/urun\/zamanda-pisen-yemekler\/"},"modified":"2026-04-16T02:30:36","modified_gmt":"2026-04-15T23:30:36","slug":"zamanda-pisen-yemekler","status":"publish","type":"product","link":"https:\/\/roveyayinevi.com.tr\/index.php\/urun\/zamanda-pisen-yemekler\/","title":{"rendered":"Zamanda Pi\u015fen Yemekler"},"content":{"rendered":"<p>Zamanda Pi\u015fen Yemekler, yaln\u0131zca bir yemek kitab\u0131 de\u011fil. Onu benzerlerinden ay\u0131ran temel fark, \u0130stanbullu orta \u00fcst d\u00fczey bir ailenin ya\u015fam k\u00fclt\u00fcr\u00fcn\u00fc, gelene\u011fini, zevklerini sosyal \u00e7evresiyle birlikte ele al\u0131p anlatmas\u0131d\u0131r.Asl\u0131nda kitap son d\u00f6nemde \u00fcst\u00fc iyice \u00f6rt\u00fclmeye \u00e7al\u0131\u015f\u0131lan bir anlay\u0131\u015f\u0131n, ya\u015fam tarz\u0131n\u0131n ve yeme-i\u00e7me k\u00fclt\u00fcr\u00fcn\u00fcn varl\u0131\u011f\u0131n\u0131 inatla s\u00fcrd\u00fcrme \u00e7abas\u0131d\u0131r.\u00dc\u00e7 ku\u015fak aile gelene\u011fini i\u00e7eren yemek tarifleri Rejans\u2019tan Maksim Gazinosu\u2019na, ya\u015f g\u00fcn\u00fc kutlamas\u0131ndan, ni\u015fan t\u00f6renine, mezuniyetten evlenmeye \u0130stanbul\u2019un o d\u00f6nem ya\u015fayan k\u00fclt\u00fcr\u00fcyle bizi bulu\u015fturuyor. En g\u00f6rkemli d\u00f6neminde \u201cAda K\u00fclt\u00fcr\u00fc\u201d ile kar\u015f\u0131m\u0131za \u00e7\u0131k\u0131yor. Yaz ak\u015famlar\u0131 bizi Ada\u2019yla ve kom\u015fular aras\u0131nda balkondan balkona ula\u015ft\u0131r\u0131lan meze tabaklar\u0131 ve havaya kald\u0131r\u0131lan o ilk kadehle ba\u015f ba\u015fa b\u0131rak\u0131yor.<\/p>\n","protected":false},"excerpt":{"rendered":"<p>Zamanda Pi\u015fen Yemekler, yaln\u0131zca bir yemek kitab\u0131 de\u011fil. Onu benzerlerinden ay\u0131ran temel fark, \u0130stanbullu orta \u00fcst d\u00fczey bir ailenin ya\u015fam k\u00fclt\u00fcr\u00fcn\u00fc, gelene\u011fini, zevklerini sosyal \u00e7evresiyle birlikte<span class=\"excerpt-hellip\"> [\u2026]<\/span><\/p>\n","protected":false},"featured_media":0,"template":"","meta":{"_monsterinsights_skip_tracking":false,"_monsterinsights_sitenote_active":false,"_monsterinsights_sitenote_note":"","_monsterinsights_sitenote_category":0},"product_brand":[],"product_cat":[12458,12457],"product_tag":[],"class_list":{"0":"post-722686","1":"product","2":"type-product","3":"status-publish","5":"product_cat-turk-mutfagi","6":"product_cat-yemek-kitaplari","7":"pa_cilt-ciltsiz","8":"pa_tur-kitap","9":"pa_yayinevi-inkilap-kitabevi","10":"pa_yazar-tijen-aydinel-sirkecioglu","12":"first","13":"instock","14":"sale","15":"shipping-taxable","16":"purchasable","17":"product-type-simple"},"_links":{"self":[{"href":"https:\/\/roveyayinevi.com.tr\/index.php\/wp-json\/wp\/v2\/product\/722686","targetHints":{"allow":["GET"]}}],"collection":[{"href":"https:\/\/roveyayinevi.com.tr\/index.php\/wp-json\/wp\/v2\/product"}],"about":[{"href":"https:\/\/roveyayinevi.com.tr\/index.php\/wp-json\/wp\/v2\/types\/product"}],"wp:attachment":[{"href":"https:\/\/roveyayinevi.com.tr\/index.php\/wp-json\/wp\/v2\/media?parent=722686"}],"wp:term":[{"taxonomy":"product_brand","embeddable":true,"href":"https:\/\/roveyayinevi.com.tr\/index.php\/wp-json\/wp\/v2\/product_brand?post=722686"},{"taxonomy":"product_cat","embeddable":true,"href":"https:\/\/roveyayinevi.com.tr\/index.php\/wp-json\/wp\/v2\/product_cat?post=722686"},{"taxonomy":"product_tag","embeddable":true,"href":"https:\/\/roveyayinevi.com.tr\/index.php\/wp-json\/wp\/v2\/product_tag?post=722686"}],"curies":[{"name":"wp","href":"https:\/\/api.w.org\/{rel}","templated":true}]}}