{"id":722682,"date":"2025-08-27T19:07:41","date_gmt":"2025-08-27T16:07:41","guid":{"rendered":"https:\/\/roveyayinevi.com.tr\/index.php\/urun\/multeci\/"},"modified":"2026-04-16T02:30:36","modified_gmt":"2026-04-15T23:30:36","slug":"multeci","status":"publish","type":"product","link":"https:\/\/roveyayinevi.com.tr\/index.php\/urun\/multeci\/","title":{"rendered":"M\u00fclteci"},"content":{"rendered":"<p>\u201cArkada\u015flar\u0131mdan ve kom\u015fulardan toplad\u0131\u011f\u0131m iki b\u00fcy\u00fck bavul dolusu k\u0131yafet, ba\u011f\u0131\u015f i\u00e7in toplad\u0131\u011f\u0131m bir miktar para ile \u0130stanbul\u2019dan \u00c7e\u015fme\u2019ye, oradan da bir feribotla Sak\u0131z Adas\u0131\u2019na ge\u00e7tim. Amac\u0131m sadece orada olmak ve elimden gelen deste\u011fi verebilmekti, bu yolculu\u011fun beni kimlere ula\u015ft\u0131raca\u011f\u0131n\u0131, hangi k\u00f6pr\u00fcleri kuraca\u011f\u0131n\u0131 bilmeden&#8230;\u201d Bu tarihten sonra Sak\u0131z Adas\u0131\u2019nda m\u00fcltecilere yard\u0131m eli uzatan bir sivil toplum \u00f6rg\u00fct\u00fcnde g\u00f6n\u00fcll\u00fc olarak \u00e7al\u0131\u015fmaya ba\u015flad\u0131 Rakel Sezer. T\u00fcm bu s\u00fcre\u00e7te tan\u0131k olduklar\u0131, televizyonlarda ve gazetelerde g\u00f6rd\u00fcklerimize hi\u00e7 benzemiyordu&#8230; Rakel Sezer, bir\u00e7o\u011fu hayat\u0131n\u0131 tehlikeye atarak Yunanistan adalar\u0131na, Avrupa\u2019n\u0131n kap\u0131s\u0131na s\u0131\u011f\u0131nm\u0131\u015f m\u00fcltecileri birer say\u0131 olmaktan \u00e7\u0131kar\u0131yor. Hi\u00e7 olmad\u0131\u011f\u0131 kadar i\u00e7eriden ve son derece canl\u0131 hik\u00e2yeler bunlar. Kendinizi yazar\u0131n hayat\u0131na de\u011fdi\u011fi ve onun hayat\u0131na de\u011fen herkesle tek tek tan\u0131\u015fm\u0131\u015f; ya\u015fad\u0131klar\u0131 zorluklara, umut ve mutluluk anlar\u0131na, \u00f6zlemlerine ve hayal k\u0131r\u0131kl\u0131klar\u0131na tan\u0131k olmu\u015f gibi hissedeceksiniz.<\/p>\n","protected":false},"excerpt":{"rendered":"<p>\u201cArkada\u015flar\u0131mdan ve kom\u015fulardan toplad\u0131\u011f\u0131m iki b\u00fcy\u00fck bavul dolusu k\u0131yafet, ba\u011f\u0131\u015f i\u00e7in toplad\u0131\u011f\u0131m bir miktar para ile \u0130stanbul\u2019dan \u00c7e\u015fme\u2019ye, oradan da bir feribotla Sak\u0131z Adas\u0131\u2019na ge\u00e7tim. Amac\u0131m<span class=\"excerpt-hellip\"> [\u2026]<\/span><\/p>\n","protected":false},"featured_media":0,"template":"","meta":{"_monsterinsights_skip_tracking":false,"_monsterinsights_sitenote_active":false,"_monsterinsights_sitenote_note":"","_monsterinsights_sitenote_category":0},"product_brand":[],"product_cat":[12325,12324],"product_tag":[],"class_list":{"0":"post-722682","1":"product","2":"type-product","3":"status-publish","5":"product_cat-diger-sosyoloji","6":"product_cat-sosyoloji","7":"pa_cilt-ciltsiz","8":"pa_tur-kitap","9":"pa_yayinevi-kara-karga-yayinlari","10":"pa_yazar-rakel-sezer","12":"first","13":"instock","14":"sale","15":"shipping-taxable","16":"purchasable","17":"product-type-simple"},"_links":{"self":[{"href":"https:\/\/roveyayinevi.com.tr\/index.php\/wp-json\/wp\/v2\/product\/722682","targetHints":{"allow":["GET"]}}],"collection":[{"href":"https:\/\/roveyayinevi.com.tr\/index.php\/wp-json\/wp\/v2\/product"}],"about":[{"href":"https:\/\/roveyayinevi.com.tr\/index.php\/wp-json\/wp\/v2\/types\/product"}],"wp:attachment":[{"href":"https:\/\/roveyayinevi.com.tr\/index.php\/wp-json\/wp\/v2\/media?parent=722682"}],"wp:term":[{"taxonomy":"product_brand","embeddable":true,"href":"https:\/\/roveyayinevi.com.tr\/index.php\/wp-json\/wp\/v2\/product_brand?post=722682"},{"taxonomy":"product_cat","embeddable":true,"href":"https:\/\/roveyayinevi.com.tr\/index.php\/wp-json\/wp\/v2\/product_cat?post=722682"},{"taxonomy":"product_tag","embeddable":true,"href":"https:\/\/roveyayinevi.com.tr\/index.php\/wp-json\/wp\/v2\/product_tag?post=722682"}],"curies":[{"name":"wp","href":"https:\/\/api.w.org\/{rel}","templated":true}]}}