{"id":722681,"date":"2025-08-27T19:07:40","date_gmt":"2025-08-27T16:07:40","guid":{"rendered":"https:\/\/roveyayinevi.com.tr\/index.php\/urun\/oyle-gecer-ki-zaman\/"},"modified":"2026-04-16T02:30:36","modified_gmt":"2026-04-15T23:30:36","slug":"oyle-gecer-ki-zaman","status":"publish","type":"product","link":"https:\/\/roveyayinevi.com.tr\/index.php\/urun\/oyle-gecer-ki-zaman\/","title":{"rendered":"\u00d6yle Ge\u00e7er ki Zaman"},"content":{"rendered":"<p>\u00d6yle Ge\u00e7er ki Zaman, Teoman Dural\u0131\u2019n\u0131n, bug\u00fcne dek gezip g\u00f6rd\u00fc\u011f\u00fc yerler, okuyup ara\u015ft\u0131rd\u0131\u011f\u0131 konular \u00fczerinden bir hakikat aray\u0131c\u0131s\u0131n\u0131n izlerini s\u00fcr\u00fcyor. An\u0131lar\u0131ndaki capcanl\u0131 ayr\u0131nt\u0131lar, sarih ve berrak bir zihin \u00f6rne\u011fi sergiliyor.Zonguldak\u2019ta ge\u00e7en \u00e7ocukluk y\u0131llar\u0131ndan day\u0131s\u0131 ile ettikleri muhabbetlere, hi\u00e7bir zaman sevemedi\u011fi okul y\u0131llar\u0131ndan dile olan merak\u0131na, Norve\u00e7\u2019te kaptanl\u0131k hayalinden Kapal\u0131\u00e7ar\u015f\u0131\u2019da ge\u00e7en \u00e7al\u0131\u015fma fasl\u0131na kadar bir\u00e7ok hik\u00e2ye ve olay&#8230;Dural\u0131\u2019n\u0131n kendine \u00f6zg\u00fc \u00fcslubuyla T\u00fcrk siyasetine damgas\u0131n\u0131 vurmu\u015f siyaset\u00e7ilerle ilgili tespitler ve akademik ortama dair de\u011finiler&#8230;Teoman Dural\u0131 Kitab\u0131 okuyucusunu, bir filozofun yerel ve evrensel d\u00fcnyan\u0131n k\u00fclt\u00fcr atlas\u0131ndaki devri\u00e2lemine ortak ediyor.<\/p>\n","protected":false},"excerpt":{"rendered":"<p>\u00d6yle Ge\u00e7er ki Zaman, Teoman Dural\u0131\u2019n\u0131n, bug\u00fcne dek gezip g\u00f6rd\u00fc\u011f\u00fc yerler, okuyup ara\u015ft\u0131rd\u0131\u011f\u0131 konular \u00fczerinden bir hakikat aray\u0131c\u0131s\u0131n\u0131n izlerini s\u00fcr\u00fcyor. An\u0131lar\u0131ndaki capcanl\u0131 ayr\u0131nt\u0131lar, sarih ve berrak<span class=\"excerpt-hellip\"> [\u2026]<\/span><\/p>\n","protected":false},"featured_media":0,"template":"","meta":{"_monsterinsights_skip_tracking":false,"_monsterinsights_sitenote_active":false,"_monsterinsights_sitenote_note":"","_monsterinsights_sitenote_category":0},"product_brand":[],"product_cat":[12291,30969],"product_tag":[],"class_list":{"0":"post-722681","1":"product","2":"type-product","3":"status-publish","5":"product_cat-edebiyat","6":"product_cat-soylesi-edebiyat","7":"pa_cilt-ciltsiz","8":"pa_tur-kitap","9":"pa_yayinevi-turkuvaz-kitap","10":"pa_yazar-teoman-durali","12":"first","13":"instock","14":"sale","15":"shipping-taxable","16":"purchasable","17":"product-type-simple"},"_links":{"self":[{"href":"https:\/\/roveyayinevi.com.tr\/index.php\/wp-json\/wp\/v2\/product\/722681","targetHints":{"allow":["GET"]}}],"collection":[{"href":"https:\/\/roveyayinevi.com.tr\/index.php\/wp-json\/wp\/v2\/product"}],"about":[{"href":"https:\/\/roveyayinevi.com.tr\/index.php\/wp-json\/wp\/v2\/types\/product"}],"wp:attachment":[{"href":"https:\/\/roveyayinevi.com.tr\/index.php\/wp-json\/wp\/v2\/media?parent=722681"}],"wp:term":[{"taxonomy":"product_brand","embeddable":true,"href":"https:\/\/roveyayinevi.com.tr\/index.php\/wp-json\/wp\/v2\/product_brand?post=722681"},{"taxonomy":"product_cat","embeddable":true,"href":"https:\/\/roveyayinevi.com.tr\/index.php\/wp-json\/wp\/v2\/product_cat?post=722681"},{"taxonomy":"product_tag","embeddable":true,"href":"https:\/\/roveyayinevi.com.tr\/index.php\/wp-json\/wp\/v2\/product_tag?post=722681"}],"curies":[{"name":"wp","href":"https:\/\/api.w.org\/{rel}","templated":true}]}}