{"id":722678,"date":"2025-08-27T19:07:38","date_gmt":"2025-08-27T16:07:38","guid":{"rendered":"https:\/\/roveyayinevi.com.tr\/index.php\/urun\/asina\/"},"modified":"2026-04-16T02:30:36","modified_gmt":"2026-04-15T23:30:36","slug":"asina","status":"publish","type":"product","link":"https:\/\/roveyayinevi.com.tr\/index.php\/urun\/asina\/","title":{"rendered":"A\u015fina"},"content":{"rendered":"<p>\u201cBiz ezelden a\u015finay\u0131z birbirimize\u2026Nas\u0131l olur da tan\u0131\u015f olmay\u0131zG\u00f6n\u00fcl penceresinden bakan sevdi\u011fimize!\u201dSiz hi\u00e7 a\u015fk\u0131n g\u00f6z\u00fcne bakt\u0131n\u0131z m\u0131?Kalabal\u0131k bir yolda bir arkada\u015f\u0131mla y\u00fcr\u00fcyordum.Birden kar\u015f\u0131dan gelen herkes ona selam vermeye ba\u015flad\u0131.\u201cBu nas\u0131l bir i\u015f? Bu kadar insan onu tan\u0131yamaz ki!\u201d diye d\u00fc\u015f\u00fcnd\u00fcm.\u0130\u015fte bu kitap bu merakla ba\u015flad\u0131.Sonunda ben de a\u015fk\u0131n g\u00f6z\u00fcne bakt\u0131m ve A\u015e\u0130NA oldum.<\/p>\n","protected":false},"excerpt":{"rendered":"<p>\u201cBiz ezelden a\u015finay\u0131z birbirimize\u2026Nas\u0131l olur da tan\u0131\u015f olmay\u0131zG\u00f6n\u00fcl penceresinden bakan sevdi\u011fimize!\u201dSiz hi\u00e7 a\u015fk\u0131n g\u00f6z\u00fcne bakt\u0131n\u0131z m\u0131?Kalabal\u0131k bir yolda bir arkada\u015f\u0131mla y\u00fcr\u00fcyordum.Birden kar\u015f\u0131dan gelen herkes ona selam<span class=\"excerpt-hellip\"> [\u2026]<\/span><\/p>\n","protected":false},"featured_media":0,"template":"","meta":{"_monsterinsights_skip_tracking":false,"_monsterinsights_sitenote_active":false,"_monsterinsights_sitenote_note":"","_monsterinsights_sitenote_category":0},"product_brand":[],"product_cat":[12718,12719,12720],"product_tag":[],"class_list":{"0":"post-722678","1":"product","2":"type-product","3":"status-publish","5":"product_cat-din","6":"product_cat-islam","7":"product_cat-tasavvuf-mezhepler-tarikatlar","8":"pa_cilt-ciltsiz","9":"pa_tur-kitap","10":"pa_yayinevi-nefes-yayincilik","11":"pa_yazar-faruk-dilaver","13":"first","14":"instock","15":"sale","16":"shipping-taxable","17":"purchasable","18":"product-type-simple"},"_links":{"self":[{"href":"https:\/\/roveyayinevi.com.tr\/index.php\/wp-json\/wp\/v2\/product\/722678","targetHints":{"allow":["GET"]}}],"collection":[{"href":"https:\/\/roveyayinevi.com.tr\/index.php\/wp-json\/wp\/v2\/product"}],"about":[{"href":"https:\/\/roveyayinevi.com.tr\/index.php\/wp-json\/wp\/v2\/types\/product"}],"wp:attachment":[{"href":"https:\/\/roveyayinevi.com.tr\/index.php\/wp-json\/wp\/v2\/media?parent=722678"}],"wp:term":[{"taxonomy":"product_brand","embeddable":true,"href":"https:\/\/roveyayinevi.com.tr\/index.php\/wp-json\/wp\/v2\/product_brand?post=722678"},{"taxonomy":"product_cat","embeddable":true,"href":"https:\/\/roveyayinevi.com.tr\/index.php\/wp-json\/wp\/v2\/product_cat?post=722678"},{"taxonomy":"product_tag","embeddable":true,"href":"https:\/\/roveyayinevi.com.tr\/index.php\/wp-json\/wp\/v2\/product_tag?post=722678"}],"curies":[{"name":"wp","href":"https:\/\/api.w.org\/{rel}","templated":true}]}}