{"id":722676,"date":"2025-08-27T19:07:37","date_gmt":"2025-08-27T16:07:37","guid":{"rendered":"https:\/\/roveyayinevi.com.tr\/index.php\/urun\/arkeolojiyle-gecen-yarim-asir-sevil-gulcur-armagani-ciltli\/"},"modified":"2026-04-16T02:30:36","modified_gmt":"2026-04-15T23:30:36","slug":"arkeolojiyle-gecen-yarim-asir-sevil-gulcur-armagani-ciltli","status":"publish","type":"product","link":"https:\/\/roveyayinevi.com.tr\/index.php\/urun\/arkeolojiyle-gecen-yarim-asir-sevil-gulcur-armagani-ciltli\/","title":{"rendered":"Arkeolojiyle Ge\u00e7en Yar\u0131m As\u0131r : Sevil G\u00fcl\u00e7ur Arma\u011fan\u0131 (Ciltli)"},"content":{"rendered":"<p>Arkeolojiyle Ge\u00e7en Yar\u0131m As\u0131r : Sevil G\u00fcl\u00e7ur Arma\u011fan\u0131<\/p>\n","protected":false},"excerpt":{"rendered":"<p>Arkeolojiyle Ge\u00e7en Yar\u0131m As\u0131r : Sevil G\u00fcl\u00e7ur Arma\u011fan\u0131<\/p>\n","protected":false},"featured_media":0,"template":"","meta":{"_monsterinsights_skip_tracking":false,"_monsterinsights_sitenote_active":false,"_monsterinsights_sitenote_note":"","_monsterinsights_sitenote_category":0},"product_brand":[],"product_cat":[52477,52478],"product_tag":[],"class_list":{"0":"post-722676","1":"product","2":"type-product","3":"status-publish","5":"product_cat-arastirma","6":"product_cat-arkeoloji","7":"pa_cilt-ciltli","8":"pa_tur-kitap","9":"pa_yayinevi-bilgin-kultur-sanat","10":"pa_yazar-kolektif","12":"first","13":"instock","14":"sale","15":"shipping-taxable","16":"purchasable","17":"product-type-simple"},"_links":{"self":[{"href":"https:\/\/roveyayinevi.com.tr\/index.php\/wp-json\/wp\/v2\/product\/722676","targetHints":{"allow":["GET"]}}],"collection":[{"href":"https:\/\/roveyayinevi.com.tr\/index.php\/wp-json\/wp\/v2\/product"}],"about":[{"href":"https:\/\/roveyayinevi.com.tr\/index.php\/wp-json\/wp\/v2\/types\/product"}],"wp:attachment":[{"href":"https:\/\/roveyayinevi.com.tr\/index.php\/wp-json\/wp\/v2\/media?parent=722676"}],"wp:term":[{"taxonomy":"product_brand","embeddable":true,"href":"https:\/\/roveyayinevi.com.tr\/index.php\/wp-json\/wp\/v2\/product_brand?post=722676"},{"taxonomy":"product_cat","embeddable":true,"href":"https:\/\/roveyayinevi.com.tr\/index.php\/wp-json\/wp\/v2\/product_cat?post=722676"},{"taxonomy":"product_tag","embeddable":true,"href":"https:\/\/roveyayinevi.com.tr\/index.php\/wp-json\/wp\/v2\/product_tag?post=722676"}],"curies":[{"name":"wp","href":"https:\/\/api.w.org\/{rel}","templated":true}]}}