{"id":722673,"date":"2025-08-27T19:07:35","date_gmt":"2025-08-27T16:07:35","guid":{"rendered":"https:\/\/roveyayinevi.com.tr\/index.php\/urun\/karazdan-buyuk-iskendere-erzurum-ovasinda-yeni-bir-kesif\/"},"modified":"2026-04-16T02:30:36","modified_gmt":"2026-04-15T23:30:36","slug":"karazdan-buyuk-iskendere-erzurum-ovasinda-yeni-bir-kesif","status":"publish","type":"product","link":"https:\/\/roveyayinevi.com.tr\/index.php\/urun\/karazdan-buyuk-iskendere-erzurum-ovasinda-yeni-bir-kesif\/","title":{"rendered":"Karaz&#8217;dan B\u00fcy\u00fck \u0130skender&#8217;e Erzurum Ovas\u0131&#8217;nda Yeni Bir Ke\u015fif"},"content":{"rendered":"<p>&#8220;\u0130nsana, i\u015f sa\u011fl\u0131\u011f\u0131 ve g\u00fcvenli\u011fine, \u00e7evreye, sosyal de\u011ferlere, k\u00fclt\u00fcrel mirasa ve tarihe sayg\u0131&#8221;  ilkesiyle hareket eden Tanap, yap\u0131lan y\u00fczey ara\u015ft\u0131rmalar\u0131 ve kar\u015f\u0131la\u015f\u0131lan bulgularla bug\u00fcne dek bilinmeyen \u00e7ok say\u0131da arkeolojik sahan\u0131n tespit edilerek koruma alt\u0131na al\u0131nmas\u0131n\u0131 sa\u011flam\u0131\u015ft\u0131r.<\/p>\n","protected":false},"excerpt":{"rendered":"<p>&#8220;\u0130nsana, i\u015f sa\u011fl\u0131\u011f\u0131 ve g\u00fcvenli\u011fine, \u00e7evreye, sosyal de\u011ferlere, k\u00fclt\u00fcrel mirasa ve tarihe sayg\u0131&#8221; ilkesiyle hareket eden Tanap, yap\u0131lan y\u00fczey ara\u015ft\u0131rmalar\u0131 ve kar\u015f\u0131la\u015f\u0131lan bulgularla bug\u00fcne dek bilinmeyen<span class=\"excerpt-hellip\"> [\u2026]<\/span><\/p>\n","protected":false},"featured_media":0,"template":"","meta":{"_monsterinsights_skip_tracking":false,"_monsterinsights_sitenote_active":false,"_monsterinsights_sitenote_note":"","_monsterinsights_sitenote_category":0},"product_brand":[],"product_cat":[52477,52478],"product_tag":[],"class_list":{"0":"post-722673","1":"product","2":"type-product","3":"status-publish","5":"product_cat-arastirma","6":"product_cat-arkeoloji","7":"pa_cilt-ciltli","8":"pa_tur-kitap","9":"pa_yayinevi-bilgin-kultur-sanat","10":"pa_yazar-kolektif","12":"first","13":"instock","14":"sale","15":"shipping-taxable","16":"purchasable","17":"product-type-simple"},"_links":{"self":[{"href":"https:\/\/roveyayinevi.com.tr\/index.php\/wp-json\/wp\/v2\/product\/722673","targetHints":{"allow":["GET"]}}],"collection":[{"href":"https:\/\/roveyayinevi.com.tr\/index.php\/wp-json\/wp\/v2\/product"}],"about":[{"href":"https:\/\/roveyayinevi.com.tr\/index.php\/wp-json\/wp\/v2\/types\/product"}],"wp:attachment":[{"href":"https:\/\/roveyayinevi.com.tr\/index.php\/wp-json\/wp\/v2\/media?parent=722673"}],"wp:term":[{"taxonomy":"product_brand","embeddable":true,"href":"https:\/\/roveyayinevi.com.tr\/index.php\/wp-json\/wp\/v2\/product_brand?post=722673"},{"taxonomy":"product_cat","embeddable":true,"href":"https:\/\/roveyayinevi.com.tr\/index.php\/wp-json\/wp\/v2\/product_cat?post=722673"},{"taxonomy":"product_tag","embeddable":true,"href":"https:\/\/roveyayinevi.com.tr\/index.php\/wp-json\/wp\/v2\/product_tag?post=722673"}],"curies":[{"name":"wp","href":"https:\/\/api.w.org\/{rel}","templated":true}]}}