{"id":722672,"date":"2025-08-27T19:07:34","date_gmt":"2025-08-27T16:07:34","guid":{"rendered":"https:\/\/roveyayinevi.com.tr\/index.php\/urun\/dede-korkut-ile-degerler-egitimi-5-kitap\/"},"modified":"2026-04-16T02:30:36","modified_gmt":"2026-04-15T23:30:36","slug":"dede-korkut-ile-degerler-egitimi-5-kitap","status":"publish","type":"product","link":"https:\/\/roveyayinevi.com.tr\/index.php\/urun\/dede-korkut-ile-degerler-egitimi-5-kitap\/","title":{"rendered":"Dede Korkut \u0130le De\u011ferler E\u011fitimi (5 Kitap)"},"content":{"rendered":"<p>Merhaba! Maceray\u0131 sever misin? Hi\u00e7 s\u0131k\u0131lmadan kitap okumak ister misin? Bu iki soruya cevab\u0131n \u2018evet\u2019 ise serinin birbirinden  harika be\u015f kitab\u0131yla nefes kesen maceralara ba\u015flayabiliriz! Bams\u0131 Beyrek ile Devler \u00dclkesi\u2019ne yolculu\u011fa \u00e7\u0131kacak, Sihirli bir g\u00fc\u00e7 y\u00fcz\u00fc\u011f\u00fc olan Tepeg\u00f6z ile amans\u0131z bir sava\u015fa giri\u015fecek, Banu \u00c7i\u00e7ek ile Periler Diyar\u0131\u2019nda maceradan maceraya at\u0131lacak, Kazan Bey\u2019in Kay\u0131p Hazinesi\u2019nin pe\u015fine d\u00fc\u015fecek ve Bo\u011fa\u00e7 Han\u2019\u0131n Me\u00e7hul Misafiri\u2019nin s\u0131rr\u0131n\u0131 \u00e7\u00f6zeceksin. Maceraya haz\u0131rsan hemen sayfalar\u0131 aralamal\u0131s\u0131n! &#8212;&#8212;&#8212;&#8212;&#8211;   Meb m\u00fcfredat\u0131n\u0131n \u201cTemel Beceri ve Yeterlilikler\u201d kapsam\u0131nda yer alan, \u201c\u00d6z Fark\u0131ndal\u0131k\u201d ve \u201cTemel Hayat Becerileri\u201d, \u201cKarar Verme ve Ele\u015ftirel D\u00fc\u015f\u00fcnme\u201d, \u201cSorunlarla Ba\u015fa \u00c7\u0131kma, Kendini \u0130dare ve Kontrol Etme\u201d ve \u201cYenilik\u00e7ilik\u201d maddelerine; \u201c\u00d6\u011fretim Programlar\u0131nda Temel Konular\u201d maddesindeki \u201cDe\u011ferler E\u011fitimi\u201d prensiplerine uygundur.<\/p>\n","protected":false},"excerpt":{"rendered":"<p>Merhaba! Maceray\u0131 sever misin? Hi\u00e7 s\u0131k\u0131lmadan kitap okumak ister misin? Bu iki soruya cevab\u0131n \u2018evet\u2019 ise serinin birbirinden harika be\u015f kitab\u0131yla nefes kesen maceralara ba\u015flayabiliriz! Bams\u0131<span class=\"excerpt-hellip\"> [\u2026]<\/span><\/p>\n","protected":false},"featured_media":0,"template":"","meta":{"_monsterinsights_skip_tracking":false,"_monsterinsights_sitenote_active":false,"_monsterinsights_sitenote_note":"","_monsterinsights_sitenote_category":0},"product_brand":[],"product_cat":[12274,12284],"product_tag":[],"class_list":{"0":"post-722672","1":"product","2":"type-product","3":"status-publish","5":"product_cat-cocuk-ve-genclik-kitaplari","6":"product_cat-hikayeler","7":"pa_cilt-ciltsiz","8":"pa_tur-kitap","9":"pa_yayinevi-yeditepe-yayinevi","10":"pa_yazar-ufuk-tufan","12":"first","13":"instock","14":"sale","15":"shipping-taxable","16":"purchasable","17":"product-type-simple"},"_links":{"self":[{"href":"https:\/\/roveyayinevi.com.tr\/index.php\/wp-json\/wp\/v2\/product\/722672","targetHints":{"allow":["GET"]}}],"collection":[{"href":"https:\/\/roveyayinevi.com.tr\/index.php\/wp-json\/wp\/v2\/product"}],"about":[{"href":"https:\/\/roveyayinevi.com.tr\/index.php\/wp-json\/wp\/v2\/types\/product"}],"wp:attachment":[{"href":"https:\/\/roveyayinevi.com.tr\/index.php\/wp-json\/wp\/v2\/media?parent=722672"}],"wp:term":[{"taxonomy":"product_brand","embeddable":true,"href":"https:\/\/roveyayinevi.com.tr\/index.php\/wp-json\/wp\/v2\/product_brand?post=722672"},{"taxonomy":"product_cat","embeddable":true,"href":"https:\/\/roveyayinevi.com.tr\/index.php\/wp-json\/wp\/v2\/product_cat?post=722672"},{"taxonomy":"product_tag","embeddable":true,"href":"https:\/\/roveyayinevi.com.tr\/index.php\/wp-json\/wp\/v2\/product_tag?post=722672"}],"curies":[{"name":"wp","href":"https:\/\/api.w.org\/{rel}","templated":true}]}}