{"id":722669,"date":"2025-08-27T19:07:32","date_gmt":"2025-08-27T16:07:32","guid":{"rendered":"https:\/\/roveyayinevi.com.tr\/index.php\/urun\/bibanin-gunlugu-kucuk-itfaiyeciler-maceraci-yuzgecler-ciltli\/"},"modified":"2026-04-16T02:30:35","modified_gmt":"2026-04-15T23:30:35","slug":"bibanin-gunlugu-kucuk-itfaiyeciler-maceraci-yuzgecler-ciltli","status":"publish","type":"product","link":"https:\/\/roveyayinevi.com.tr\/index.php\/urun\/bibanin-gunlugu-kucuk-itfaiyeciler-maceraci-yuzgecler-ciltli\/","title":{"rendered":"Biba&#8217;n\u0131n G\u00fcnl\u00fc\u011f\u00fc K\u00fc\u00e7\u00fck \u0130tfaiyeciler &#8211; Macerac\u0131 Y\u00fczge\u00e7ler (Ciltli)"},"content":{"rendered":"<p>Biba&#8217;n\u0131n G\u00fcnl\u00fc\u011f\u00fc K\u00fc\u00e7\u00fck \u0130tfaiyeciler-Macerac\u0131 Y\u00fczge\u00e7ler<\/p>\n","protected":false},"excerpt":{"rendered":"<p>Biba&#8217;n\u0131n G\u00fcnl\u00fc\u011f\u00fc K\u00fc\u00e7\u00fck \u0130tfaiyeciler-Macerac\u0131 Y\u00fczge\u00e7ler<\/p>\n","protected":false},"featured_media":0,"template":"","meta":{"_monsterinsights_skip_tracking":false,"_monsterinsights_sitenote_active":false,"_monsterinsights_sitenote_note":"","_monsterinsights_sitenote_category":0},"product_brand":[],"product_cat":[12274,12518],"product_tag":[],"class_list":{"0":"post-722669","1":"product","2":"type-product","3":"status-publish","5":"product_cat-cocuk-ve-genclik-kitaplari","6":"product_cat-okul-oncesi-kitaplar","7":"pa_cilt-ciltli","8":"pa_tur-kitap","9":"pa_yayinevi-turkuvaz-kitap","10":"pa_yazar-arzu-demirel-birinci","12":"first","13":"instock","14":"sale","15":"shipping-taxable","16":"purchasable","17":"product-type-simple"},"_links":{"self":[{"href":"https:\/\/roveyayinevi.com.tr\/index.php\/wp-json\/wp\/v2\/product\/722669","targetHints":{"allow":["GET"]}}],"collection":[{"href":"https:\/\/roveyayinevi.com.tr\/index.php\/wp-json\/wp\/v2\/product"}],"about":[{"href":"https:\/\/roveyayinevi.com.tr\/index.php\/wp-json\/wp\/v2\/types\/product"}],"wp:attachment":[{"href":"https:\/\/roveyayinevi.com.tr\/index.php\/wp-json\/wp\/v2\/media?parent=722669"}],"wp:term":[{"taxonomy":"product_brand","embeddable":true,"href":"https:\/\/roveyayinevi.com.tr\/index.php\/wp-json\/wp\/v2\/product_brand?post=722669"},{"taxonomy":"product_cat","embeddable":true,"href":"https:\/\/roveyayinevi.com.tr\/index.php\/wp-json\/wp\/v2\/product_cat?post=722669"},{"taxonomy":"product_tag","embeddable":true,"href":"https:\/\/roveyayinevi.com.tr\/index.php\/wp-json\/wp\/v2\/product_tag?post=722669"}],"curies":[{"name":"wp","href":"https:\/\/api.w.org\/{rel}","templated":true}]}}