{"id":722668,"date":"2025-08-27T19:07:31","date_gmt":"2025-08-27T16:07:31","guid":{"rendered":"https:\/\/roveyayinevi.com.tr\/index.php\/urun\/jezebel-melek-i-tavus\/"},"modified":"2026-04-16T02:30:35","modified_gmt":"2026-04-15T23:30:35","slug":"jezebel-melek-i-tavus","status":"publish","type":"product","link":"https:\/\/roveyayinevi.com.tr\/index.php\/urun\/jezebel-melek-i-tavus\/","title":{"rendered":"Jezebel Melek-i Tavus"},"content":{"rendered":"<p>D\u00f6vmeci \u00e7ocuk \u201cBen bir Ez\u00eed\u00eeyim,\u201d diye ba\u015flad\u0131 anlatmaya. G\u00f6zlerindeki h\u00fcz\u00fcnden anlatacaklar\u0131n\u0131n onlar\u0131 nas\u0131l yaralayaca\u011f\u0131 belli oluyordu. \u201cBir harfin, bir dini ya\u015fayan insanlar\u0131 ne denli peri\u015fan etti\u011fini hayal edemezsiniz. Bir \u2018Y\u2019 harfinin neler yapabilece\u011finden haberleri yok insanlar\u0131n.\u201d   Billur Erg\u00fcn\u2019\u00fcn okuyucular\u0131 \u00e7\u0131kard\u0131\u011f\u0131 mitoloji ve teoloji yolculu\u011fu, Marduk ve Apollon\u2019dan sonra, \u00fc\u00e7lemenin sonuncu kitab\u0131 Jezebel &amp; Melek-i T\u00e2vus ile devam ediyor. Irak\u2019ta ba\u015flay\u0131p Mardin\u2019de biten bu macera ile Billur Erg\u00fcn, bizi bilginin b\u00fcy\u00fcl\u00fc d\u00fcnyas\u0131na g\u00f6t\u00fcr\u00fcyor ve bize teolojinin tarihle birle\u015fti\u011fi bir anlat\u0131m vadediyor. <\/p>\n","protected":false},"excerpt":{"rendered":"<p>D\u00f6vmeci \u00e7ocuk \u201cBen bir Ez\u00eed\u00eeyim,\u201d diye ba\u015flad\u0131 anlatmaya. G\u00f6zlerindeki h\u00fcz\u00fcnden anlatacaklar\u0131n\u0131n onlar\u0131 nas\u0131l yaralayaca\u011f\u0131 belli oluyordu. \u201cBir harfin, bir dini ya\u015fayan insanlar\u0131 ne denli peri\u015fan etti\u011fini<span class=\"excerpt-hellip\"> [\u2026]<\/span><\/p>\n","protected":false},"featured_media":0,"template":"","meta":{"_monsterinsights_skip_tracking":false,"_monsterinsights_sitenote_active":false,"_monsterinsights_sitenote_note":"","_monsterinsights_sitenote_category":0},"product_brand":[],"product_cat":[12291,12711],"product_tag":[],"class_list":{"0":"post-722668","1":"product","2":"type-product","3":"status-publish","5":"product_cat-edebiyat","6":"product_cat-roman-oyku","7":"pa_cilt-ciltsiz","8":"pa_tur-kitap","9":"pa_yayinevi-luna-yayinlari","10":"pa_yazar-billur-ergun","12":"first","13":"instock","14":"sale","15":"shipping-taxable","16":"purchasable","17":"product-type-simple"},"_links":{"self":[{"href":"https:\/\/roveyayinevi.com.tr\/index.php\/wp-json\/wp\/v2\/product\/722668","targetHints":{"allow":["GET"]}}],"collection":[{"href":"https:\/\/roveyayinevi.com.tr\/index.php\/wp-json\/wp\/v2\/product"}],"about":[{"href":"https:\/\/roveyayinevi.com.tr\/index.php\/wp-json\/wp\/v2\/types\/product"}],"wp:attachment":[{"href":"https:\/\/roveyayinevi.com.tr\/index.php\/wp-json\/wp\/v2\/media?parent=722668"}],"wp:term":[{"taxonomy":"product_brand","embeddable":true,"href":"https:\/\/roveyayinevi.com.tr\/index.php\/wp-json\/wp\/v2\/product_brand?post=722668"},{"taxonomy":"product_cat","embeddable":true,"href":"https:\/\/roveyayinevi.com.tr\/index.php\/wp-json\/wp\/v2\/product_cat?post=722668"},{"taxonomy":"product_tag","embeddable":true,"href":"https:\/\/roveyayinevi.com.tr\/index.php\/wp-json\/wp\/v2\/product_tag?post=722668"}],"curies":[{"name":"wp","href":"https:\/\/api.w.org\/{rel}","templated":true}]}}